{"id":60491,"date":"2020-10-28T08:59:41","date_gmt":"2020-10-28T07:59:41","guid":{"rendered":"https:\/\/hypharm.fr\/?page_id=60491"},"modified":"2025-12-16T11:09:06","modified_gmt":"2025-12-16T10:09:06","slug":"installations","status":"publish","type":"page","link":"https:\/\/hypharm.fr\/en\/installations\/","title":{"rendered":"Our installations"},"content":{"rendered":"<p>[et_pb_section fb_built=&#8221;1&#8243; next_background_color=&#8221;#64a198&#8243; _builder_version=&#8221;4.16&#8243; background_color=&#8221;rgba(0,0,0,0.46)&#8221; background_image=&#8221;https:\/\/hypharm.fr\/wp-content\/uploads\/2020\/06\/header-implantations-hypharm-invert.jpg&#8221; background_blend=&#8221;overlay&#8221; custom_padding=&#8221;100px|0%|200px|0%|false|true&#8221; custom_padding_tablet=&#8221;|0px||0px|false|true&#8221; custom_padding_phone=&#8221;|0px|150px|0px|false|true&#8221; bottom_divider_style=&#8221;mountains&#8221; global_colors_info=&#8221;{}&#8221;][et_pb_row custom_padding_last_edited=&#8221;on|tablet&#8221; module_class=&#8221; et_pb_row_fullwidth&#8221; _builder_version=&#8221;4.16&#8243; custom_padding=&#8221;|5%|0px|5%|false|true&#8221; custom_padding_tablet=&#8221;|7%||7%|false|true&#8221; custom_padding_phone=&#8221;&#8221; make_fullwidth=&#8221;on&#8221; global_colors_info=&#8221;{}&#8221;][et_pb_column type=&#8221;4_4&#8243; _builder_version=&#8221;4.16&#8243; custom_padding=&#8221;|||&#8221; global_colors_info=&#8221;{}&#8221; custom_padding__hover=&#8221;|||&#8221;][et_pb_text _builder_version=&#8221;4.27.4&#8243; text_font=&#8221;||||||||&#8221; header_font=&#8221;||||||||&#8221; header_text_align=&#8221;left&#8221; header_text_color=&#8221;#ffffff&#8221; header_font_size=&#8221;60px&#8221; header_line_height=&#8221;1.2em&#8221; custom_margin=&#8221;||5px|||&#8221; custom_padding=&#8221;0px||||false|false&#8221; custom_padding_tablet=&#8221;0px||0%||false|false&#8221; custom_padding_phone=&#8221;0px||0%||false|false&#8221; custom_padding_last_edited=&#8221;on|phone&#8221; hover_enabled=&#8221;0&#8243; header_font_size_tablet=&#8221;60px&#8221; header_font_size_phone=&#8221;40px&#8221; header_font_size_last_edited=&#8221;on|phone&#8221; global_colors_info=&#8221;{}&#8221; sticky_enabled=&#8221;0&#8243;]<\/p>\n<h1>Our installations<\/h1>\n<p>[\/et_pb_text][et_pb_text _builder_version=&#8221;4.16&#8243; text_font=&#8221;||||||||&#8221; text_text_color=&#8221;#ffffff&#8221; text_font_size=&#8221;22px&#8221; text_line_height=&#8221;1.2em&#8221; width=&#8221;61%&#8221; width_tablet=&#8221;100%&#8221; width_phone=&#8221;&#8221; width_last_edited=&#8221;on|phone&#8221; custom_margin=&#8221;-4px|||||&#8221; custom_padding=&#8221;10px||36px|||&#8221; text_font_size_tablet=&#8221;&#8221; text_font_size_phone=&#8221;&#8221; text_font_size_last_edited=&#8221;on|desktop&#8221; global_colors_info=&#8221;{}&#8221;]We distribute our products all over the world from our selection sites and breeding centres in France and Italy, from our partner AI centres, and from our partner distributors.[\/et_pb_text][\/et_pb_column][\/et_pb_row][\/et_pb_section][et_pb_section fb_built=&#8221;1&#8243; custom_padding_last_edited=&#8221;on|desktop&#8221; _builder_version=&#8221;4.27.4&#8243; background_color=&#8221;#64a198&#8243; custom_padding=&#8221;0px|7%|100px|7%|false|true&#8221; custom_padding_tablet=&#8221;0px||||false|true&#8221; custom_padding_phone=&#8221;||||false|true&#8221; hover_enabled=&#8221;0&#8243; global_colors_info=&#8221;{}&#8221; sticky_enabled=&#8221;0&#8243;][et_pb_row custom_padding_last_edited=&#8221;on|tablet&#8221; module_id=&#8221;europe&#8221; _builder_version=&#8221;4.27.4&#8243; custom_padding=&#8221;80px||||false|false&#8221; custom_padding_tablet=&#8221;20px||0px||false|false&#8221; custom_padding_phone=&#8221;&#8221; hover_enabled=&#8221;0&#8243; global_colors_info=&#8221;{}&#8221; sticky_enabled=&#8221;0&#8243;][et_pb_column type=&#8221;4_4&#8243; _builder_version=&#8221;4.16&#8243; global_colors_info=&#8221;{}&#8221;][et_pb_image src=&#8221;https:\/\/hypharm.fr\/wp-content\/uploads\/2025\/12\/021125-carte-europe-site-internet-hypharm-AN-scaled.webp&#8221; alt=&#8221;Hypharm, implantations de la soci\u00e9t\u00e9 de s\u00e9lection cunicole en europe&#8221; align=&#8221;center&#8221; force_fullwidth=&#8221;on&#8221; _builder_version=&#8221;4.27.4&#8243; custom_margin=&#8221;||70px|||&#8221; hover_enabled=&#8221;0&#8243; global_colors_info=&#8221;{}&#8221; sticky_enabled=&#8221;0&#8243;][\/et_pb_image][et_pb_image src=&#8221;https:\/\/hypharm.fr\/wp-content\/uploads\/2025\/12\/021125-carte-monde-site-internet-hypharm-AN-scaled.webp&#8221; alt=&#8221;Carte des implantation d&#8217;Hypharm dans le monde&#8221; align=&#8221;center&#8221; force_fullwidth=&#8221;on&#8221; _builder_version=&#8221;4.27.4&#8243; hover_enabled=&#8221;0&#8243; global_colors_info=&#8221;{}&#8221; sticky_enabled=&#8221;0&#8243;][\/et_pb_image][\/et_pb_column][\/et_pb_row][\/et_pb_section][et_pb_section fb_built=&#8221;1&#8243; _builder_version=&#8221;4.16&#8243; background_color=&#8221;#f2f2f2&#8243; background_enable_image=&#8221;off&#8221; background_size=&#8221;initial&#8221; background_position=&#8221;top_right&#8221; global_colors_info=&#8221;{}&#8221;][et_pb_row column_structure=&#8221;2_3,1_3&#8243; _builder_version=&#8221;4.27.4&#8243; custom_margin=&#8221;||20px||false|false&#8221; hover_enabled=&#8221;0&#8243; global_colors_info=&#8221;{}&#8221; custom_padding_last_edited=&#8221;on|tablet&#8221; custom_padding_tablet=&#8221;0px||||false|false&#8221; sticky_enabled=&#8221;0&#8243; custom_padding_phone=&#8221;0px||||false|false&#8221;][et_pb_column type=&#8221;2_3&#8243; _builder_version=&#8221;4.16&#8243; global_colors_info=&#8221;{}&#8221;][et_pb_text _builder_version=&#8221;4.16&#8243; header_font=&#8221;||||||||&#8221; header_2_font=&#8221;||||||||&#8221; header_2_font_size=&#8221;45px&#8221; custom_margin=&#8221;||0px||false|false&#8221; header_2_font_size_phone=&#8221;30px&#8221; global_colors_info=&#8221;{}&#8221;]<\/p>\n<h2>Our selection<br \/><strong><span style=\"color: #37877f;\">and AI centres<\/span><\/strong><\/h2>\n<p>[\/et_pb_text][et_pb_divider color=&#8221;#37877f&#8221; divider_position=&#8221;center&#8221; divider_weight=&#8221;7px&#8221; _builder_version=&#8221;4.16&#8243; max_width=&#8221;70px&#8221; global_colors_info=&#8221;{}&#8221;][\/et_pb_divider][\/et_pb_column][et_pb_column type=&#8221;1_3&#8243; _builder_version=&#8221;4.16&#8243; global_colors_info=&#8221;{}&#8221;][et_pb_image src=&#8221;https:\/\/hypharm.fr\/wp-content\/uploads\/2020\/07\/lapin-vert-300x300px.png&#8221; _builder_version=&#8221;4.16&#8243; width=&#8221;30%&#8221; module_alignment=&#8221;right&#8221; global_colors_info=&#8221;{}&#8221;][\/et_pb_image][\/et_pb_column][\/et_pb_row][et_pb_row column_structure=&#8221;1_3,1_3,1_3&#8243; gutter_width=&#8221;2&#8243; disabled_on=&#8221;off|off|off&#8221; module_class=&#8221; et_pb_row_fullwidth&#8221; _builder_version=&#8221;4.16&#8243; width_tablet=&#8221;80%&#8221; width_last_edited=&#8221;off|desktop&#8221; max_width_tablet=&#8221;&#8221; max_width_phone=&#8221;&#8221; max_width_last_edited=&#8221;on|phone&#8221; custom_margin=&#8221;0px|auto||auto|false|false&#8221; custom_margin_tablet=&#8221;||0px||false|false&#8221; custom_margin_phone=&#8221;50px||||false|false&#8221; custom_margin_last_edited=&#8221;on|phone&#8221; custom_padding=&#8221;0px|0px|0px|0px|false|true&#8221; make_fullwidth=&#8221;on&#8221; global_colors_info=&#8221;{}&#8221;][et_pb_column type=&#8221;1_3&#8243; _builder_version=&#8221;4.16&#8243; custom_padding=&#8221;|||&#8221; global_colors_info=&#8221;{}&#8221; custom_padding__hover=&#8221;|||&#8221;][et_pb_blurb title=&#8221;THE LA CORBIERE SELECTION CENTRE&#8221; image=&#8221;https:\/\/hypharm.fr\/wp-content\/uploads\/2020\/07\/selection-la-corbiere.jpg&#8221; alt=&#8221;Vue a\u00e9rienne du centre de s\u00e9lection g\u00e9n\u00e9tique lapin de corbi\u00e8re&#8221; content_max_width=&#8221;100%&#8221; content_max_width_tablet=&#8221;&#8221; content_max_width_phone=&#8221;&#8221; content_max_width_last_edited=&#8221;on|tablet&#8221; _builder_version=&#8221;4.16&#8243; header_font=&#8221;|700|||||||&#8221; header_text_color=&#8221;#37877f&#8221; header_font_size=&#8221;22px&#8221; body_font=&#8221;||||||||&#8221; background_color=&#8221;#ffffff&#8221; background_enable_image=&#8221;off&#8221; background_size=&#8221;initial&#8221; background_position=&#8221;top_right&#8221; min_height=&#8221;450px&#8221; min_height_tablet=&#8221;&#8221; min_height_phone=&#8221;&#8221; min_height_last_edited=&#8221;on|tablet&#8221; custom_margin=&#8221;||0px&#8221; custom_margin_tablet=&#8221;|0px|-1px|0px|false|false&#8221; custom_margin_phone=&#8221;&#8221; custom_margin_last_edited=&#8221;on|tablet&#8221; custom_padding=&#8221;20px|4%|20px|4%|false|false&#8221; custom_padding_tablet=&#8221;|0%|50px|0px|false|false&#8221; custom_padding_phone=&#8221;&#8221; custom_padding_last_edited=&#8221;on|tablet&#8221; body_font_size_tablet=&#8221;&#8221; body_font_size_phone=&#8221;18px&#8221; body_font_size_last_edited=&#8221;on|phone&#8221; box_shadow_style=&#8221;preset1&#8243; box_shadow_blur=&#8221;13px&#8221; box_shadow_spread=&#8221;-9px&#8221; global_colors_info=&#8221;{}&#8221;]<\/p>\n<p>5,000 M\u00b2 of buildings subject to strict sanitary barriers house the Hyla and Hyplus Selection cores.<\/p>\n<p>[\/et_pb_blurb][\/et_pb_column][et_pb_column type=&#8221;1_3&#8243; _builder_version=&#8221;4.16&#8243; custom_padding=&#8221;|||&#8221; global_colors_info=&#8221;{}&#8221; custom_padding__hover=&#8221;|||&#8221;][et_pb_blurb title=&#8221;THE LA CORBIERE AI CENTRE&#8221; image=&#8221;https:\/\/hypharm.fr\/wp-content\/uploads\/2020\/07\/ia-la-corbiere-03.jpg&#8221; alt=&#8221;Vue a\u00e9rienne du centre IA de corbi\u00e8re&#8221; content_max_width=&#8221;100%&#8221; content_max_width_tablet=&#8221;&#8221; content_max_width_phone=&#8221;&#8221; content_max_width_last_edited=&#8221;on|tablet&#8221; _builder_version=&#8221;4.16&#8243; header_font=&#8221;|700|||||||&#8221; header_text_color=&#8221;#37877f&#8221; header_font_size=&#8221;22px&#8221; body_font=&#8221;||||||||&#8221; background_color=&#8221;#ffffff&#8221; min_height=&#8221;450px&#8221; min_height_tablet=&#8221;&#8221; min_height_phone=&#8221;&#8221; min_height_last_edited=&#8221;on|tablet&#8221; custom_margin=&#8221;||0px&#8221; custom_margin_tablet=&#8221;|0px|-1px|0px|false|false&#8221; custom_margin_phone=&#8221;&#8221; custom_margin_last_edited=&#8221;on|tablet&#8221; custom_padding=&#8221;20px|4%|20px|4%|false|false&#8221; custom_padding_tablet=&#8221;|0%|50px|0px|false|false&#8221; custom_padding_phone=&#8221;&#8221; custom_padding_last_edited=&#8221;on|tablet&#8221; body_font_size_tablet=&#8221;&#8221; body_font_size_phone=&#8221;18px&#8221; body_font_size_last_edited=&#8221;on|phone&#8221; box_shadow_style=&#8221;preset1&#8243; box_shadow_blur=&#8221;13px&#8221; box_shadow_spread=&#8221;-9px&#8221; global_colors_info=&#8221;{}&#8221;]<\/p>\n<p>1,800 M\u00b2 used to produce rabbit semen to supply 85% of the French market.<\/p>\n<p>[\/et_pb_blurb][\/et_pb_column][et_pb_column type=&#8221;1_3&#8243; _builder_version=&#8221;4.16&#8243; custom_padding=&#8221;|||&#8221; global_colors_info=&#8221;{}&#8221; custom_padding__hover=&#8221;|||&#8221;][et_pb_blurb title=&#8221;GRIMAUD ITALIA BREEDING AND AI CENTRE&#8221; image=&#8221;https:\/\/hypharm.fr\/wp-content\/uploads\/2020\/07\/selection-italia.jpg&#8221; alt=&#8221;b\u00e2timent de la soci\u00e9t\u00e9 de g\u00e9n\u00e9tique cunicole Grimaud en italie&#8221; content_max_width=&#8221;100%&#8221; content_max_width_tablet=&#8221;&#8221; content_max_width_phone=&#8221;&#8221; content_max_width_last_edited=&#8221;on|tablet&#8221; _builder_version=&#8221;4.16&#8243; header_font=&#8221;|700|||||||&#8221; header_text_color=&#8221;#37877f&#8221; header_font_size=&#8221;22px&#8221; body_font=&#8221;||||||||&#8221; background_color=&#8221;#ffffff&#8221; min_height=&#8221;450px&#8221; min_height_tablet=&#8221;&#8221; min_height_phone=&#8221;&#8221; min_height_last_edited=&#8221;on|tablet&#8221; custom_margin=&#8221;||0px&#8221; custom_margin_tablet=&#8221;|0px|-1px|0px|false|false&#8221; custom_margin_phone=&#8221;&#8221; custom_margin_last_edited=&#8221;on|tablet&#8221; custom_padding=&#8221;19px|4%|20px|4%|false|false&#8221; custom_padding_tablet=&#8221;|0%|50px|0px|false|false&#8221; custom_padding_phone=&#8221;&#8221; custom_padding_last_edited=&#8221;on|tablet&#8221; body_font_size_tablet=&#8221;&#8221; body_font_size_phone=&#8221;18px&#8221; body_font_size_last_edited=&#8221;on|phone&#8221; box_shadow_style=&#8221;preset1&#8243; box_shadow_blur=&#8221;13px&#8221; box_shadow_spread=&#8221;-9px&#8221; global_colors_info=&#8221;{}&#8221;]<\/p>\n<p>The Italian market is served by two breeding units and two artificial insemination centres run by Grimaud Italia SRL.<\/p>\n<p>[\/et_pb_blurb][\/et_pb_column][\/et_pb_row][\/et_pb_section]<\/p>\n","protected":false},"excerpt":{"rendered":"<p>Our installationsWe distribute our products all over the world from our selection sites and breeding centres in France and Italy, from our partner AI centres, and from our partner distributors.Our selectionand AI centres5,000 M\u00b2 of buildings subject to strict sanitary barriers house the Hyla and Hyplus Selection cores.1,800 M\u00b2 used to produce rabbit semen to [&hellip;]<\/p>\n","protected":false},"author":2,"featured_media":0,"parent":0,"menu_order":0,"comment_status":"closed","ping_status":"closed","template":"","meta":{"_et_pb_use_builder":"on","_et_pb_old_content":"","_et_gb_content_width":"","footnotes":""},"class_list":["post-60491","page","type-page","status-publish","hentry"],"yoast_head":"<!-- This site is optimized with the Yoast SEO plugin v26.4 - https:\/\/yoast.com\/wordpress\/plugins\/seo\/ -->\n<title>Our installations - Hypharm<\/title>\n<meta name=\"robots\" content=\"index, follow, max-snippet:-1, max-image-preview:large, max-video-preview:-1\" \/>\n<link rel=\"canonical\" href=\"https:\/\/hypharm.fr\/en\/installations\/\" \/>\n<meta property=\"og:locale\" content=\"en_US\" \/>\n<meta property=\"og:type\" content=\"article\" \/>\n<meta property=\"og:title\" content=\"Our installations - Hypharm\" \/>\n<meta property=\"og:description\" content=\"Our installationsWe distribute our products all over the world from our selection sites and breeding centres in France and Italy, from our partner AI centres, and from our partner distributors.Our selectionand AI centres5,000 M\u00b2 of buildings subject to strict sanitary barriers house the Hyla and Hyplus Selection cores.1,800 M\u00b2 used to produce rabbit semen to [&hellip;]\" \/>\n<meta property=\"og:url\" content=\"https:\/\/hypharm.fr\/en\/installations\/\" \/>\n<meta property=\"og:site_name\" content=\"Hypharm\" \/>\n<meta property=\"article:modified_time\" content=\"2025-12-16T10:09:06+00:00\" \/>\n<meta name=\"twitter:card\" content=\"summary_large_image\" \/>\n<meta name=\"twitter:label1\" content=\"Est. reading time\" \/>\n\t<meta name=\"twitter:data1\" content=\"6 minutes\" \/>\n<script type=\"application\/ld+json\" class=\"yoast-schema-graph\">{\"@context\":\"https:\/\/schema.org\",\"@graph\":[{\"@type\":\"WebPage\",\"@id\":\"https:\/\/hypharm.fr\/en\/installations\/\",\"url\":\"https:\/\/hypharm.fr\/en\/installations\/\",\"name\":\"Our installations - Hypharm\",\"isPartOf\":{\"@id\":\"https:\/\/hypharm.fr\/en\/#website\"},\"datePublished\":\"2020-10-28T07:59:41+00:00\",\"dateModified\":\"2025-12-16T10:09:06+00:00\",\"breadcrumb\":{\"@id\":\"https:\/\/hypharm.fr\/en\/installations\/#breadcrumb\"},\"inLanguage\":\"en-US\",\"potentialAction\":[{\"@type\":\"ReadAction\",\"target\":[\"https:\/\/hypharm.fr\/en\/installations\/\"]}]},{\"@type\":\"BreadcrumbList\",\"@id\":\"https:\/\/hypharm.fr\/en\/installations\/#breadcrumb\",\"itemListElement\":[{\"@type\":\"ListItem\",\"position\":1,\"name\":\"Accueil\",\"item\":\"https:\/\/hypharm.fr\/en\/\"},{\"@type\":\"ListItem\",\"position\":2,\"name\":\"Our installations\"}]},{\"@type\":\"WebSite\",\"@id\":\"https:\/\/hypharm.fr\/en\/#website\",\"url\":\"https:\/\/hypharm.fr\/en\/\",\"name\":\"Hypharm\",\"description\":\"Prendre soin de la vie\",\"publisher\":{\"@id\":\"https:\/\/hypharm.fr\/en\/#organization\"},\"potentialAction\":[{\"@type\":\"SearchAction\",\"target\":{\"@type\":\"EntryPoint\",\"urlTemplate\":\"https:\/\/hypharm.fr\/en\/?s={search_term_string}\"},\"query-input\":{\"@type\":\"PropertyValueSpecification\",\"valueRequired\":true,\"valueName\":\"search_term_string\"}}],\"inLanguage\":\"en-US\"},{\"@type\":\"Organization\",\"@id\":\"https:\/\/hypharm.fr\/en\/#organization\",\"name\":\"Hypharm\",\"url\":\"https:\/\/hypharm.fr\/en\/\",\"logo\":{\"@type\":\"ImageObject\",\"inLanguage\":\"en-US\",\"@id\":\"https:\/\/hypharm.fr\/en\/#\/schema\/logo\/image\/\",\"url\":\"https:\/\/hypharm.fr\/wp-content\/uploads\/2020\/07\/logo-hypharm-horizontal.svg\",\"contentUrl\":\"https:\/\/hypharm.fr\/wp-content\/uploads\/2020\/07\/logo-hypharm-horizontal.svg\",\"width\":310,\"height\":77,\"caption\":\"Hypharm\"},\"image\":{\"@id\":\"https:\/\/hypharm.fr\/en\/#\/schema\/logo\/image\/\"}}]}<\/script>\n<!-- \/ Yoast SEO plugin. -->","yoast_head_json":{"title":"Our installations - Hypharm","robots":{"index":"index","follow":"follow","max-snippet":"max-snippet:-1","max-image-preview":"max-image-preview:large","max-video-preview":"max-video-preview:-1"},"canonical":"https:\/\/hypharm.fr\/en\/installations\/","og_locale":"en_US","og_type":"article","og_title":"Our installations - Hypharm","og_description":"Our installationsWe distribute our products all over the world from our selection sites and breeding centres in France and Italy, from our partner AI centres, and from our partner distributors.Our selectionand AI centres5,000 M\u00b2 of buildings subject to strict sanitary barriers house the Hyla and Hyplus Selection cores.1,800 M\u00b2 used to produce rabbit semen to [&hellip;]","og_url":"https:\/\/hypharm.fr\/en\/installations\/","og_site_name":"Hypharm","article_modified_time":"2025-12-16T10:09:06+00:00","twitter_card":"summary_large_image","twitter_misc":{"Est. reading time":"6 minutes"},"schema":{"@context":"https:\/\/schema.org","@graph":[{"@type":"WebPage","@id":"https:\/\/hypharm.fr\/en\/installations\/","url":"https:\/\/hypharm.fr\/en\/installations\/","name":"Our installations - Hypharm","isPartOf":{"@id":"https:\/\/hypharm.fr\/en\/#website"},"datePublished":"2020-10-28T07:59:41+00:00","dateModified":"2025-12-16T10:09:06+00:00","breadcrumb":{"@id":"https:\/\/hypharm.fr\/en\/installations\/#breadcrumb"},"inLanguage":"en-US","potentialAction":[{"@type":"ReadAction","target":["https:\/\/hypharm.fr\/en\/installations\/"]}]},{"@type":"BreadcrumbList","@id":"https:\/\/hypharm.fr\/en\/installations\/#breadcrumb","itemListElement":[{"@type":"ListItem","position":1,"name":"Accueil","item":"https:\/\/hypharm.fr\/en\/"},{"@type":"ListItem","position":2,"name":"Our installations"}]},{"@type":"WebSite","@id":"https:\/\/hypharm.fr\/en\/#website","url":"https:\/\/hypharm.fr\/en\/","name":"Hypharm","description":"Prendre soin de la vie","publisher":{"@id":"https:\/\/hypharm.fr\/en\/#organization"},"potentialAction":[{"@type":"SearchAction","target":{"@type":"EntryPoint","urlTemplate":"https:\/\/hypharm.fr\/en\/?s={search_term_string}"},"query-input":{"@type":"PropertyValueSpecification","valueRequired":true,"valueName":"search_term_string"}}],"inLanguage":"en-US"},{"@type":"Organization","@id":"https:\/\/hypharm.fr\/en\/#organization","name":"Hypharm","url":"https:\/\/hypharm.fr\/en\/","logo":{"@type":"ImageObject","inLanguage":"en-US","@id":"https:\/\/hypharm.fr\/en\/#\/schema\/logo\/image\/","url":"https:\/\/hypharm.fr\/wp-content\/uploads\/2020\/07\/logo-hypharm-horizontal.svg","contentUrl":"https:\/\/hypharm.fr\/wp-content\/uploads\/2020\/07\/logo-hypharm-horizontal.svg","width":310,"height":77,"caption":"Hypharm"},"image":{"@id":"https:\/\/hypharm.fr\/en\/#\/schema\/logo\/image\/"}}]}},"_links":{"self":[{"href":"https:\/\/hypharm.fr\/en\/wp-json\/wp\/v2\/pages\/60491","targetHints":{"allow":["GET"]}}],"collection":[{"href":"https:\/\/hypharm.fr\/en\/wp-json\/wp\/v2\/pages"}],"about":[{"href":"https:\/\/hypharm.fr\/en\/wp-json\/wp\/v2\/types\/page"}],"author":[{"embeddable":true,"href":"https:\/\/hypharm.fr\/en\/wp-json\/wp\/v2\/users\/2"}],"replies":[{"embeddable":true,"href":"https:\/\/hypharm.fr\/en\/wp-json\/wp\/v2\/comments?post=60491"}],"version-history":[{"count":5,"href":"https:\/\/hypharm.fr\/en\/wp-json\/wp\/v2\/pages\/60491\/revisions"}],"predecessor-version":[{"id":76062,"href":"https:\/\/hypharm.fr\/en\/wp-json\/wp\/v2\/pages\/60491\/revisions\/76062"}],"wp:attachment":[{"href":"https:\/\/hypharm.fr\/en\/wp-json\/wp\/v2\/media?parent=60491"}],"curies":[{"name":"wp","href":"https:\/\/api.w.org\/{rel}","templated":true}]}}