{"id":60601,"date":"2020-10-29T04:40:55","date_gmt":"2020-10-29T03:40:55","guid":{"rendered":"https:\/\/hypharm.fr\/?page_id=60601"},"modified":"2025-08-01T10:31:52","modified_gmt":"2025-08-01T09:31:52","slug":"caring-for-life","status":"publish","type":"page","link":"https:\/\/hypharm.fr\/en\/caring-for-life\/","title":{"rendered":"Caring for life"},"content":{"rendered":"<p>[et_pb_section fb_built=&#8221;1&#8243; next_background_color=&#8221;#ffffff&#8221; _builder_version=&#8221;4.16&#8243; background_color=&#8221;rgba(0,0,0,0.33)&#8221; background_image=&#8221;https:\/\/hypharm.fr\/wp-content\/uploads\/2020\/07\/header-prendre-soin-vie-02.jpg&#8221; background_blend=&#8221;overlay&#8221; custom_padding=&#8221;10%|0%|15%|0%|false|true&#8221; custom_padding_tablet=&#8221;|0px||0px|false|true&#8221; custom_padding_phone=&#8221;100px|0px|120px|0px|false|true&#8221; bottom_divider_style=&#8221;mountains&#8221; global_colors_info=&#8221;{}&#8221;][et_pb_row custom_padding_last_edited=&#8221;on|tablet&#8221; module_class=&#8221; et_pb_row_fullwidth&#8221; _builder_version=&#8221;4.16&#8243; custom_padding=&#8221;||0px||false|true&#8221; custom_padding_tablet=&#8221;|7%||7%|false|true&#8221; custom_padding_phone=&#8221;&#8221; make_fullwidth=&#8221;on&#8221; global_colors_info=&#8221;{}&#8221;][et_pb_column type=&#8221;4_4&#8243; _builder_version=&#8221;4.16&#8243; custom_padding=&#8221;|||&#8221; global_colors_info=&#8221;{}&#8221; custom_padding__hover=&#8221;|||&#8221;][et_pb_text _builder_version=&#8221;4.16&#8243; text_font=&#8221;||||||||&#8221; header_font=&#8221;||||||||&#8221; header_text_align=&#8221;left&#8221; header_text_color=&#8221;#ffffff&#8221; header_font_size=&#8221;60px&#8221; header_line_height=&#8221;1.2em&#8221; custom_margin=&#8221;||5px|||&#8221; custom_padding=&#8221;0px|||7%|false|false&#8221; custom_padding_tablet=&#8221;0px||0%|0%|false|false&#8221; custom_padding_phone=&#8221;0px||0%||false|false&#8221; custom_padding_last_edited=&#8221;on|tablet&#8221; header_font_size_tablet=&#8221;60px&#8221; header_font_size_phone=&#8221;45px&#8221; header_font_size_last_edited=&#8221;on|phone&#8221; global_colors_info=&#8221;{}&#8221;]<\/p>\n<h1>Caring for life<\/h1>\n<p>[\/et_pb_text][et_pb_text disabled_on=&#8221;on|on|on&#8221; _builder_version=&#8221;4.16&#8243; text_font=&#8221;||||||||&#8221; text_text_color=&#8221;#ffffff&#8221; text_font_size=&#8221;22px&#8221; text_line_height=&#8221;1.2em&#8221; width=&#8221;61%&#8221; width_tablet=&#8221;100%&#8221; width_phone=&#8221;&#8221; width_last_edited=&#8221;on|phone&#8221; custom_margin=&#8221;0px||||false|false&#8221; custom_padding=&#8221;10px||36px|7%|false|false&#8221; custom_padding_tablet=&#8221;|||0%|false|false&#8221; custom_padding_phone=&#8221;&#8221; custom_padding_last_edited=&#8221;on|tablet&#8221; text_font_size_tablet=&#8221;&#8221; text_font_size_phone=&#8221;&#8221; text_font_size_last_edited=&#8221;on|desktop&#8221; disabled=&#8221;on&#8221; global_colors_info=&#8221;{}&#8221;]Lorem ipsum dolor sit amet, consectetur adipiscing elit.[\/et_pb_text][\/et_pb_column][\/et_pb_row][\/et_pb_section][et_pb_section fb_built=&#8221;1&#8243; _builder_version=&#8221;4.16&#8243; custom_padding=&#8221;138px|7%|100px|7%|false|true&#8221; custom_padding_tablet=&#8221;100px|7%|100px|7%|true|true&#8221; global_colors_info=&#8221;{}&#8221;][et_pb_row column_structure=&#8221;1_2,1_2&#8243; custom_padding_last_edited=&#8221;on|tablet&#8221; _builder_version=&#8221;4.16&#8243; custom_padding_tablet=&#8221;0px||||false|false&#8221; custom_padding_phone=&#8221;0px||0px||false|false&#8221; global_colors_info=&#8221;{}&#8221;][et_pb_column type=&#8221;1_2&#8243; _builder_version=&#8221;4.16&#8243; background_enable_image=&#8221;off&#8221; background_size=&#8221;initial&#8221; background_position=&#8221;bottom_left&#8221; global_colors_info=&#8221;{}&#8221;][et_pb_image src=&#8221;https:\/\/hypharm.fr\/wp-content\/uploads\/2024\/08\/directeur-hypharm.jpg&#8221; alt=&#8221;Portrait du directeur g\u00e9n\u00e9ral d&#8217;Hypharm, soci\u00e9t\u00e9 sp\u00e9cialis\u00e9e en g\u00e9n\u00e9tique cunicole&#8221; disabled_on=&#8221;on|on|off&#8221; _builder_version=&#8221;4.18.0&#8243; background_enable_image=&#8221;off&#8221; z_index=&#8221;56&#8243; width=&#8221;100%&#8221; module_alignment=&#8221;right&#8221; custom_margin=&#8221;||0px|0px|false|false&#8221; custom_padding=&#8221;||||false|false&#8221; global_colors_info=&#8221;{}&#8221;][\/et_pb_image][\/et_pb_column][et_pb_column type=&#8221;1_2&#8243; _builder_version=&#8221;4.16&#8243; global_colors_info=&#8221;{}&#8221;][et_pb_image src=&#8221;https:\/\/hypharm.fr\/wp-content\/uploads\/2020\/06\/coin-haut-droit-vert.svg&#8221; align=&#8221;right&#8221; disabled_on=&#8221;off|off|off&#8221; _builder_version=&#8221;4.16&#8243; z_index=&#8221;43&#8243; width=&#8221;100%&#8221; custom_margin=&#8221;-70px||0px||false|false&#8221; custom_margin_tablet=&#8221;0px||0px||false|false&#8221; custom_margin_phone=&#8221;&#8221; custom_margin_last_edited=&#8221;on|tablet&#8221; custom_padding=&#8221;|||0px||&#8221; locked=&#8221;off&#8221; global_colors_info=&#8221;{}&#8221;][\/et_pb_image][et_pb_text _builder_version=&#8221;4.16&#8243; text_font=&#8221;|800||on|||||&#8221; text_text_color=&#8221;#2354A4&#8243; text_font_size=&#8221;2vw&#8221; text_line_height=&#8221;1.2em&#8221; header_font=&#8221;||||||||&#8221; header_font_size=&#8221;50px&#8221; header_2_font=&#8221;||||||||&#8221; header_2_text_color=&#8221;#1d1d1b&#8221; header_2_font_size=&#8221;3vw&#8221; header_2_line_height=&#8221;50px&#8221; header_3_font=&#8221;|700|||||||&#8221; header_3_text_color=&#8221;#000000&#8243; header_3_font_size=&#8221;28px&#8221; header_3_line_height=&#8221;1.2em&#8221; header_4_text_align=&#8221;left&#8221; header_4_text_color=&#8221;#ffffff&#8221; background_color=&#8221;#ffffff&#8221; custom_margin=&#8221;-125px||0px|-30%|false|false&#8221; custom_margin_tablet=&#8221;-30px|||0%|false|false&#8221; custom_margin_phone=&#8221;&#8221; custom_margin_last_edited=&#8221;on|tablet&#8221; custom_padding=&#8221;70px|20%|5%|5%|false|false&#8221; custom_padding_tablet=&#8221;0px|15%|5%|0%|false|false&#8221; custom_padding_phone=&#8221;&#8221; custom_padding_last_edited=&#8221;on|tablet&#8221; text_font_size_tablet=&#8221;3.5vw&#8221; text_font_size_phone=&#8221;6vw&#8221; text_font_size_last_edited=&#8221;on|tablet&#8221; header_3_font_size_tablet=&#8221;28px&#8221; header_3_font_size_phone=&#8221;28px&#8221; header_3_font_size_last_edited=&#8221;on|desktop&#8221; border_radii=&#8221;||||&#8221; border_style_all=&#8221;none&#8221; border_color_top=&#8221;#ffffff&#8221; border_color_right=&#8221;#ffffff&#8221; border_color_bottom=&#8221;#ffffff&#8221; border_color_left=&#8221;#ffffff&#8221; global_colors_info=&#8221;{}&#8221;]<\/p>\n<h3>COMMITTED TO RABBITS RAISING FARMERS, AND TO THE <span style=\"color: #37877f;\">PERFORMANCE AND SUSTAINABILITY<\/span> OF THEIR FARMS.<\/h3>\n<p>[\/et_pb_text][et_pb_text _builder_version=&#8221;4.16&#8243; text_font=&#8221;||||||||&#8221; text_text_color=&#8221;#000000&#8243; header_font=&#8221;||||||||&#8221; header_font_size=&#8221;50px&#8221; header_2_font=&#8221;||||||||&#8221; header_2_text_color=&#8221;#1d1d1b&#8221; header_2_line_height=&#8221;50px&#8221; header_3_font=&#8221;||||||||&#8221; header_3_text_color=&#8221;#ffffff&#8221; header_3_font_size=&#8221;28px&#8221; header_3_line_height=&#8221;30px&#8221; header_4_text_align=&#8221;left&#8221; header_4_text_color=&#8221;#ffffff&#8221; background_color=&#8221;#ffffff&#8221; background_enable_color=&#8221;off&#8221; custom_margin=&#8221;14px||0px||false|false&#8221; custom_padding=&#8221;|5%|0px|0px|false|false&#8221; border_radii=&#8221;||||&#8221; border_style_all=&#8221;none&#8221; border_color_top=&#8221;#ffffff&#8221; border_color_right=&#8221;#ffffff&#8221; border_color_bottom=&#8221;#ffffff&#8221; border_color_left=&#8221;#ffffff&#8221; global_colors_info=&#8221;{}&#8221;]<\/p>\n<p>Our innovative genetic selection is able to reinvent itself to guarantee our customers the best performing animals on the market.<\/p>\n<p>The challenges are numerous, and rabbit has a special place among meats on the market. Societal acceptance through breeding methods free of antibiotics, and conversion to other forms of accommodation for some, production of a differentiated protein source of high nutritional value, or development of rational production capacities with a low environmental impact for others, the breeder\u2019s role is to be able to embrace these different paradigms, and to offer sustainable and profitable solutions to all of our partners.<\/p>\n<p>Our staff are passionate, invested, and attentive to the changing needs of the market, over the years they have proven their strong commitment to the values \u200b\u200badvocated by Groupe Grimaud: Caring for life!<\/p>\n<p style=\"text-align: right;\"><strong>Olivier Demeure<br \/>General Manager<\/strong><\/p>\n<p>[\/et_pb_text][et_pb_image src=&#8221;https:\/\/hypharm.fr\/wp-content\/uploads\/2024\/08\/directeur-hypharm.jpg&#8221; alt=&#8221;Portrait du directeur g\u00e9n\u00e9ral d&#8217;Hypharm, soci\u00e9t\u00e9 sp\u00e9cialis\u00e9e en g\u00e9n\u00e9tique cunicole&#8221; disabled_on=&#8221;off|off|on&#8221; _builder_version=&#8221;4.18.0&#8243; background_enable_image=&#8221;off&#8221; z_index=&#8221;56&#8243; width=&#8221;100%&#8221; module_alignment=&#8221;right&#8221; custom_margin=&#8221;32px||0px|0px|false|false&#8221; custom_padding=&#8221;||||false|false&#8221; global_colors_info=&#8221;{}&#8221;][\/et_pb_image][\/et_pb_column][\/et_pb_row][\/et_pb_section][et_pb_section fb_built=&#8221;1&#8243; _builder_version=&#8221;4.16&#8243; background_color=&#8221;#64a198&#8243; custom_padding_tablet=&#8221;100px|7%|100px|7%|true|true&#8221; global_colors_info=&#8221;{}&#8221;][et_pb_row _builder_version=&#8221;4.16&#8243; custom_margin=&#8221;||0px||false|false&#8221; custom_padding=&#8221;0px||0px||false|false&#8221; global_colors_info=&#8221;{}&#8221;][et_pb_column type=&#8221;4_4&#8243; _builder_version=&#8221;4.16&#8243; global_colors_info=&#8221;{}&#8221;][et_pb_text _builder_version=&#8221;4.16&#8243; header_2_font=&#8221;|||on|||||&#8221; header_2_text_align=&#8221;center&#8221; header_2_text_color=&#8221;#ffffff&#8221; header_2_line_height=&#8221;1.2em&#8221; custom_margin=&#8221;||-1px|||&#8221; global_colors_info=&#8221;{}&#8221;]<\/p>\n<h2>vision<\/h2>\n<p>[\/et_pb_text][et_pb_text _builder_version=&#8221;4.16&#8243; text_font=&#8221;|600|||||||&#8221; text_text_color=&#8221;#ffffff&#8221; text_font_size=&#8221;22px&#8221; text_orientation=&#8221;center&#8221; custom_padding=&#8221;17px||0px|||&#8221; global_colors_info=&#8221;{}&#8221;]Our role is to care for[\/et_pb_text][et_pb_tabs active_tab_background_color=&#8221;rgba(0,0,0,0)&#8221; inactive_tab_background_color=&#8221;rgba(0,0,0,0)&#8221; active_tab_text_color=&#8221;#1b5a56&#8243; _builder_version=&#8221;4.18.0&#8243; tab_text_color=&#8221;#ffffff&#8221; tab_font=&#8221;|700||on|||||&#8221; tab_font_size=&#8221;20px&#8221; tab_line_height=&#8221;1.4em&#8221; background_enable_color=&#8221;off&#8221; width=&#8221;100%&#8221; module_alignment=&#8221;center&#8221; custom_margin=&#8221;||0px||false|false&#8221; custom_padding=&#8221;0px|0px|20px|0px|false|false&#8221; hover_enabled=&#8221;0&#8243; tab_font_size_tablet=&#8221;&#8221; tab_font_size_phone=&#8221;23px&#8221; tab_font_size_last_edited=&#8221;on|phone&#8221; border_width_all=&#8221;0px&#8221; border_style_all=&#8221;none&#8221; global_colors_info=&#8221;{}&#8221; sticky_enabled=&#8221;0&#8243;][et_pb_tab title=&#8221;our customers and company&#8221; _builder_version=&#8221;4.18.0&#8243; background_enable_color=&#8221;off&#8221; hover_enabled=&#8221;0&#8243; global_colors_info=&#8221;{}&#8221; sticky_enabled=&#8221;0&#8243;]<\/p>\n[et_pb_section global_module=\"60678\"][\/et_pb_section]\n<p>[\/et_pb_tab][et_pb_tab title=&#8221;our teams&#8221; _builder_version=&#8221;4.18.0&#8243; background_enable_color=&#8221;off&#8221; hover_enabled=&#8221;0&#8243; global_colors_info=&#8221;{}&#8221; sticky_enabled=&#8221;0&#8243;]<\/p>\n[et_pb_section global_module=\"60688\"][\/et_pb_section]\n<p>[\/et_pb_tab][et_pb_tab title=&#8221;humans&#8221; _builder_version=&#8221;4.16&#8243; background_enable_color=&#8221;off&#8221; global_colors_info=&#8221;{}&#8221;][et_pb_section global_module=\"60696\"][\/et_pb_section][\/et_pb_tab][et_pb_tab title=&#8221;animals&#8221; _builder_version=&#8221;4.16&#8243; background_enable_color=&#8221;off&#8221; global_colors_info=&#8221;{}&#8221;][et_pb_section global_module=\"60703\"][\/et_pb_section][\/et_pb_tab][et_pb_tab title=&#8221;planet &#8221; _builder_version=&#8221;4.18.0&#8243; background_enable_color=&#8221;off&#8221; hover_enabled=&#8221;0&#8243; global_colors_info=&#8221;{}&#8221; sticky_enabled=&#8221;0&#8243;]<\/p>\n[et_pb_section global_module=\"60710\"][\/et_pb_section]\n<p>[\/et_pb_tab][\/et_pb_tabs][\/et_pb_column][\/et_pb_row][\/et_pb_section][et_pb_section fb_built=&#8221;1&#8243; custom_padding_last_edited=&#8221;on|tablet&#8221; _builder_version=&#8221;4.4.3&#8243; background_color=&#8221;#f7f8f8&#8243; custom_padding=&#8221;65px|7%|65px|7%|true|true&#8221; custom_padding_tablet=&#8221;|7%||7%|false|true&#8221; custom_padding_phone=&#8221;75px|7%|65px|7%|false|true&#8221; global_module=&#8221;60635&#8243; saved_tabs=&#8221;all&#8221; global_colors_info=&#8221;{}&#8221;][et_pb_row column_structure=&#8221;1_4,1_2,1_4&#8243; gutter_width=&#8221;2&#8243; make_equal=&#8221;on&#8221; custom_padding_last_edited=&#8221;on|phone&#8221; module_class=&#8221; et_pb_row_fullwidth&#8221; _builder_version=&#8221;4.16&#8243; custom_margin_tablet=&#8221;&#8221; custom_margin_phone=&#8221;|0px||0px|false|false&#8221; custom_margin_last_edited=&#8221;on|phone&#8221; custom_padding_tablet=&#8221;&#8221; custom_padding_phone=&#8221;0px|0px|0px|0px|false|true&#8221; custom_css_main_element=&#8221;align-items: center;||||&#8221; make_fullwidth=&#8221;on&#8221; global_colors_info=&#8221;{}&#8221;][et_pb_column type=&#8221;1_4&#8243; _builder_version=&#8221;4.16&#8243; custom_padding=&#8221;||||false|false&#8221; custom_padding_tablet=&#8221;|||0%|false|false&#8221; custom_padding_phone=&#8221;|0px|||false|false&#8221; custom_padding_last_edited=&#8221;on|tablet&#8221; global_colors_info=&#8221;{}&#8221; custom_padding__hover=&#8221;|||&#8221;][et_pb_image src=&#8221;https:\/\/hypharm.fr\/wp-content\/uploads\/2020\/10\/Groupe-Grimaud-EN.svg&#8221; alt=&#8221;Logotipo del Grupo Grimaud&#8221; align_tablet=&#8221;center&#8221; align_phone=&#8221;&#8221; align_last_edited=&#8221;on|desktop&#8221; _builder_version=&#8221;4.16&#8243; width=&#8221;100%&#8221; width_tablet=&#8221;59%&#8221; width_phone=&#8221;86%&#8221; width_last_edited=&#8221;on|phone&#8221; custom_margin=&#8221;0px||&#8221; custom_padding_tablet=&#8221;&#8221; custom_padding_phone=&#8221;|15px|||false|false&#8221; custom_padding_last_edited=&#8221;on|phone&#8221; module_alignment_tablet=&#8221;center&#8221; module_alignment_phone=&#8221;center&#8221; module_alignment_last_edited=&#8221;on|tablet&#8221; global_colors_info=&#8221;{}&#8221;][\/et_pb_image][\/et_pb_column][et_pb_column type=&#8221;1_2&#8243; _builder_version=&#8221;4.16&#8243; custom_padding=&#8221;|||3%|false|false&#8221; custom_padding_tablet=&#8221;|||0%|false|false&#8221; custom_padding_phone=&#8221;|0px||0%|false|false&#8221; custom_padding_last_edited=&#8221;on|phone&#8221; global_colors_info=&#8221;{}&#8221; custom_padding__hover=&#8221;|||&#8221;][et_pb_text _builder_version=&#8221;4.16&#8243; text_font=&#8221;||||||||&#8221; text_text_color=&#8221;#000000&#8243; text_font_size=&#8221;22px&#8221; header_font=&#8221;||||||||&#8221; header_2_font=&#8221;||||||||&#8221; header_2_text_color=&#8221;#37877f&#8221; header_2_font_size=&#8221;35px&#8221; header_2_line_height=&#8221;1.2em&#8221; width=&#8221;100%&#8221; max_width=&#8221;100%&#8221; custom_margin=&#8221;|||&#8221; custom_margin_tablet=&#8221;&#8221; custom_margin_phone=&#8221;|0px||0px|false|false&#8221; custom_margin_last_edited=&#8221;on|tablet&#8221; custom_padding=&#8221;|||40px&#8221; custom_padding_tablet=&#8221;50px||50px|0px|false|false&#8221; custom_padding_phone=&#8221;50px|0px|50px|0px|false|false&#8221; custom_padding_last_edited=&#8221;on|phone&#8221; header_2_text_align_tablet=&#8221;left&#8221; header_2_text_align_phone=&#8221;&#8221; header_2_text_align_last_edited=&#8221;on|tablet&#8221; header_2_font_size_tablet=&#8221;&#8221; header_2_font_size_phone=&#8221;35px&#8221; header_2_font_size_last_edited=&#8221;on|phone&#8221; custom_css_main_element=&#8221;||&#8221; border_width_left=&#8221;6px&#8221; border_color_left=&#8221;#37877f&#8221; border_width_all_tablet=&#8221;&#8221; border_width_all_phone=&#8221;&#8221; border_width_all_last_edited=&#8221;on|desktop&#8221; border_width_left_tablet=&#8221;0px&#8221; border_width_left_phone=&#8221;0px&#8221; border_width_left_last_edited=&#8221;on|phone&#8221; global_colors_info=&#8221;{}&#8221;]<\/p>\n<h2><span style=\"color: #000000;\">Hypharm<\/span>, the RABBIT subsidiary of Groupe Grimaud<\/h2>\n<p>Hypharm is Groupe Grimaud\u2019s rabbit farming branch; the brand is active in 25 countries.<\/p>\n<p>[\/et_pb_text][\/et_pb_column][et_pb_column type=&#8221;1_4&#8243; _builder_version=&#8221;4.16&#8243; custom_padding=&#8221;||||false|false&#8221; custom_padding_tablet=&#8221;|0%|||false|false&#8221; custom_padding_phone=&#8221;|0%||0px|false|false&#8221; custom_padding_last_edited=&#8221;on|phone&#8221; global_colors_info=&#8221;{}&#8221; custom_padding__hover=&#8221;|||&#8221;][et_pb_button button_url=&#8221;https:\/\/grimaud.com\/en\/&#8221; url_new_window=&#8221;on&#8221; button_text=&#8221;Find out more&#8221; button_alignment=&#8221;right&#8221; button_alignment_tablet=&#8221;center&#8221; button_alignment_phone=&#8221;center&#8221; button_alignment_last_edited=&#8221;on|desktop&#8221; disabled_on=&#8221;off|off|off&#8221; _builder_version=&#8221;4.16&#8243; global_colors_info=&#8221;{}&#8221;][\/et_pb_button][\/et_pb_column][\/et_pb_row][\/et_pb_section]<\/p>\n","protected":false},"excerpt":{"rendered":"<p>Caring for lifeLorem ipsum dolor sit amet, consectetur adipiscing elit.COMMITTED TO RABBITS RAISING FARMERS, AND TO THE PERFORMANCE AND SUSTAINABILITY OF THEIR FARMS.Our innovative genetic selection is able to reinvent itself to guarantee our customers the best performing animals on the market. The challenges are numerous, and rabbit has a special place among meats on [&hellip;]<\/p>\n","protected":false},"author":2,"featured_media":0,"parent":0,"menu_order":0,"comment_status":"closed","ping_status":"closed","template":"","meta":{"_et_pb_use_builder":"on","_et_pb_old_content":"","_et_gb_content_width":"","footnotes":""},"class_list":["post-60601","page","type-page","status-publish","hentry"],"yoast_head":"<!-- This site is optimized with the Yoast SEO plugin v26.4 - https:\/\/yoast.com\/wordpress\/plugins\/seo\/ -->\n<title>Caring for life<\/title>\n<meta name=\"robots\" content=\"index, follow, max-snippet:-1, max-image-preview:large, max-video-preview:-1\" \/>\n<link rel=\"canonical\" href=\"https:\/\/hypharm.fr\/en\/caring-for-life\/\" \/>\n<meta property=\"og:locale\" content=\"en_US\" \/>\n<meta property=\"og:type\" content=\"article\" \/>\n<meta property=\"og:title\" content=\"Caring for life\" \/>\n<meta property=\"og:description\" content=\"Caring for lifeLorem ipsum dolor sit amet, consectetur adipiscing elit.COMMITTED TO RABBITS RAISING FARMERS, AND TO THE PERFORMANCE AND SUSTAINABILITY OF THEIR FARMS.Our innovative genetic selection is able to reinvent itself to guarantee our customers the best performing animals on the market. The challenges are numerous, and rabbit has a special place among meats on [&hellip;]\" \/>\n<meta property=\"og:url\" content=\"https:\/\/hypharm.fr\/en\/caring-for-life\/\" \/>\n<meta property=\"og:site_name\" content=\"Hypharm\" \/>\n<meta property=\"article:modified_time\" content=\"2025-08-01T09:31:52+00:00\" \/>\n<meta name=\"twitter:card\" content=\"summary_large_image\" \/>\n<meta name=\"twitter:label1\" content=\"Est. reading time\" \/>\n\t<meta name=\"twitter:data1\" content=\"9 minutes\" \/>\n<script type=\"application\/ld+json\" class=\"yoast-schema-graph\">{\"@context\":\"https:\/\/schema.org\",\"@graph\":[{\"@type\":\"WebPage\",\"@id\":\"https:\/\/hypharm.fr\/en\/caring-for-life\/\",\"url\":\"https:\/\/hypharm.fr\/en\/caring-for-life\/\",\"name\":\"Caring for life\",\"isPartOf\":{\"@id\":\"https:\/\/hypharm.fr\/en\/#website\"},\"datePublished\":\"2020-10-29T03:40:55+00:00\",\"dateModified\":\"2025-08-01T09:31:52+00:00\",\"breadcrumb\":{\"@id\":\"https:\/\/hypharm.fr\/en\/caring-for-life\/#breadcrumb\"},\"inLanguage\":\"en-US\",\"potentialAction\":[{\"@type\":\"ReadAction\",\"target\":[\"https:\/\/hypharm.fr\/en\/caring-for-life\/\"]}]},{\"@type\":\"BreadcrumbList\",\"@id\":\"https:\/\/hypharm.fr\/en\/caring-for-life\/#breadcrumb\",\"itemListElement\":[{\"@type\":\"ListItem\",\"position\":1,\"name\":\"Accueil\",\"item\":\"https:\/\/hypharm.fr\/en\/\"},{\"@type\":\"ListItem\",\"position\":2,\"name\":\"Caring for life\"}]},{\"@type\":\"WebSite\",\"@id\":\"https:\/\/hypharm.fr\/en\/#website\",\"url\":\"https:\/\/hypharm.fr\/en\/\",\"name\":\"Hypharm\",\"description\":\"Prendre soin de la vie\",\"publisher\":{\"@id\":\"https:\/\/hypharm.fr\/en\/#organization\"},\"potentialAction\":[{\"@type\":\"SearchAction\",\"target\":{\"@type\":\"EntryPoint\",\"urlTemplate\":\"https:\/\/hypharm.fr\/en\/?s={search_term_string}\"},\"query-input\":{\"@type\":\"PropertyValueSpecification\",\"valueRequired\":true,\"valueName\":\"search_term_string\"}}],\"inLanguage\":\"en-US\"},{\"@type\":\"Organization\",\"@id\":\"https:\/\/hypharm.fr\/en\/#organization\",\"name\":\"Hypharm\",\"url\":\"https:\/\/hypharm.fr\/en\/\",\"logo\":{\"@type\":\"ImageObject\",\"inLanguage\":\"en-US\",\"@id\":\"https:\/\/hypharm.fr\/en\/#\/schema\/logo\/image\/\",\"url\":\"https:\/\/hypharm.fr\/wp-content\/uploads\/2020\/07\/logo-hypharm-horizontal.svg\",\"contentUrl\":\"https:\/\/hypharm.fr\/wp-content\/uploads\/2020\/07\/logo-hypharm-horizontal.svg\",\"width\":310,\"height\":77,\"caption\":\"Hypharm\"},\"image\":{\"@id\":\"https:\/\/hypharm.fr\/en\/#\/schema\/logo\/image\/\"}}]}<\/script>\n<!-- \/ Yoast SEO plugin. -->","yoast_head_json":{"title":"Caring for life","robots":{"index":"index","follow":"follow","max-snippet":"max-snippet:-1","max-image-preview":"max-image-preview:large","max-video-preview":"max-video-preview:-1"},"canonical":"https:\/\/hypharm.fr\/en\/caring-for-life\/","og_locale":"en_US","og_type":"article","og_title":"Caring for life","og_description":"Caring for lifeLorem ipsum dolor sit amet, consectetur adipiscing elit.COMMITTED TO RABBITS RAISING FARMERS, AND TO THE PERFORMANCE AND SUSTAINABILITY OF THEIR FARMS.Our innovative genetic selection is able to reinvent itself to guarantee our customers the best performing animals on the market. The challenges are numerous, and rabbit has a special place among meats on [&hellip;]","og_url":"https:\/\/hypharm.fr\/en\/caring-for-life\/","og_site_name":"Hypharm","article_modified_time":"2025-08-01T09:31:52+00:00","twitter_card":"summary_large_image","twitter_misc":{"Est. reading time":"9 minutes"},"schema":{"@context":"https:\/\/schema.org","@graph":[{"@type":"WebPage","@id":"https:\/\/hypharm.fr\/en\/caring-for-life\/","url":"https:\/\/hypharm.fr\/en\/caring-for-life\/","name":"Caring for life","isPartOf":{"@id":"https:\/\/hypharm.fr\/en\/#website"},"datePublished":"2020-10-29T03:40:55+00:00","dateModified":"2025-08-01T09:31:52+00:00","breadcrumb":{"@id":"https:\/\/hypharm.fr\/en\/caring-for-life\/#breadcrumb"},"inLanguage":"en-US","potentialAction":[{"@type":"ReadAction","target":["https:\/\/hypharm.fr\/en\/caring-for-life\/"]}]},{"@type":"BreadcrumbList","@id":"https:\/\/hypharm.fr\/en\/caring-for-life\/#breadcrumb","itemListElement":[{"@type":"ListItem","position":1,"name":"Accueil","item":"https:\/\/hypharm.fr\/en\/"},{"@type":"ListItem","position":2,"name":"Caring for life"}]},{"@type":"WebSite","@id":"https:\/\/hypharm.fr\/en\/#website","url":"https:\/\/hypharm.fr\/en\/","name":"Hypharm","description":"Prendre soin de la vie","publisher":{"@id":"https:\/\/hypharm.fr\/en\/#organization"},"potentialAction":[{"@type":"SearchAction","target":{"@type":"EntryPoint","urlTemplate":"https:\/\/hypharm.fr\/en\/?s={search_term_string}"},"query-input":{"@type":"PropertyValueSpecification","valueRequired":true,"valueName":"search_term_string"}}],"inLanguage":"en-US"},{"@type":"Organization","@id":"https:\/\/hypharm.fr\/en\/#organization","name":"Hypharm","url":"https:\/\/hypharm.fr\/en\/","logo":{"@type":"ImageObject","inLanguage":"en-US","@id":"https:\/\/hypharm.fr\/en\/#\/schema\/logo\/image\/","url":"https:\/\/hypharm.fr\/wp-content\/uploads\/2020\/07\/logo-hypharm-horizontal.svg","contentUrl":"https:\/\/hypharm.fr\/wp-content\/uploads\/2020\/07\/logo-hypharm-horizontal.svg","width":310,"height":77,"caption":"Hypharm"},"image":{"@id":"https:\/\/hypharm.fr\/en\/#\/schema\/logo\/image\/"}}]}},"_links":{"self":[{"href":"https:\/\/hypharm.fr\/en\/wp-json\/wp\/v2\/pages\/60601","targetHints":{"allow":["GET"]}}],"collection":[{"href":"https:\/\/hypharm.fr\/en\/wp-json\/wp\/v2\/pages"}],"about":[{"href":"https:\/\/hypharm.fr\/en\/wp-json\/wp\/v2\/types\/page"}],"author":[{"embeddable":true,"href":"https:\/\/hypharm.fr\/en\/wp-json\/wp\/v2\/users\/2"}],"replies":[{"embeddable":true,"href":"https:\/\/hypharm.fr\/en\/wp-json\/wp\/v2\/comments?post=60601"}],"version-history":[{"count":0,"href":"https:\/\/hypharm.fr\/en\/wp-json\/wp\/v2\/pages\/60601\/revisions"}],"wp:attachment":[{"href":"https:\/\/hypharm.fr\/en\/wp-json\/wp\/v2\/media?parent=60601"}],"curies":[{"name":"wp","href":"https:\/\/api.w.org\/{rel}","templated":true}]}}