{"id":74354,"date":"2023-07-20T15:37:17","date_gmt":"2023-07-20T14:37:17","guid":{"rendered":"https:\/\/hypharm.fr\/weezyou\/"},"modified":"2023-07-24T10:07:20","modified_gmt":"2023-07-24T09:07:20","slug":"weezyou","status":"publish","type":"page","link":"https:\/\/hypharm.fr\/en\/weezyou\/","title":{"rendered":"Weezyou"},"content":{"rendered":"<p>[et_pb_section fb_built=&#8221;1&#8243; _builder_version=&#8221;4.18.0&#8243; background_color=&#8221;rgba(0,0,0,0.33)&#8221; background_image=&#8221;https:\/\/hypharm.fr\/wp-content\/uploads\/2023\/07\/banner-weezyou.jpg&#8221; background_position=&#8221;top_left&#8221; background_blend=&#8221;overlay&#8221; custom_padding=&#8221;|0%|7%|0%|false|true&#8221; custom_padding_tablet=&#8221;|0px|7%|0px|false|true&#8221; custom_padding_phone=&#8221;|0px|7%|0px|false|true&#8221; global_colors_info=&#8221;%91%93&#8243;][et_pb_row custom_padding_last_edited=&#8221;on|phone&#8221; module_class=&#8221; et_pb_row_fullwidth&#8221; _builder_version=&#8221;4.18.0&#8243; max_width=&#8221;1500px&#8221; custom_padding=&#8221;|5%|0px|5%|false|true&#8221; custom_padding_tablet=&#8221;||||false|true&#8221; custom_padding_phone=&#8221;||||false|true&#8221; make_fullwidth=&#8221;on&#8221; global_colors_info=&#8221;%91%93&#8243;][et_pb_column type=&#8221;4_4&#8243; _builder_version=&#8221;4.16&#8243; custom_padding=&#8221;|||&#8221; global_colors_info=&#8221;{}&#8221; custom_padding__hover=&#8221;|||&#8221;][et_pb_text _builder_version=&#8221;4.18.0&#8243; text_font=&#8221;||||||||&#8221; header_font=&#8221;||||||||&#8221; header_text_align=&#8221;left&#8221; header_text_color=&#8221;#ffffff&#8221; header_font_size=&#8221;60px&#8221; header_line_height=&#8221;1.2em&#8221; custom_margin=&#8221;||5px|||&#8221; custom_padding=&#8221;10%||||false|false&#8221; custom_padding_tablet=&#8221;15%||0%||false|false&#8221; custom_padding_phone=&#8221;20%||0%||false|false&#8221; custom_padding_last_edited=&#8221;on|tablet&#8221; header_font_size_tablet=&#8221;60px&#8221; header_font_size_phone=&#8221;35px&#8221; header_font_size_last_edited=&#8221;on|phone&#8221; global_colors_info=&#8221;%91%93&#8243;]<\/p>\n<h1>Weezyou<\/h1>\n<p>[\/et_pb_text][et_pb_text _builder_version=&#8221;4.18.0&#8243; text_font=&#8221;||||||||&#8221; text_text_color=&#8221;#ffffff&#8221; text_font_size=&#8221;22px&#8221; text_line_height=&#8221;1.2em&#8221; width=&#8221;61%&#8221; width_tablet=&#8221;100%&#8221; width_phone=&#8221;&#8221; width_last_edited=&#8221;on|phone&#8221; custom_margin=&#8221;-4px|||||&#8221; custom_padding=&#8221;10px||36px|||&#8221; text_font_size_tablet=&#8221;&#8221; text_font_size_phone=&#8221;&#8221; text_font_size_last_edited=&#8221;on|desktop&#8221; global_colors_info=&#8221;%91%93&#8243;]<\/p>\n<p>The animal production services platform<\/p>\n<p>[\/et_pb_text][\/et_pb_column][\/et_pb_row][\/et_pb_section][et_pb_section fb_built=&#8221;1&#8243; _builder_version=&#8221;4.18.0&#8243; custom_padding=&#8221;80px|0%|100px|0%|false|true&#8221; custom_padding_tablet=&#8221;60px|0px|60px|0px|true|true&#8221; custom_padding_phone=&#8221;20px||20px||true|true&#8221; global_colors_info=&#8221;%91%93&#8243;][et_pb_row column_structure=&#8221;1_2,1_2&#8243; custom_padding_last_edited=&#8221;on|tablet&#8221; _builder_version=&#8221;4.18.0&#8243; max_width=&#8221;1500px&#8221; custom_padding=&#8221;|5%||5%|false|true&#8221; custom_padding_tablet=&#8221;0px|5%|0px|5%|false|false&#8221; custom_padding_phone=&#8221;0px|5%|0px|5%|false|true&#8221; global_colors_info=&#8221;%91%93&#8243;][et_pb_column type=&#8221;1_2&#8243; _builder_version=&#8221;4.18.0&#8243; background_enable_image=&#8221;off&#8221; background_size=&#8221;initial&#8221; background_position=&#8221;bottom_left&#8221; global_colors_info=&#8221;{}&#8221;][et_pb_image src=&#8221;https:\/\/hypharm.fr\/wp-content\/uploads\/2023\/07\/logo-weezyou.jpg&#8221; alt=&#8221;Mickael Le Helloco, DG Novogen, g\u00e9n\u00e9tique aviculture&#8221; title_text=&#8221;logo-weezyou&#8221; disabled_on=&#8221;on|on|off&#8221; _builder_version=&#8221;4.18.0&#8243; background_enable_image=&#8221;off&#8221; z_index=&#8221;56&#8243; width=&#8221;100%&#8221; module_alignment=&#8221;right&#8221; custom_margin=&#8221;||0px|0px|false|false&#8221; custom_padding=&#8221;||||false|false&#8221; border_radii=&#8221;on|60px|60px|60px|60px&#8221; global_colors_info=&#8221;{}&#8221;][\/et_pb_image][\/et_pb_column][et_pb_column type=&#8221;1_2&#8243; _builder_version=&#8221;4.18.0&#8243; global_colors_info=&#8221;{}&#8221;][et_pb_image src=&#8221;https:\/\/hypharm.fr\/wp-content\/uploads\/2023\/07\/angle-droit.svg&#8221; title_text=&#8221;angle-droit&#8221; align=&#8221;right&#8221; _builder_version=&#8221;4.16&#8243; z_index=&#8221;43&#8243; width=&#8221;18%&#8221; module_alignment=&#8221;right&#8221; custom_margin=&#8221;-70px||0px||false|false&#8221; custom_margin_tablet=&#8221;0px||0px||false|false&#8221; custom_margin_phone=&#8221;&#8221; custom_margin_last_edited=&#8221;on|tablet&#8221; border_radii=&#8221;off||||&#8221; global_colors_info=&#8221;{}&#8221;][\/et_pb_image][et_pb_text _builder_version=&#8221;4.18.0&#8243; text_font=&#8221;|800||on|||||&#8221; text_text_color=&#8221;#2354A4&#8243; text_font_size=&#8221;2vw&#8221; text_line_height=&#8221;1.2em&#8221; header_font=&#8221;||||||||&#8221; header_font_size=&#8221;50px&#8221; header_2_font=&#8221;||||||||&#8221; header_2_text_color=&#8221;#1d1d1b&#8221; header_2_font_size=&#8221;3vw&#8221; header_2_line_height=&#8221;50px&#8221; header_3_font=&#8221;||||||||&#8221; header_3_text_color=&#8221;#000000&#8243; header_3_font_size=&#8221;28px&#8221; header_3_line_height=&#8221;1.2em&#8221; header_4_text_align=&#8221;left&#8221; header_4_text_color=&#8221;#ffffff&#8221; background_color=&#8221;#ffffff&#8221; custom_margin=&#8221;-80px||0px|-30%|false|false&#8221; custom_margin_tablet=&#8221;-30px|||0%|false|false&#8221; custom_margin_phone=&#8221;&#8221; custom_margin_last_edited=&#8221;on|tablet&#8221; custom_padding=&#8221;70px|20%|5%|5%|false|false&#8221; custom_padding_tablet=&#8221;0px|15%|5%|0%|false|false&#8221; custom_padding_phone=&#8221;|10%|||false|false&#8221; custom_padding_last_edited=&#8221;on|tablet&#8221; hover_enabled=&#8221;0&#8243; text_font_size_tablet=&#8221;3.5vw&#8221; text_font_size_phone=&#8221;6vw&#8221; text_font_size_last_edited=&#8221;on|tablet&#8221; header_3_font_size_tablet=&#8221;22px&#8221; header_3_font_size_phone=&#8221;20px&#8221; header_3_font_size_last_edited=&#8221;on|phone&#8221; border_radii=&#8221;off||||60px&#8221; border_style_all=&#8221;none&#8221; border_color_top=&#8221;#ffffff&#8221; border_color_right=&#8221;#ffffff&#8221; border_color_bottom=&#8221;#ffffff&#8221; border_color_left=&#8221;#ffffff&#8221; border_radii_tablet=&#8221;off||||0px&#8221; border_radii_phone=&#8221;off||||0px&#8221; border_radii_last_edited=&#8221;on|phone&#8221; global_colors_info=&#8221;%91%93&#8243; sticky_enabled=&#8221;0&#8243;]<\/p>\n<h3>Hypharm <span style=\"color: #f18700;\"> has designed the &#8220;Weezyou&#8221; platform, specially dedicated to those involved in animal production<\/span><\/h3>\n<p>[\/et_pb_text][et_pb_text _builder_version=&#8221;4.18.0&#8243; text_font=&#8221;||||||||&#8221; text_text_color=&#8221;#000000&#8243; header_font=&#8221;||||||||&#8221; header_font_size=&#8221;50px&#8221; header_2_font=&#8221;||||||||&#8221; header_2_text_color=&#8221;#1d1d1b&#8221; header_2_line_height=&#8221;50px&#8221; header_3_font=&#8221;||||||||&#8221; header_3_text_color=&#8221;#ffffff&#8221; header_3_font_size=&#8221;28px&#8221; header_3_line_height=&#8221;30px&#8221; header_4_text_align=&#8221;left&#8221; header_4_text_color=&#8221;#ffffff&#8221; background_color=&#8221;#ffffff&#8221; background_enable_color=&#8221;off&#8221; custom_margin=&#8221;0px||10px||false|false&#8221; custom_padding=&#8221;|5%|0px|0px|false|false&#8221; border_radii=&#8221;||||&#8221; border_style_all=&#8221;none&#8221; border_color_top=&#8221;#ffffff&#8221; border_color_right=&#8221;#ffffff&#8221; border_color_bottom=&#8221;#ffffff&#8221; border_color_left=&#8221;#ffffff&#8221; global_colors_info=&#8221;%91%93&#8243;]<\/p>\n<p>Hypharm has designed the &#8220;Weezyou&#8221; platform, specially dedicated to those involved in animal production, to offer you optimum support in rabbit farming.<\/p>\n<p>[\/et_pb_text][et_pb_button button_url=&#8221;https:\/\/weezyou.com\/?_industries=rabbit&#8221; url_new_window=&#8221;on&#8221; button_text=&#8221;Discover Weezyou&#8221; _builder_version=&#8221;4.18.0&#8243; _module_preset=&#8221;default&#8221; custom_margin=&#8221;||20px||false|false&#8221; global_colors_info=&#8221;{}&#8221;][\/et_pb_button][et_pb_text _builder_version=&#8221;4.18.0&#8243; text_font=&#8221;||||||||&#8221; text_text_color=&#8221;#000000&#8243; header_font=&#8221;||||||||&#8221; header_font_size=&#8221;50px&#8221; header_2_font=&#8221;||||||||&#8221; header_2_text_color=&#8221;#1d1d1b&#8221; header_2_line_height=&#8221;50px&#8221; header_3_font=&#8221;||||||||&#8221; header_3_text_color=&#8221;#ffffff&#8221; header_3_font_size=&#8221;28px&#8221; header_3_line_height=&#8221;30px&#8221; header_4_text_align=&#8221;left&#8221; header_4_text_color=&#8221;#ffffff&#8221; background_color=&#8221;#ffffff&#8221; background_enable_color=&#8221;off&#8221; custom_margin=&#8221;14px||0px||false|false&#8221; custom_padding=&#8221;|5%|0px|0px|false|false&#8221; border_radii=&#8221;||||&#8221; border_style_all=&#8221;none&#8221; border_color_top=&#8221;#ffffff&#8221; border_color_right=&#8221;#ffffff&#8221; border_color_bottom=&#8221;#ffffff&#8221; border_color_left=&#8221;#ffffff&#8221; global_colors_info=&#8221;%91%93&#8243;]<\/p>\n<p>On this platform, you will find our technical documentation, articles, advice, tutorials and a host of services offered by our experts, available in several languages.<\/p>\n<p>As we are aware that our teams do not cover all areas of livestock production, such as nutrition or animal health, we have brought together several partners on this platform who can contribute with their expertise in other areas and for other animal species.<\/p>\n<p>Don&#8217;t forget to subscribe to the Weezyou Newsletter to be kept informed of new content!<\/p>\n<p>Enjoy your discovery!<\/p>\n<p>[\/et_pb_text][et_pb_image src=&#8221;https:\/\/hypharm.fr\/wp-content\/uploads\/2023\/07\/logo-weezyou.jpg&#8221; alt=&#8221;Mickael Le Helloco, Directeur G\u00e9n\u00e9ral de Novogen, g\u00e9n\u00e9tique aviculture&#8221; title_text=&#8221;logo-weezyou&#8221; disabled_on=&#8221;off|off|on&#8221; _builder_version=&#8221;4.18.0&#8243; background_enable_image=&#8221;off&#8221; z_index=&#8221;56&#8243; width=&#8221;100%&#8221; module_alignment=&#8221;right&#8221; custom_margin=&#8221;32px||0px|0px|false|false&#8221; custom_padding=&#8221;||||false|false&#8221; border_radii=&#8221;off|60px|60px|60px|&#8221; global_colors_info=&#8221;{}&#8221;][\/et_pb_image][\/et_pb_column][\/et_pb_row][\/et_pb_section]<\/p>\n","protected":false},"excerpt":{"rendered":"<p>WeezyouThe animal production services platformHypharm has designed the &#8220;Weezyou&#8221; platform, specially dedicated to those involved in animal productionHypharm has designed the &#8220;Weezyou&#8221; platform, specially dedicated to those involved in animal production, to offer you optimum support in rabbit farming.On this platform, you will find our technical documentation, articles, advice, tutorials and a host of services [&hellip;]<\/p>\n","protected":false},"author":2,"featured_media":0,"parent":0,"menu_order":0,"comment_status":"closed","ping_status":"closed","template":"","meta":{"_et_pb_use_builder":"on","_et_pb_old_content":"","_et_gb_content_width":"","footnotes":""},"class_list":["post-74354","page","type-page","status-publish","hentry"],"yoast_head":"<!-- This site is optimized with the Yoast SEO plugin v26.4 - https:\/\/yoast.com\/wordpress\/plugins\/seo\/ -->\n<title>Weezyou - Hypharm<\/title>\n<meta name=\"robots\" content=\"index, follow, max-snippet:-1, max-image-preview:large, max-video-preview:-1\" \/>\n<link rel=\"canonical\" href=\"https:\/\/hypharm.fr\/en\/weezyou\/\" \/>\n<meta property=\"og:locale\" content=\"en_US\" \/>\n<meta property=\"og:type\" content=\"article\" \/>\n<meta property=\"og:title\" content=\"Weezyou - Hypharm\" \/>\n<meta property=\"og:description\" content=\"WeezyouThe animal production services platformHypharm has designed the &quot;Weezyou&quot; platform, specially dedicated to those involved in animal productionHypharm has designed the &quot;Weezyou&quot; platform, specially dedicated to those involved in animal production, to offer you optimum support in rabbit farming.On this platform, you will find our technical documentation, articles, advice, tutorials and a host of services [&hellip;]\" \/>\n<meta property=\"og:url\" content=\"https:\/\/hypharm.fr\/en\/weezyou\/\" \/>\n<meta property=\"og:site_name\" content=\"Hypharm\" \/>\n<meta property=\"article:modified_time\" content=\"2023-07-24T09:07:20+00:00\" \/>\n<meta name=\"twitter:card\" content=\"summary_large_image\" \/>\n<meta name=\"twitter:label1\" content=\"Est. reading time\" \/>\n\t<meta name=\"twitter:data1\" content=\"2 minutes\" \/>\n<script type=\"application\/ld+json\" class=\"yoast-schema-graph\">{\"@context\":\"https:\/\/schema.org\",\"@graph\":[{\"@type\":\"WebPage\",\"@id\":\"https:\/\/hypharm.fr\/en\/weezyou\/\",\"url\":\"https:\/\/hypharm.fr\/en\/weezyou\/\",\"name\":\"Weezyou - Hypharm\",\"isPartOf\":{\"@id\":\"https:\/\/hypharm.fr\/en\/#website\"},\"datePublished\":\"2023-07-20T14:37:17+00:00\",\"dateModified\":\"2023-07-24T09:07:20+00:00\",\"breadcrumb\":{\"@id\":\"https:\/\/hypharm.fr\/en\/weezyou\/#breadcrumb\"},\"inLanguage\":\"en-US\",\"potentialAction\":[{\"@type\":\"ReadAction\",\"target\":[\"https:\/\/hypharm.fr\/en\/weezyou\/\"]}]},{\"@type\":\"BreadcrumbList\",\"@id\":\"https:\/\/hypharm.fr\/en\/weezyou\/#breadcrumb\",\"itemListElement\":[{\"@type\":\"ListItem\",\"position\":1,\"name\":\"Accueil\",\"item\":\"https:\/\/hypharm.fr\/en\/\"},{\"@type\":\"ListItem\",\"position\":2,\"name\":\"Weezyou\"}]},{\"@type\":\"WebSite\",\"@id\":\"https:\/\/hypharm.fr\/en\/#website\",\"url\":\"https:\/\/hypharm.fr\/en\/\",\"name\":\"Hypharm\",\"description\":\"Prendre soin de la vie\",\"publisher\":{\"@id\":\"https:\/\/hypharm.fr\/en\/#organization\"},\"potentialAction\":[{\"@type\":\"SearchAction\",\"target\":{\"@type\":\"EntryPoint\",\"urlTemplate\":\"https:\/\/hypharm.fr\/en\/?s={search_term_string}\"},\"query-input\":{\"@type\":\"PropertyValueSpecification\",\"valueRequired\":true,\"valueName\":\"search_term_string\"}}],\"inLanguage\":\"en-US\"},{\"@type\":\"Organization\",\"@id\":\"https:\/\/hypharm.fr\/en\/#organization\",\"name\":\"Hypharm\",\"url\":\"https:\/\/hypharm.fr\/en\/\",\"logo\":{\"@type\":\"ImageObject\",\"inLanguage\":\"en-US\",\"@id\":\"https:\/\/hypharm.fr\/en\/#\/schema\/logo\/image\/\",\"url\":\"https:\/\/hypharm.fr\/wp-content\/uploads\/2020\/07\/logo-hypharm-horizontal.svg\",\"contentUrl\":\"https:\/\/hypharm.fr\/wp-content\/uploads\/2020\/07\/logo-hypharm-horizontal.svg\",\"width\":310,\"height\":77,\"caption\":\"Hypharm\"},\"image\":{\"@id\":\"https:\/\/hypharm.fr\/en\/#\/schema\/logo\/image\/\"}}]}<\/script>\n<!-- \/ Yoast SEO plugin. -->","yoast_head_json":{"title":"Weezyou - Hypharm","robots":{"index":"index","follow":"follow","max-snippet":"max-snippet:-1","max-image-preview":"max-image-preview:large","max-video-preview":"max-video-preview:-1"},"canonical":"https:\/\/hypharm.fr\/en\/weezyou\/","og_locale":"en_US","og_type":"article","og_title":"Weezyou - Hypharm","og_description":"WeezyouThe animal production services platformHypharm has designed the \"Weezyou\" platform, specially dedicated to those involved in animal productionHypharm has designed the \"Weezyou\" platform, specially dedicated to those involved in animal production, to offer you optimum support in rabbit farming.On this platform, you will find our technical documentation, articles, advice, tutorials and a host of services [&hellip;]","og_url":"https:\/\/hypharm.fr\/en\/weezyou\/","og_site_name":"Hypharm","article_modified_time":"2023-07-24T09:07:20+00:00","twitter_card":"summary_large_image","twitter_misc":{"Est. reading time":"2 minutes"},"schema":{"@context":"https:\/\/schema.org","@graph":[{"@type":"WebPage","@id":"https:\/\/hypharm.fr\/en\/weezyou\/","url":"https:\/\/hypharm.fr\/en\/weezyou\/","name":"Weezyou - Hypharm","isPartOf":{"@id":"https:\/\/hypharm.fr\/en\/#website"},"datePublished":"2023-07-20T14:37:17+00:00","dateModified":"2023-07-24T09:07:20+00:00","breadcrumb":{"@id":"https:\/\/hypharm.fr\/en\/weezyou\/#breadcrumb"},"inLanguage":"en-US","potentialAction":[{"@type":"ReadAction","target":["https:\/\/hypharm.fr\/en\/weezyou\/"]}]},{"@type":"BreadcrumbList","@id":"https:\/\/hypharm.fr\/en\/weezyou\/#breadcrumb","itemListElement":[{"@type":"ListItem","position":1,"name":"Accueil","item":"https:\/\/hypharm.fr\/en\/"},{"@type":"ListItem","position":2,"name":"Weezyou"}]},{"@type":"WebSite","@id":"https:\/\/hypharm.fr\/en\/#website","url":"https:\/\/hypharm.fr\/en\/","name":"Hypharm","description":"Prendre soin de la vie","publisher":{"@id":"https:\/\/hypharm.fr\/en\/#organization"},"potentialAction":[{"@type":"SearchAction","target":{"@type":"EntryPoint","urlTemplate":"https:\/\/hypharm.fr\/en\/?s={search_term_string}"},"query-input":{"@type":"PropertyValueSpecification","valueRequired":true,"valueName":"search_term_string"}}],"inLanguage":"en-US"},{"@type":"Organization","@id":"https:\/\/hypharm.fr\/en\/#organization","name":"Hypharm","url":"https:\/\/hypharm.fr\/en\/","logo":{"@type":"ImageObject","inLanguage":"en-US","@id":"https:\/\/hypharm.fr\/en\/#\/schema\/logo\/image\/","url":"https:\/\/hypharm.fr\/wp-content\/uploads\/2020\/07\/logo-hypharm-horizontal.svg","contentUrl":"https:\/\/hypharm.fr\/wp-content\/uploads\/2020\/07\/logo-hypharm-horizontal.svg","width":310,"height":77,"caption":"Hypharm"},"image":{"@id":"https:\/\/hypharm.fr\/en\/#\/schema\/logo\/image\/"}}]}},"_links":{"self":[{"href":"https:\/\/hypharm.fr\/en\/wp-json\/wp\/v2\/pages\/74354","targetHints":{"allow":["GET"]}}],"collection":[{"href":"https:\/\/hypharm.fr\/en\/wp-json\/wp\/v2\/pages"}],"about":[{"href":"https:\/\/hypharm.fr\/en\/wp-json\/wp\/v2\/types\/page"}],"author":[{"embeddable":true,"href":"https:\/\/hypharm.fr\/en\/wp-json\/wp\/v2\/users\/2"}],"replies":[{"embeddable":true,"href":"https:\/\/hypharm.fr\/en\/wp-json\/wp\/v2\/comments?post=74354"}],"version-history":[{"count":0,"href":"https:\/\/hypharm.fr\/en\/wp-json\/wp\/v2\/pages\/74354\/revisions"}],"wp:attachment":[{"href":"https:\/\/hypharm.fr\/en\/wp-json\/wp\/v2\/media?parent=74354"}],"curies":[{"name":"wp","href":"https:\/\/api.w.org\/{rel}","templated":true}]}}