{"id":60974,"date":"2019-03-04T08:05:21","date_gmt":"2019-03-04T07:05:21","guid":{"rendered":"https:\/\/hypharm.fr\/nos-equipes\/"},"modified":"2024-08-14T09:12:21","modified_gmt":"2024-08-14T08:12:21","slug":"equipos","status":"publish","type":"page","link":"https:\/\/hypharm.fr\/es\/equipos\/","title":{"rendered":"Nuestros equipos"},"content":{"rendered":"<p>[et_pb_section fb_built=\u00bb1&#8243; next_background_color=\u00bb#ffffff\u00bb _builder_version=\u00bb4.16&#8243; background_color=\u00bbrgba(0,0,0,0.33)\u00bb background_image=\u00bbhttps:\/\/hypharm.fr\/wp-content\/uploads\/2020\/07\/header-equipe-02.jpg\u00bb background_blend=\u00bboverlay\u00bb custom_padding=\u00bb100px|0%|200px|0%|false|true\u00bb custom_padding_tablet=\u00bb|0px||0px|false|true\u00bb custom_padding_phone=\u00bb|0px|150px|0px|false|true\u00bb bottom_divider_style=\u00bbmountains\u00bb global_colors_info=\u00bb{}\u00bb][et_pb_row custom_padding_last_edited=\u00bbon|tablet\u00bb module_class=\u00bb et_pb_row_fullwidth\u00bb _builder_version=\u00bb4.16&#8243; custom_padding=\u00bb|5%|0px|5%|false|true\u00bb custom_padding_tablet=\u00bb|7%||7%|false|true\u00bb custom_padding_phone=\u00bb\u00bb make_fullwidth=\u00bbon\u00bb global_colors_info=\u00bb{}\u00bb][et_pb_column type=\u00bb4_4&#8243; _builder_version=\u00bb4.16&#8243; custom_padding=\u00bb|||\u00bb global_colors_info=\u00bb{}\u00bb custom_padding__hover=\u00bb|||\u00bb][et_pb_text _builder_version=\u00bb4.16&#8243; text_font=\u00bb||||||||\u00bb header_font=\u00bb||||||||\u00bb header_text_align=\u00bbleft\u00bb header_text_color=\u00bb#ffffff\u00bb header_font_size=\u00bb60px\u00bb header_line_height=\u00bb1.2em\u00bb custom_margin=\u00bb||5px|||\u00bb custom_padding=\u00bb0px||||false|false\u00bb custom_padding_tablet=\u00bb0px||0%||false|false\u00bb custom_padding_phone=\u00bb0px||0%||false|false\u00bb custom_padding_last_edited=\u00bbon|phone\u00bb header_font_size_tablet=\u00bb60px\u00bb header_font_size_phone=\u00bb45px\u00bb header_font_size_last_edited=\u00bbon|phone\u00bb global_colors_info=\u00bb{}\u00bb]<\/p>\n<h1>Nuestros equipos<\/h1>\n<p>[\/et_pb_text][et_pb_text _builder_version=\u00bb4.16&#8243; text_font=\u00bb||||||||\u00bb text_text_color=\u00bb#ffffff\u00bb text_font_size=\u00bb22px\u00bb text_line_height=\u00bb1.2em\u00bb width=\u00bb61%\u00bb width_tablet=\u00bb100%\u00bb width_phone=\u00bb\u00bb width_last_edited=\u00bbon|phone\u00bb custom_margin=\u00bb-4px|||||\u00bb custom_padding=\u00bb10px||36px|||\u00bb text_font_size_tablet=\u00bb\u00bb text_font_size_phone=\u00bb\u00bb text_font_size_last_edited=\u00bbon|desktop\u00bb global_colors_info=\u00bb{}\u00bb]<\/p>\n<p>En Hypharm, los hombres y mujeres que lideran nuestros reba\u00f1os de selecci\u00f3n, son apasionados.<\/p>\n<p>[\/et_pb_text][\/et_pb_column][\/et_pb_row][\/et_pb_section][et_pb_section fb_built=\u00bb1&#8243; _builder_version=\u00bb4.16&#8243; custom_padding=\u00bb138px|7%|100px|7%|false|true\u00bb custom_padding_tablet=\u00bb100px|7%|100px|7%|true|true\u00bb global_colors_info=\u00bb{}\u00bb][et_pb_row column_structure=\u00bb1_2,1_2&#8243; custom_padding_last_edited=\u00bbon|tablet\u00bb _builder_version=\u00bb4.16&#8243; custom_padding_tablet=\u00bb0px||0px||false|false\u00bb custom_padding_phone=\u00bb\u00bb global_colors_info=\u00bb{}\u00bb][et_pb_column type=\u00bb1_2&#8243; _builder_version=\u00bb4.16&#8243; background_enable_image=\u00bboff\u00bb background_size=\u00bbinitial\u00bb background_position=\u00bbbottom_left\u00bb global_colors_info=\u00bb{}\u00bb][et_pb_image src=\u00bbhttps:\/\/hypharm.fr\/wp-content\/uploads\/2020\/06\/citation-equipe-corner.jpg\u00bb alt=\u00bbmape monde furiste \u00bb disabled_on=\u00bbon|on|off\u00bb _builder_version=\u00bb4.16&#8243; background_enable_image=\u00bboff\u00bb z_index=\u00bb56&#8243; width=\u00bb100%\u00bb module_alignment=\u00bbright\u00bb custom_margin=\u00bb||0px|0px|false|false\u00bb custom_padding=\u00bb||||false|false\u00bb global_colors_info=\u00bb{}\u00bb][\/et_pb_image][\/et_pb_column][et_pb_column type=\u00bb1_2&#8243; _builder_version=\u00bb4.16&#8243; global_colors_info=\u00bb{}\u00bb][et_pb_image src=\u00bbhttps:\/\/hypharm.fr\/wp-content\/uploads\/2020\/06\/coin-haut-droit-vert.svg\u00bb align=\u00bbright\u00bb _builder_version=\u00bb4.16&#8243; z_index=\u00bb43&#8243; width=\u00bb100%\u00bb custom_margin=\u00bb-70px||0px||false|false\u00bb custom_margin_tablet=\u00bb0px||0px||false|false\u00bb custom_margin_phone=\u00bb\u00bb custom_margin_last_edited=\u00bbon|tablet\u00bb global_colors_info=\u00bb{}\u00bb][\/et_pb_image][et_pb_text _builder_version=\u00bb4.16&#8243; text_font=\u00bb|800||on|||||\u00bb text_text_color=\u00bb#2354A4&#8243; text_font_size=\u00bb2vw\u00bb text_line_height=\u00bb1.2em\u00bb header_font=\u00bb||||||||\u00bb header_font_size=\u00bb50px\u00bb header_2_font=\u00bb||||||||\u00bb header_2_text_color=\u00bb#1d1d1b\u00bb header_2_font_size=\u00bb3vw\u00bb header_2_line_height=\u00bb50px\u00bb header_3_font=\u00bb|700|||||||\u00bb header_3_text_color=\u00bb#000000&#8243; header_3_font_size=\u00bb28px\u00bb header_3_line_height=\u00bb1.2em\u00bb header_4_text_align=\u00bbleft\u00bb header_4_text_color=\u00bb#ffffff\u00bb background_color=\u00bb#ffffff\u00bb custom_margin=\u00bb-125px||0px|-30%|false|false\u00bb custom_margin_tablet=\u00bb-30px|||0%|false|false\u00bb custom_margin_phone=\u00bb\u00bb custom_margin_last_edited=\u00bbon|tablet\u00bb custom_padding=\u00bb70px|20%|5%|5%|false|false\u00bb custom_padding_tablet=\u00bb0px|15%|5%|0%|false|false\u00bb custom_padding_phone=\u00bb||||false|false\u00bb custom_padding_last_edited=\u00bbon|phone\u00bb text_font_size_tablet=\u00bb3.5vw\u00bb text_font_size_phone=\u00bb6vw\u00bb text_font_size_last_edited=\u00bbon|tablet\u00bb header_3_font_size_tablet=\u00bb28px\u00bb header_3_font_size_phone=\u00bb28px\u00bb header_3_font_size_last_edited=\u00bbon|desktop\u00bb border_radii=\u00bb||||\u00bb border_style_all=\u00bbnone\u00bb border_color_top=\u00bb#ffffff\u00bb border_color_right=\u00bb#ffffff\u00bb border_color_bottom=\u00bb#ffffff\u00bb border_color_left=\u00bb#ffffff\u00bb global_colors_info=\u00bb{}\u00bb]<\/p>\n<h3>RECLUTAR A LOS MEJORES Y HACERLOS JUGAR EN <span style=\"color: #00a092;\">EQUIPO<\/span>.<\/h3>\n<p>[\/et_pb_text][et_pb_text _builder_version=\u00bb4.16&#8243; text_font=\u00bb||||||||\u00bb text_text_color=\u00bb#000000&#8243; header_font=\u00bb||||||||\u00bb header_font_size=\u00bb50px\u00bb header_2_font=\u00bb||||||||\u00bb header_2_text_color=\u00bb#1d1d1b\u00bb header_2_line_height=\u00bb50px\u00bb header_3_font=\u00bb||||||||\u00bb header_3_text_color=\u00bb#ffffff\u00bb header_3_font_size=\u00bb28px\u00bb header_3_line_height=\u00bb30px\u00bb header_4_text_align=\u00bbleft\u00bb header_4_text_color=\u00bb#ffffff\u00bb background_color=\u00bb#ffffff\u00bb background_enable_color=\u00bboff\u00bb custom_margin=\u00bb14px||0px||false|false\u00bb custom_padding=\u00bb|5%|0px|0px|false|false\u00bb border_radii=\u00bb||||\u00bb border_style_all=\u00bbnone\u00bb border_color_top=\u00bb#ffffff\u00bb border_color_right=\u00bb#ffffff\u00bb border_color_bottom=\u00bb#ffffff\u00bb border_color_left=\u00bb#ffffff\u00bb global_colors_info=\u00bb{}\u00bb]<\/p>\n<p>Trabajar en el campo de la selecci\u00f3n gen\u00e9tica animal es sobre todo una cuesti\u00f3n de gusto que cultivamos en HYPHARM y que muestra un profundo apego al cuidado de la vida.<\/p>\n<p>Todos nuestros empleados tienen en com\u00fan la pasi\u00f3n por el trabajo bien hecho, la precisi\u00f3n, el buen trato a los animales y la relaci\u00f3n con el cliente.<\/p>\n<p>Cada d\u00eda hacemos todo lo posible para mejorar la salud y los rendimientos de nuestras l\u00edneas gracias al uso de herramientas modernas puestas a nuestra disposici\u00f3n dentro del Groupe Grimaud.<\/p>\n<p>Recomendamos encarecidamente la formaci\u00f3n y la promoci\u00f3n del talento para que todos puedan aprovechar las oportunidades de evolucionar y tomar iniciativas en un entorno solidario.<\/p>\n<p style=\"text-align: right;\"><strong>Olivier Demeure,<\/strong><br \/><strong>Director General<\/strong><\/p>\n<p>[\/et_pb_text][et_pb_image src=\u00bbhttps:\/\/hypharm.fr\/wp-content\/uploads\/2020\/06\/citation-equipe-corner.jpg\u00bb alt=\u00bbmape monde futuriste \u00bb disabled_on=\u00bboff|off|on\u00bb _builder_version=\u00bb4.16&#8243; background_enable_image=\u00bboff\u00bb z_index=\u00bb56&#8243; width=\u00bb100%\u00bb module_alignment=\u00bbright\u00bb custom_margin=\u00bb32px||0px|0px|false|false\u00bb custom_padding=\u00bb||||false|false\u00bb global_colors_info=\u00bb{}\u00bb][\/et_pb_image][\/et_pb_column][\/et_pb_row][\/et_pb_section][et_pb_section fb_built=\u00bb1&#8243; _builder_version=\u00bb4.16&#8243; background_color=\u00bb#f7f8f8&#8243; global_colors_info=\u00bb{}\u00bb][et_pb_row column_structure=\u00bb1_2,1_2&#8243; _builder_version=\u00bb4.16&#8243; custom_margin=\u00bb0px||||false|false\u00bb custom_padding=\u00bb0px||0px||false|false\u00bb global_colors_info=\u00bb{}\u00bb][et_pb_column type=\u00bb1_2&#8243; _builder_version=\u00bb4.16&#8243; global_colors_info=\u00bb{}\u00bb][et_pb_text _builder_version=\u00bb4.16&#8243; header_font=\u00bb||||||||\u00bb header_2_font=\u00bb||||||||\u00bb header_2_font_size=\u00bb45px\u00bb custom_margin=\u00bb||0px||false|false\u00bb header_2_font_size_phone=\u00bb30px\u00bb global_colors_info=\u00bb{}\u00bb]<\/p>\n<h2>\u00danete<br \/><strong><span style=\"color: #37877f;\">a nosotros<\/span><\/strong><\/h2>\n<p>[\/et_pb_text][et_pb_divider color=\u00bb#37877f\u00bb divider_position=\u00bbcenter\u00bb divider_weight=\u00bb7px\u00bb _builder_version=\u00bb4.16&#8243; max_width=\u00bb70px\u00bb global_colors_info=\u00bb{}\u00bb][\/et_pb_divider][et_pb_text _builder_version=\u00bb4.16&#8243; text_font=\u00bb||||||||\u00bb text_text_color=\u00bb#000000&#8243; header_font=\u00bb||||||||\u00bb custom_margin=\u00bb||||false|false\u00bb custom_margin_tablet=\u00bb35px||50px||false|false\u00bb custom_margin_phone=\u00bb||50px||false|false\u00bb custom_margin_last_edited=\u00bbon|phone\u00bb custom_padding=\u00bb||||false|false\u00bb global_colors_info=\u00bb{}\u00bb]<\/p>\n<p>\u00bf Quieres descubrir un abanico de actividades variadas y apasionantes que van desde el manejo en granjas de selecci\u00f3n, el seguimiento t\u00e9cnico y la acci\u00f3n comercial tanto en Francia como internacionalmente, pasando por el control de calidad y la sanidad animal ?<\/p>\n<p>Ven y \u00fanete a nosotros para integrar los equipos de HYPHARM donde el saber ser es tan importante como el saber hacer.<\/p>\n<p>[\/et_pb_text][et_pb_button button_url=\u00bbhttps:\/\/grimaud.com\/en\/recruitment\/\u00bb url_new_window=\u00bbon\u00bb button_text=\u00bbNuestra \u00e1rea de reclutamiento\u00bb _builder_version=\u00bb4.16&#8243; custom_margin=\u00bb||40px||false|false\u00bb custom_margin_tablet=\u00bb\u00bb custom_margin_phone=\u00bb\u00bb custom_margin_last_edited=\u00bbon|tablet\u00bb global_colors_info=\u00bb{}\u00bb button_text_color__hover_enabled=\u00bbon|hover\u00bb button_text_color__hover=\u00bb#ef7d17&#8243; button_bg_color__hover_enabled=\u00bbon|desktop\u00bb button_bg_color__hover=\u00bb#ffffff\u00bb button_bg_enable_color__hover=\u00bbon\u00bb button_border_color__hover_enabled=\u00bbon|hover\u00bb button_border_color__hover=\u00bb#ef7d17&#8243;][\/et_pb_button][\/et_pb_column][et_pb_column type=\u00bb1_2&#8243; _builder_version=\u00bb4.16&#8243; global_colors_info=\u00bb{}\u00bb][et_pb_image src=\u00bbhttps:\/\/hypharm.fr\/wp-content\/uploads\/2020\/06\/nous-rejoindre-02.jpg\u00bb alt=\u00bbToute l&#8217;\u00e9quipe choice genetics\u00bb _builder_version=\u00bb4.16&#8243; custom_margin=\u00bb||||false|false\u00bb custom_margin_tablet=\u00bb\u00bb custom_margin_phone=\u00bb||||false|false\u00bb custom_margin_last_edited=\u00bbon|phone\u00bb global_colors_info=\u00bb{}\u00bb][\/et_pb_image][\/et_pb_column][\/et_pb_row][\/et_pb_section]<\/p>\n","protected":false},"excerpt":{"rendered":"<p>Nuestros equiposEn Hypharm, los hombres y mujeres que lideran nuestros reba\u00f1os de selecci\u00f3n, son apasionados.RECLUTAR A LOS MEJORES Y HACERLOS JUGAR EN EQUIPO.Trabajar en el campo de la selecci\u00f3n gen\u00e9tica animal es sobre todo una cuesti\u00f3n de gusto que cultivamos en HYPHARM y que muestra un profundo apego al cuidado de la vida. Todos nuestros [&hellip;]<\/p>\n","protected":false},"author":2,"featured_media":0,"parent":0,"menu_order":0,"comment_status":"closed","ping_status":"closed","template":"","meta":{"_et_pb_use_builder":"on","_et_pb_old_content":"","_et_gb_content_width":"","footnotes":""},"class_list":["post-60974","page","type-page","status-publish","hentry"],"yoast_head":"<!-- This site is optimized with the Yoast SEO plugin v26.4 - https:\/\/yoast.com\/wordpress\/plugins\/seo\/ -->\n<title>Nuestros equipos<\/title>\n<meta name=\"robots\" content=\"index, follow, max-snippet:-1, max-image-preview:large, max-video-preview:-1\" \/>\n<link rel=\"canonical\" href=\"https:\/\/hypharm.fr\/es\/equipos\/\" \/>\n<meta property=\"og:locale\" content=\"es_ES\" \/>\n<meta property=\"og:type\" content=\"article\" \/>\n<meta property=\"og:title\" content=\"Nuestros equipos\" \/>\n<meta property=\"og:description\" content=\"Nuestros equiposEn Hypharm, los hombres y mujeres que lideran nuestros reba\u00f1os de selecci\u00f3n, son apasionados.RECLUTAR A LOS MEJORES Y HACERLOS JUGAR EN EQUIPO.Trabajar en el campo de la selecci\u00f3n gen\u00e9tica animal es sobre todo una cuesti\u00f3n de gusto que cultivamos en HYPHARM y que muestra un profundo apego al cuidado de la vida. Todos nuestros [&hellip;]\" \/>\n<meta property=\"og:url\" content=\"https:\/\/hypharm.fr\/es\/equipos\/\" \/>\n<meta property=\"og:site_name\" content=\"Hypharm\" \/>\n<meta property=\"article:modified_time\" content=\"2024-08-14T08:12:21+00:00\" \/>\n<meta name=\"twitter:card\" content=\"summary_large_image\" \/>\n<meta name=\"twitter:label1\" content=\"Tiempo de lectura\" \/>\n\t<meta name=\"twitter:data1\" content=\"6 minutos\" \/>\n<script type=\"application\/ld+json\" class=\"yoast-schema-graph\">{\"@context\":\"https:\/\/schema.org\",\"@graph\":[{\"@type\":\"WebPage\",\"@id\":\"https:\/\/hypharm.fr\/es\/equipos\/\",\"url\":\"https:\/\/hypharm.fr\/es\/equipos\/\",\"name\":\"Nuestros equipos\",\"isPartOf\":{\"@id\":\"https:\/\/hypharm.fr\/es\/#website\"},\"datePublished\":\"2019-03-04T07:05:21+00:00\",\"dateModified\":\"2024-08-14T08:12:21+00:00\",\"breadcrumb\":{\"@id\":\"https:\/\/hypharm.fr\/es\/equipos\/#breadcrumb\"},\"inLanguage\":\"es\",\"potentialAction\":[{\"@type\":\"ReadAction\",\"target\":[\"https:\/\/hypharm.fr\/es\/equipos\/\"]}]},{\"@type\":\"BreadcrumbList\",\"@id\":\"https:\/\/hypharm.fr\/es\/equipos\/#breadcrumb\",\"itemListElement\":[{\"@type\":\"ListItem\",\"position\":1,\"name\":\"Accueil\",\"item\":\"https:\/\/hypharm.fr\/es\/\"},{\"@type\":\"ListItem\",\"position\":2,\"name\":\"Nuestros equipos\"}]},{\"@type\":\"WebSite\",\"@id\":\"https:\/\/hypharm.fr\/es\/#website\",\"url\":\"https:\/\/hypharm.fr\/es\/\",\"name\":\"Hypharm\",\"description\":\"Prendre soin de la vie\",\"publisher\":{\"@id\":\"https:\/\/hypharm.fr\/es\/#organization\"},\"potentialAction\":[{\"@type\":\"SearchAction\",\"target\":{\"@type\":\"EntryPoint\",\"urlTemplate\":\"https:\/\/hypharm.fr\/es\/?s={search_term_string}\"},\"query-input\":{\"@type\":\"PropertyValueSpecification\",\"valueRequired\":true,\"valueName\":\"search_term_string\"}}],\"inLanguage\":\"es\"},{\"@type\":\"Organization\",\"@id\":\"https:\/\/hypharm.fr\/es\/#organization\",\"name\":\"Hypharm\",\"url\":\"https:\/\/hypharm.fr\/es\/\",\"logo\":{\"@type\":\"ImageObject\",\"inLanguage\":\"es\",\"@id\":\"https:\/\/hypharm.fr\/es\/#\/schema\/logo\/image\/\",\"url\":\"https:\/\/hypharm.fr\/wp-content\/uploads\/2020\/07\/logo-hypharm-horizontal.svg\",\"contentUrl\":\"https:\/\/hypharm.fr\/wp-content\/uploads\/2020\/07\/logo-hypharm-horizontal.svg\",\"width\":310,\"height\":77,\"caption\":\"Hypharm\"},\"image\":{\"@id\":\"https:\/\/hypharm.fr\/es\/#\/schema\/logo\/image\/\"}}]}<\/script>\n<!-- \/ Yoast SEO plugin. -->","yoast_head_json":{"title":"Nuestros equipos","robots":{"index":"index","follow":"follow","max-snippet":"max-snippet:-1","max-image-preview":"max-image-preview:large","max-video-preview":"max-video-preview:-1"},"canonical":"https:\/\/hypharm.fr\/es\/equipos\/","og_locale":"es_ES","og_type":"article","og_title":"Nuestros equipos","og_description":"Nuestros equiposEn Hypharm, los hombres y mujeres que lideran nuestros reba\u00f1os de selecci\u00f3n, son apasionados.RECLUTAR A LOS MEJORES Y HACERLOS JUGAR EN EQUIPO.Trabajar en el campo de la selecci\u00f3n gen\u00e9tica animal es sobre todo una cuesti\u00f3n de gusto que cultivamos en HYPHARM y que muestra un profundo apego al cuidado de la vida. Todos nuestros [&hellip;]","og_url":"https:\/\/hypharm.fr\/es\/equipos\/","og_site_name":"Hypharm","article_modified_time":"2024-08-14T08:12:21+00:00","twitter_card":"summary_large_image","twitter_misc":{"Tiempo de lectura":"6 minutos"},"schema":{"@context":"https:\/\/schema.org","@graph":[{"@type":"WebPage","@id":"https:\/\/hypharm.fr\/es\/equipos\/","url":"https:\/\/hypharm.fr\/es\/equipos\/","name":"Nuestros equipos","isPartOf":{"@id":"https:\/\/hypharm.fr\/es\/#website"},"datePublished":"2019-03-04T07:05:21+00:00","dateModified":"2024-08-14T08:12:21+00:00","breadcrumb":{"@id":"https:\/\/hypharm.fr\/es\/equipos\/#breadcrumb"},"inLanguage":"es","potentialAction":[{"@type":"ReadAction","target":["https:\/\/hypharm.fr\/es\/equipos\/"]}]},{"@type":"BreadcrumbList","@id":"https:\/\/hypharm.fr\/es\/equipos\/#breadcrumb","itemListElement":[{"@type":"ListItem","position":1,"name":"Accueil","item":"https:\/\/hypharm.fr\/es\/"},{"@type":"ListItem","position":2,"name":"Nuestros equipos"}]},{"@type":"WebSite","@id":"https:\/\/hypharm.fr\/es\/#website","url":"https:\/\/hypharm.fr\/es\/","name":"Hypharm","description":"Prendre soin de la vie","publisher":{"@id":"https:\/\/hypharm.fr\/es\/#organization"},"potentialAction":[{"@type":"SearchAction","target":{"@type":"EntryPoint","urlTemplate":"https:\/\/hypharm.fr\/es\/?s={search_term_string}"},"query-input":{"@type":"PropertyValueSpecification","valueRequired":true,"valueName":"search_term_string"}}],"inLanguage":"es"},{"@type":"Organization","@id":"https:\/\/hypharm.fr\/es\/#organization","name":"Hypharm","url":"https:\/\/hypharm.fr\/es\/","logo":{"@type":"ImageObject","inLanguage":"es","@id":"https:\/\/hypharm.fr\/es\/#\/schema\/logo\/image\/","url":"https:\/\/hypharm.fr\/wp-content\/uploads\/2020\/07\/logo-hypharm-horizontal.svg","contentUrl":"https:\/\/hypharm.fr\/wp-content\/uploads\/2020\/07\/logo-hypharm-horizontal.svg","width":310,"height":77,"caption":"Hypharm"},"image":{"@id":"https:\/\/hypharm.fr\/es\/#\/schema\/logo\/image\/"}}]}},"_links":{"self":[{"href":"https:\/\/hypharm.fr\/es\/wp-json\/wp\/v2\/pages\/60974","targetHints":{"allow":["GET"]}}],"collection":[{"href":"https:\/\/hypharm.fr\/es\/wp-json\/wp\/v2\/pages"}],"about":[{"href":"https:\/\/hypharm.fr\/es\/wp-json\/wp\/v2\/types\/page"}],"author":[{"embeddable":true,"href":"https:\/\/hypharm.fr\/es\/wp-json\/wp\/v2\/users\/2"}],"replies":[{"embeddable":true,"href":"https:\/\/hypharm.fr\/es\/wp-json\/wp\/v2\/comments?post=60974"}],"version-history":[{"count":0,"href":"https:\/\/hypharm.fr\/es\/wp-json\/wp\/v2\/pages\/60974\/revisions"}],"wp:attachment":[{"href":"https:\/\/hypharm.fr\/es\/wp-json\/wp\/v2\/media?parent=60974"}],"curies":[{"name":"wp","href":"https:\/\/api.w.org\/{rel}","templated":true}]}}