{"id":60980,"date":"2019-03-04T08:06:03","date_gmt":"2019-03-04T07:06:03","guid":{"rendered":"https:\/\/hypharm.fr\/implantations-hypharm\/"},"modified":"2025-12-16T11:15:16","modified_gmt":"2025-12-16T10:15:16","slug":"ubicaciones","status":"publish","type":"page","link":"https:\/\/hypharm.fr\/es\/ubicaciones\/","title":{"rendered":"Nuestras ubicaciones"},"content":{"rendered":"<p>[et_pb_section fb_built=\u00bb1&#8243; next_background_color=\u00bb#64a198&#8243; _builder_version=\u00bb4.16&#8243; background_color=\u00bbrgba(0,0,0,0.46)\u00bb background_image=\u00bbhttps:\/\/hypharm.fr\/wp-content\/uploads\/2020\/06\/header-implantations-hypharm-invert.jpg\u00bb background_blend=\u00bboverlay\u00bb custom_padding=\u00bb100px|0%|200px|0%|false|true\u00bb custom_padding_tablet=\u00bb|0px||0px|false|true\u00bb custom_padding_phone=\u00bb|0px|150px|0px|false|true\u00bb bottom_divider_style=\u00bbmountains\u00bb global_colors_info=\u00bb{}\u00bb][et_pb_row custom_padding_last_edited=\u00bbon|tablet\u00bb module_class=\u00bb et_pb_row_fullwidth\u00bb _builder_version=\u00bb4.16&#8243; custom_padding=\u00bb|5%|0px|5%|false|true\u00bb custom_padding_tablet=\u00bb|7%||7%|false|true\u00bb custom_padding_phone=\u00bb\u00bb make_fullwidth=\u00bbon\u00bb global_colors_info=\u00bb{}\u00bb][et_pb_column type=\u00bb4_4&#8243; _builder_version=\u00bb4.16&#8243; custom_padding=\u00bb|||\u00bb global_colors_info=\u00bb{}\u00bb custom_padding__hover=\u00bb|||\u00bb][et_pb_text _builder_version=\u00bb4.16&#8243; text_font=\u00bb||||||||\u00bb header_font=\u00bb||||||||\u00bb header_text_align=\u00bbleft\u00bb header_text_color=\u00bb#ffffff\u00bb header_font_size=\u00bb60px\u00bb header_line_height=\u00bb1.2em\u00bb custom_margin=\u00bb||5px|||\u00bb custom_padding=\u00bb0px||||false|false\u00bb custom_padding_tablet=\u00bb0px||0%||false|false\u00bb custom_padding_phone=\u00bb0px||0%||false|false\u00bb custom_padding_last_edited=\u00bbon|phone\u00bb header_font_size_tablet=\u00bb60px\u00bb header_font_size_phone=\u00bb45px\u00bb header_font_size_last_edited=\u00bbon|phone\u00bb global_colors_info=\u00bb{}\u00bb]<\/p>\n<h1>Nuestras ubicaciones<\/h1>\n<p>[\/et_pb_text][et_pb_text _builder_version=\u00bb4.16&#8243; text_font=\u00bb||||||||\u00bb text_text_color=\u00bb#ffffff\u00bb text_font_size=\u00bb22px\u00bb text_line_height=\u00bb1.2em\u00bb width=\u00bb61%\u00bb width_tablet=\u00bb100%\u00bb width_phone=\u00bb\u00bb width_last_edited=\u00bbon|phone\u00bb custom_margin=\u00bb-4px|||||\u00bb custom_padding=\u00bb10px||36px|||\u00bb text_font_size_tablet=\u00bb\u00bb text_font_size_phone=\u00bb\u00bb text_font_size_last_edited=\u00bbon|desktop\u00bb global_colors_info=\u00bb{}\u00bb]Distribuimos nuestros productos en todo el mundo desde nuestros centros de selecci\u00f3n y de multiplicaci\u00f3n en Francia e Italia, as\u00ed como desde nuestros centros de inseminaci\u00f3n artificial (CIA) y de multiplicaci\u00f3n concertados y de distribuidores autorizados.[\/et_pb_text][\/et_pb_column][\/et_pb_row][\/et_pb_section][et_pb_section fb_built=\u00bb1&#8243; custom_padding_last_edited=\u00bbon|desktop\u00bb _builder_version=\u00bb4.27.4&#8243; background_color=\u00bb#64a198&#8243; custom_padding=\u00bb0px|7%|100px|7%|false|true\u00bb custom_padding_tablet=\u00bb0px||||false|true\u00bb custom_padding_phone=\u00bb||||false|true\u00bb hover_enabled=\u00bb0&#8243; global_colors_info=\u00bb{}\u00bb sticky_enabled=\u00bb0&#8243;][et_pb_row custom_padding_last_edited=\u00bbon|tablet\u00bb module_id=\u00bbeurope\u00bb _builder_version=\u00bb4.16&#8243; custom_margin_tablet=\u00bb\u00bb custom_margin_phone=\u00bb||50px||false|false\u00bb custom_margin_last_edited=\u00bbon|phone\u00bb custom_padding=\u00bb80px||||false|false\u00bb custom_padding_tablet=\u00bb20px||||false|false\u00bb custom_padding_phone=\u00bb50px||0px||false|false\u00bb global_colors_info=\u00bb{}\u00bb][et_pb_column type=\u00bb4_4&#8243; _builder_version=\u00bb4.16&#8243; global_colors_info=\u00bb{}\u00bb][et_pb_image src=\u00bbhttps:\/\/hypharm.fr\/wp-content\/uploads\/2025\/12\/021125-carte-europe-site-internet-hypharm-ES-scaled.webp\u00bb alt=\u00bbHypharm, implantations de la soci\u00e9t\u00e9 de s\u00e9lection cunicole en europe\u00bb align=\u00bbcenter\u00bb force_fullwidth=\u00bbon\u00bb _builder_version=\u00bb4.27.4&#8243; custom_margin=\u00bb||100px|||\u00bb custom_margin_tablet=\u00bb||50px||false|false\u00bb custom_margin_phone=\u00bb||0px||false|false\u00bb custom_margin_last_edited=\u00bbon|tablet\u00bb hover_enabled=\u00bb0&#8243; global_colors_info=\u00bb{}\u00bb sticky_enabled=\u00bb0&#8243;][\/et_pb_image][\/et_pb_column][\/et_pb_row][et_pb_row _builder_version=\u00bb4.16&#8243; custom_margin=\u00bb|auto|2px|auto|false|false\u00bb custom_margin_tablet=\u00bb\u00bb custom_margin_phone=\u00bb20px|auto|0px|auto|false|false\u00bb custom_margin_last_edited=\u00bbon|phone\u00bb custom_padding=\u00bb3px||0px|||\u00bb global_colors_info=\u00bb{}\u00bb][et_pb_column type=\u00bb4_4&#8243; _builder_version=\u00bb4.16&#8243; global_colors_info=\u00bb{}\u00bb][et_pb_text _builder_version=\u00bb4.16&#8243; header_font=\u00bb||||||||\u00bb header_2_font=\u00bb|700|||||||\u00bb header_2_text_color=\u00bb#005A55&#8243; header_2_font_size=\u00bb45px\u00bb custom_margin=\u00bb||0px||false|false\u00bb header_2_font_size_phone=\u00bb30px\u00bb global_colors_info=\u00bb{}\u00bb]<\/p>\n<h2>Relaci\u00f3n de\u00a0<strong><span style=\"color: #ffffff;\">CIA CONCERTADOS\u00a0<\/span><\/strong>en la PEN\u00cdNSULA IB\u00c9RICA<\/h2>\n<p>[\/et_pb_text][et_pb_divider color=\u00bb#ffffff\u00bb divider_position=\u00bbcenter\u00bb divider_weight=\u00bb7px\u00bb _builder_version=\u00bb4.16&#8243; max_width=\u00bb70px\u00bb custom_margin=\u00bb||49px|||\u00bb global_colors_info=\u00bb{}\u00bb][\/et_pb_divider][et_pb_text _builder_version=\u00bb4.16&#8243; text_text_color=\u00bb#ffffff\u00bb custom_margin=\u00bb||50px|||\u00bb custom_margin_tablet=\u00bb||0px||false|false\u00bb custom_margin_phone=\u00bb\u00bb custom_margin_last_edited=\u00bbon|tablet\u00bb global_colors_info=\u00bb{}\u00bb]La difusi\u00f3n de las l\u00edneas macho por parte de HYPHARM en Espa\u00f1a y Portugal, se lleva a cabo exclusivamente a trav\u00e9s de sus Centros de Inseminaci\u00f3n Artificial (CIA) concertados.<\/p>\n<p>Para acceder a dosis seminales, tanto de machos PS terminales (c\u00e1rnicos) como de abuelos GP de l\u00ednea hembra (maternales), pueden dirigirse a cualquiera de los siguientes CIA concertados:[\/et_pb_text][\/et_pb_column][\/et_pb_row][et_pb_row column_structure=\u00bb3_5,2_5&#8243; disabled_on=\u00bboff|off|off\u00bb module_class=\u00bb et_pb_row_fullwidth\u00bb _builder_version=\u00bb4.16&#8243; width_tablet=\u00bb80%\u00bb width_last_edited=\u00bboff|desktop\u00bb max_width_tablet=\u00bb\u00bb max_width_phone=\u00bb\u00bb max_width_last_edited=\u00bbon|phone\u00bb custom_margin=\u00bb-2px|auto||auto|false|false\u00bb custom_margin_tablet=\u00bb0px||0px||false|false\u00bb custom_margin_phone=\u00bb0px||||false|false\u00bb custom_margin_last_edited=\u00bbon|phone\u00bb custom_padding=\u00bb0px|0px|0px|0px|false|true\u00bb make_fullwidth=\u00bbon\u00bb global_colors_info=\u00bb{}\u00bb][et_pb_column type=\u00bb3_5&#8243; _builder_version=\u00bb4.16&#8243; custom_padding=\u00bb|||\u00bb global_colors_info=\u00bb{}\u00bb custom_padding__hover=\u00bb|||\u00bb][et_pb_image src=\u00bbhttps:\/\/hypharm.fr\/wp-content\/uploads\/2021\/04\/DISTRI-ESPAGNE-PORTUGAL-V2.jpg\u00bb _builder_version=\u00bb4.16&#8243; custom_margin_tablet=\u00bb50px||||false|false\u00bb custom_margin_phone=\u00bb\u00bb custom_margin_last_edited=\u00bbon|tablet\u00bb box_shadow_style=\u00bbpreset3&#8243; box_shadow_blur=\u00bb10px\u00bb global_colors_info=\u00bb{}\u00bb][\/et_pb_image][\/et_pb_column][et_pb_column type=\u00bb2_5&#8243; _builder_version=\u00bb4.16&#8243; custom_padding=\u00bb|||\u00bb global_colors_info=\u00bb{}\u00bb custom_padding__hover=\u00bb|||\u00bb][et_pb_text _builder_version=\u00bb4.16&#8243; text_text_color=\u00bb#ffffff\u00bb text_font_size=\u00bb17px\u00bb text_line_height=\u00bb1.3em\u00bb custom_margin=\u00bb||-2px|||\u00bb custom_margin_tablet=\u00bb50px||0px||false|false\u00bb custom_margin_phone=\u00bb\u00bb custom_margin_last_edited=\u00bbon|tablet\u00bb global_colors_info=\u00bb{}\u00bb]<\/p>\n<ul>\n<li>CIA <strong><u>Cogal<\/u><\/strong> \u2013 Rodeiro \u2013 PONTEVEDRA<\/li>\n<li>CIA <strong><u>Cortagri<\/u><\/strong> \u2013 Mort\u00e1gua \u2013 VISEU<\/li>\n<li>CIA <strong><u>Cunicarn<\/u><\/strong> (GRUP CUN\u00cdCOLA CATAR) \u2013 Vimbod\u00ed \u2013 TARRAGONA<\/li>\n<li>CIA <strong><u>Cunicultura de La Manchuela<\/u><\/strong> \u2013 Villamalea \u2013 ALBACETE<\/li>\n<li>CIA <strong><u>Ebronatura<\/u><\/strong> \u2013 El Burgo de Ebro \u2013 ZARAGOZA<\/li>\n<li>CIA <strong><u>El Adil Redondo<\/u><\/strong> \u2013 Carrizo de la Ribera \u2013 LE\u00d3N<\/li>\n<li>CIA <strong><u>Federaci\u00f3n de Cunicultores de Euskal Herria<\/u><\/strong> \u2013 Antzuola \u2013 GIPUZKOA<\/li>\n<li>CIA <strong><u>Inco<\/u><\/strong> (GRUPO ARCO\u00cdRIS) \u2013 Valderrobres &amp; Torrijo del Campo \u2013 TERUEL<\/li>\n<li>CIA <strong><u>Reprocu Mancha<\/u><\/strong> \u2013 Madrigueras \u2013 ALBACETE<\/li>\n<\/ul>\n<p>[\/et_pb_text][\/et_pb_column][\/et_pb_row][et_pb_row custom_padding_last_edited=\u00bbon|tablet\u00bb module_id=\u00bbeurope\u00bb _builder_version=\u00bb4.27.4&#8243; custom_padding=\u00bb100px||||false|false\u00bb custom_padding_tablet=\u00bb50px||0px||false|false\u00bb custom_padding_phone=\u00bb\u00bb hover_enabled=\u00bb0&#8243; global_colors_info=\u00bb{}\u00bb sticky_enabled=\u00bb0&#8243;][et_pb_column type=\u00bb4_4&#8243; _builder_version=\u00bb4.16&#8243; global_colors_info=\u00bb{}\u00bb][et_pb_image src=\u00bbhttps:\/\/hypharm.fr\/wp-content\/uploads\/2025\/12\/021125-carte-monde-site-internet-hypharm-ES-scaled.webp\u00bb alt=\u00bbCarte des implantation d&#8217;Hypharm dans le monde\u00bb align=\u00bbcenter\u00bb force_fullwidth=\u00bbon\u00bb _builder_version=\u00bb4.27.4&#8243; hover_enabled=\u00bb0&#8243; global_colors_info=\u00bb{}\u00bb sticky_enabled=\u00bb0&#8243;][\/et_pb_image][\/et_pb_column][\/et_pb_row][\/et_pb_section][et_pb_section fb_built=\u00bb1&#8243; _builder_version=\u00bb4.16&#8243; background_color=\u00bb#f2f2f2&#8243; background_enable_image=\u00bboff\u00bb background_size=\u00bbinitial\u00bb background_position=\u00bbtop_right\u00bb global_colors_info=\u00bb{}\u00bb][et_pb_row column_structure=\u00bb2_3,1_3&#8243; _builder_version=\u00bb4.27.4&#8243; custom_margin=\u00bb||20px||false|false\u00bb hover_enabled=\u00bb0&#8243; global_colors_info=\u00bb{}\u00bb custom_padding_last_edited=\u00bbon|tablet\u00bb custom_padding_tablet=\u00bb0px||||false|false\u00bb sticky_enabled=\u00bb0&#8243; custom_padding_phone=\u00bb0px||||false|false\u00bb][et_pb_column type=\u00bb2_3&#8243; _builder_version=\u00bb4.16&#8243; global_colors_info=\u00bb{}\u00bb][et_pb_text _builder_version=\u00bb4.16&#8243; header_font=\u00bb||||||||\u00bb header_2_font=\u00bb||||||||\u00bb header_2_font_size=\u00bb45px\u00bb custom_margin=\u00bb||0px||false|false\u00bb header_2_font_size_phone=\u00bb30px\u00bb global_colors_info=\u00bb{}\u00bb]<\/p>\n<h2>Nuestros centros de<br \/><strong><span style=\"color: #37877f;\">Selecci\u00f3n e IA<\/span><\/strong><\/h2>\n<p>[\/et_pb_text][et_pb_divider color=\u00bb#37877f\u00bb divider_position=\u00bbcenter\u00bb divider_weight=\u00bb7px\u00bb _builder_version=\u00bb4.16&#8243; max_width=\u00bb70px\u00bb global_colors_info=\u00bb{}\u00bb][\/et_pb_divider][\/et_pb_column][et_pb_column type=\u00bb1_3&#8243; _builder_version=\u00bb4.16&#8243; global_colors_info=\u00bb{}\u00bb][et_pb_image src=\u00bbhttps:\/\/hypharm.fr\/wp-content\/uploads\/2020\/07\/lapin-vert-300x300px.png\u00bb _builder_version=\u00bb4.16&#8243; width=\u00bb30%\u00bb module_alignment=\u00bbright\u00bb global_colors_info=\u00bb{}\u00bb][\/et_pb_image][\/et_pb_column][\/et_pb_row][et_pb_row column_structure=\u00bb1_3,1_3,1_3&#8243; gutter_width=\u00bb2&#8243; disabled_on=\u00bboff|off|off\u00bb module_class=\u00bb et_pb_row_fullwidth\u00bb _builder_version=\u00bb4.16&#8243; width_tablet=\u00bb80%\u00bb width_last_edited=\u00bboff|desktop\u00bb max_width_tablet=\u00bb\u00bb max_width_phone=\u00bb\u00bb max_width_last_edited=\u00bbon|phone\u00bb custom_margin=\u00bb0px|auto||auto|false|false\u00bb custom_margin_tablet=\u00bb||0px||false|false\u00bb custom_margin_phone=\u00bb50px||||false|false\u00bb custom_margin_last_edited=\u00bbon|phone\u00bb custom_padding=\u00bb0px|0px|0px|0px|false|true\u00bb make_fullwidth=\u00bbon\u00bb global_colors_info=\u00bb{}\u00bb][et_pb_column type=\u00bb1_3&#8243; _builder_version=\u00bb4.16&#8243; custom_padding=\u00bb|||\u00bb global_colors_info=\u00bb{}\u00bb custom_padding__hover=\u00bb|||\u00bb][et_pb_blurb title=\u00bbCENTRO DE SELECCI\u00d3N LA CORBIERE\u00bb image=\u00bbhttps:\/\/hypharm.fr\/wp-content\/uploads\/2020\/07\/selection-la-corbiere.jpg\u00bb alt=\u00bbVue a\u00e9rienne du centre de s\u00e9lection g\u00e9n\u00e9tique lapin de corbi\u00e8re\u00bb content_max_width=\u00bb100%\u00bb content_max_width_tablet=\u00bb\u00bb content_max_width_phone=\u00bb\u00bb content_max_width_last_edited=\u00bbon|tablet\u00bb _builder_version=\u00bb4.16&#8243; header_font=\u00bb|700|||||||\u00bb header_text_color=\u00bb#37877f\u00bb header_font_size=\u00bb22px\u00bb body_font=\u00bb||||||||\u00bb background_color=\u00bb#ffffff\u00bb background_enable_image=\u00bboff\u00bb background_size=\u00bbinitial\u00bb background_position=\u00bbtop_right\u00bb min_height=\u00bb450px\u00bb min_height_tablet=\u00bb\u00bb min_height_phone=\u00bb\u00bb min_height_last_edited=\u00bbon|tablet\u00bb custom_margin=\u00bb||0px\u00bb custom_margin_tablet=\u00bb|0px|-1px|0px|false|false\u00bb custom_margin_phone=\u00bb\u00bb custom_margin_last_edited=\u00bbon|tablet\u00bb custom_padding=\u00bb20px|4%|20px|4%|false|false\u00bb custom_padding_tablet=\u00bb|0%|50px|0px|false|false\u00bb custom_padding_phone=\u00bb\u00bb custom_padding_last_edited=\u00bbon|tablet\u00bb body_font_size_tablet=\u00bb\u00bb body_font_size_phone=\u00bb18px\u00bb body_font_size_last_edited=\u00bbon|phone\u00bb box_shadow_style=\u00bbpreset1&#8243; box_shadow_blur=\u00bb13px\u00bb box_shadow_spread=\u00bb-9px\u00bb global_colors_info=\u00bb{}\u00bb]<\/p>\n<p>5000 M\u00b2 de naves bajo estrictas barreras sanitarias albergan los n\u00facleos de Selecci\u00f3n Hyla e Hyplus.<\/p>\n<p>[\/et_pb_blurb][\/et_pb_column][et_pb_column type=\u00bb1_3&#8243; _builder_version=\u00bb4.16&#8243; custom_padding=\u00bb|||\u00bb global_colors_info=\u00bb{}\u00bb custom_padding__hover=\u00bb|||\u00bb][et_pb_blurb title=\u00bbCENTRO DE IA LA CORBIERE\u00bb image=\u00bbhttps:\/\/hypharm.fr\/wp-content\/uploads\/2020\/07\/ia-la-corbiere-03.jpg\u00bb alt=\u00bbVue a\u00e9rienne du centre IA de corbi\u00e8re\u00bb content_max_width=\u00bb100%\u00bb content_max_width_tablet=\u00bb\u00bb content_max_width_phone=\u00bb\u00bb content_max_width_last_edited=\u00bbon|tablet\u00bb _builder_version=\u00bb4.16&#8243; header_font=\u00bb|700|||||||\u00bb header_text_color=\u00bb#37877f\u00bb header_font_size=\u00bb22px\u00bb body_font=\u00bb||||||||\u00bb background_color=\u00bb#ffffff\u00bb min_height=\u00bb450px\u00bb min_height_tablet=\u00bb\u00bb min_height_phone=\u00bb\u00bb min_height_last_edited=\u00bbon|tablet\u00bb custom_margin=\u00bb||0px\u00bb custom_margin_tablet=\u00bb|0px|-1px|0px|false|false\u00bb custom_margin_phone=\u00bb\u00bb custom_margin_last_edited=\u00bbon|tablet\u00bb custom_padding=\u00bb20px|4%|20px|4%|false|false\u00bb custom_padding_tablet=\u00bb|0%|50px|0px|false|false\u00bb custom_padding_phone=\u00bb\u00bb custom_padding_last_edited=\u00bbon|tablet\u00bb body_font_size_tablet=\u00bb\u00bb body_font_size_phone=\u00bb18px\u00bb body_font_size_last_edited=\u00bbon|phone\u00bb box_shadow_style=\u00bbpreset1&#8243; box_shadow_blur=\u00bb13px\u00bb box_shadow_spread=\u00bb-9px\u00bb global_colors_info=\u00bb{}\u00bb]<\/p>\n<p>1800 M\u00b2 dedicados a la producci\u00f3n de semen de conejo destinado a abastecer el 85% del mercado franc\u00e9s.<\/p>\n<p>[\/et_pb_blurb][\/et_pb_column][et_pb_column type=\u00bb1_3&#8243; _builder_version=\u00bb4.16&#8243; custom_padding=\u00bb|||\u00bb global_colors_info=\u00bb{}\u00bb custom_padding__hover=\u00bb|||\u00bb][et_pb_blurb title=\u00bbCENTRO DE MULTIPLICACI\u00d3N Y CENTRO DE IA GRIMAUD ITALIA\u00bb image=\u00bbhttps:\/\/hypharm.fr\/wp-content\/uploads\/2020\/07\/selection-italia.jpg\u00bb alt=\u00bbb\u00e2timent de la soci\u00e9t\u00e9 de g\u00e9n\u00e9tique cunicole Grimaud en italie\u00bb content_max_width=\u00bb100%\u00bb content_max_width_tablet=\u00bb\u00bb content_max_width_phone=\u00bb\u00bb content_max_width_last_edited=\u00bbon|tablet\u00bb _builder_version=\u00bb4.16&#8243; header_font=\u00bb|700|||||||\u00bb header_text_color=\u00bb#37877f\u00bb header_font_size=\u00bb22px\u00bb body_font=\u00bb||||||||\u00bb background_color=\u00bb#ffffff\u00bb min_height=\u00bb450px\u00bb min_height_tablet=\u00bb\u00bb min_height_phone=\u00bb\u00bb min_height_last_edited=\u00bbon|tablet\u00bb custom_margin=\u00bb||0px\u00bb custom_margin_tablet=\u00bb|0px|-1px|0px|false|false\u00bb custom_margin_phone=\u00bb\u00bb custom_margin_last_edited=\u00bbon|tablet\u00bb custom_padding=\u00bb19px|4%|20px|4%|false|false\u00bb custom_padding_tablet=\u00bb|0%|50px|0px|false|false\u00bb custom_padding_phone=\u00bb\u00bb custom_padding_last_edited=\u00bbon|tablet\u00bb body_font_size_tablet=\u00bb\u00bb body_font_size_phone=\u00bb18px\u00bb body_font_size_last_edited=\u00bbon|phone\u00bb box_shadow_style=\u00bbpreset1&#8243; box_shadow_blur=\u00bb13px\u00bb box_shadow_spread=\u00bb-9px\u00bb global_colors_info=\u00bb{}\u00bb]<\/p>\n<p>El mercado italiano est\u00e1 atendido por dos unidades de multiplicaci\u00f3n y dos centros de inseminaci\u00f3n artificial dependientes de Grimaud Italia SRL.<\/p>\n<p>[\/et_pb_blurb][\/et_pb_column][\/et_pb_row][\/et_pb_section]<\/p>\n","protected":false},"excerpt":{"rendered":"<p>Nuestras ubicacionesDistribuimos nuestros productos en todo el mundo desde nuestros centros de selecci\u00f3n y de multiplicaci\u00f3n en Francia e Italia, as\u00ed como desde nuestros centros de inseminaci\u00f3n artificial (CIA) y de multiplicaci\u00f3n concertados y de distribuidores autorizados.Relaci\u00f3n de\u00a0CIA CONCERTADOS\u00a0en la PEN\u00cdNSULA IB\u00c9RICALa difusi\u00f3n de las l\u00edneas macho por parte de HYPHARM en Espa\u00f1a y Portugal, [&hellip;]<\/p>\n","protected":false},"author":2,"featured_media":0,"parent":0,"menu_order":0,"comment_status":"closed","ping_status":"closed","template":"","meta":{"_et_pb_use_builder":"on","_et_pb_old_content":"<!-- wp:divi\/placeholder \/-->","_et_gb_content_width":"","footnotes":""},"class_list":["post-60980","page","type-page","status-publish","hentry"],"yoast_head":"<!-- This site is optimized with the Yoast SEO plugin v26.4 - https:\/\/yoast.com\/wordpress\/plugins\/seo\/ -->\n<title>Nuestras ubicaciones<\/title>\n<meta name=\"robots\" content=\"index, follow, max-snippet:-1, max-image-preview:large, max-video-preview:-1\" \/>\n<link rel=\"canonical\" href=\"https:\/\/hypharm.fr\/es\/ubicaciones\/\" \/>\n<meta property=\"og:locale\" content=\"es_ES\" \/>\n<meta property=\"og:type\" content=\"article\" \/>\n<meta property=\"og:title\" content=\"Nuestras ubicaciones\" \/>\n<meta property=\"og:description\" content=\"Nuestras ubicacionesDistribuimos nuestros productos en todo el mundo desde nuestros centros de selecci\u00f3n y de multiplicaci\u00f3n en Francia e Italia, as\u00ed como desde nuestros centros de inseminaci\u00f3n artificial (CIA) y de multiplicaci\u00f3n concertados y de distribuidores autorizados.Relaci\u00f3n de\u00a0CIA CONCERTADOS\u00a0en la PEN\u00cdNSULA IB\u00c9RICALa difusi\u00f3n de las l\u00edneas macho por parte de HYPHARM en Espa\u00f1a y Portugal, [&hellip;]\" \/>\n<meta property=\"og:url\" content=\"https:\/\/hypharm.fr\/es\/ubicaciones\/\" \/>\n<meta property=\"og:site_name\" content=\"Hypharm\" \/>\n<meta property=\"article:modified_time\" content=\"2025-12-16T10:15:16+00:00\" \/>\n<meta name=\"twitter:card\" content=\"summary_large_image\" \/>\n<meta name=\"twitter:label1\" content=\"Tiempo de lectura\" \/>\n\t<meta name=\"twitter:data1\" content=\"9 minutos\" \/>\n<script type=\"application\/ld+json\" class=\"yoast-schema-graph\">{\"@context\":\"https:\/\/schema.org\",\"@graph\":[{\"@type\":\"WebPage\",\"@id\":\"https:\/\/hypharm.fr\/es\/ubicaciones\/\",\"url\":\"https:\/\/hypharm.fr\/es\/ubicaciones\/\",\"name\":\"Nuestras ubicaciones\",\"isPartOf\":{\"@id\":\"https:\/\/hypharm.fr\/es\/#website\"},\"datePublished\":\"2019-03-04T07:06:03+00:00\",\"dateModified\":\"2025-12-16T10:15:16+00:00\",\"breadcrumb\":{\"@id\":\"https:\/\/hypharm.fr\/es\/ubicaciones\/#breadcrumb\"},\"inLanguage\":\"es\",\"potentialAction\":[{\"@type\":\"ReadAction\",\"target\":[\"https:\/\/hypharm.fr\/es\/ubicaciones\/\"]}]},{\"@type\":\"BreadcrumbList\",\"@id\":\"https:\/\/hypharm.fr\/es\/ubicaciones\/#breadcrumb\",\"itemListElement\":[{\"@type\":\"ListItem\",\"position\":1,\"name\":\"Accueil\",\"item\":\"https:\/\/hypharm.fr\/es\/\"},{\"@type\":\"ListItem\",\"position\":2,\"name\":\"Nuestras ubicaciones\"}]},{\"@type\":\"WebSite\",\"@id\":\"https:\/\/hypharm.fr\/es\/#website\",\"url\":\"https:\/\/hypharm.fr\/es\/\",\"name\":\"Hypharm\",\"description\":\"Prendre soin de la vie\",\"publisher\":{\"@id\":\"https:\/\/hypharm.fr\/es\/#organization\"},\"potentialAction\":[{\"@type\":\"SearchAction\",\"target\":{\"@type\":\"EntryPoint\",\"urlTemplate\":\"https:\/\/hypharm.fr\/es\/?s={search_term_string}\"},\"query-input\":{\"@type\":\"PropertyValueSpecification\",\"valueRequired\":true,\"valueName\":\"search_term_string\"}}],\"inLanguage\":\"es\"},{\"@type\":\"Organization\",\"@id\":\"https:\/\/hypharm.fr\/es\/#organization\",\"name\":\"Hypharm\",\"url\":\"https:\/\/hypharm.fr\/es\/\",\"logo\":{\"@type\":\"ImageObject\",\"inLanguage\":\"es\",\"@id\":\"https:\/\/hypharm.fr\/es\/#\/schema\/logo\/image\/\",\"url\":\"https:\/\/hypharm.fr\/wp-content\/uploads\/2020\/07\/logo-hypharm-horizontal.svg\",\"contentUrl\":\"https:\/\/hypharm.fr\/wp-content\/uploads\/2020\/07\/logo-hypharm-horizontal.svg\",\"width\":310,\"height\":77,\"caption\":\"Hypharm\"},\"image\":{\"@id\":\"https:\/\/hypharm.fr\/es\/#\/schema\/logo\/image\/\"}}]}<\/script>\n<!-- \/ Yoast SEO plugin. -->","yoast_head_json":{"title":"Nuestras ubicaciones","robots":{"index":"index","follow":"follow","max-snippet":"max-snippet:-1","max-image-preview":"max-image-preview:large","max-video-preview":"max-video-preview:-1"},"canonical":"https:\/\/hypharm.fr\/es\/ubicaciones\/","og_locale":"es_ES","og_type":"article","og_title":"Nuestras ubicaciones","og_description":"Nuestras ubicacionesDistribuimos nuestros productos en todo el mundo desde nuestros centros de selecci\u00f3n y de multiplicaci\u00f3n en Francia e Italia, as\u00ed como desde nuestros centros de inseminaci\u00f3n artificial (CIA) y de multiplicaci\u00f3n concertados y de distribuidores autorizados.Relaci\u00f3n de\u00a0CIA CONCERTADOS\u00a0en la PEN\u00cdNSULA IB\u00c9RICALa difusi\u00f3n de las l\u00edneas macho por parte de HYPHARM en Espa\u00f1a y Portugal, [&hellip;]","og_url":"https:\/\/hypharm.fr\/es\/ubicaciones\/","og_site_name":"Hypharm","article_modified_time":"2025-12-16T10:15:16+00:00","twitter_card":"summary_large_image","twitter_misc":{"Tiempo de lectura":"9 minutos"},"schema":{"@context":"https:\/\/schema.org","@graph":[{"@type":"WebPage","@id":"https:\/\/hypharm.fr\/es\/ubicaciones\/","url":"https:\/\/hypharm.fr\/es\/ubicaciones\/","name":"Nuestras ubicaciones","isPartOf":{"@id":"https:\/\/hypharm.fr\/es\/#website"},"datePublished":"2019-03-04T07:06:03+00:00","dateModified":"2025-12-16T10:15:16+00:00","breadcrumb":{"@id":"https:\/\/hypharm.fr\/es\/ubicaciones\/#breadcrumb"},"inLanguage":"es","potentialAction":[{"@type":"ReadAction","target":["https:\/\/hypharm.fr\/es\/ubicaciones\/"]}]},{"@type":"BreadcrumbList","@id":"https:\/\/hypharm.fr\/es\/ubicaciones\/#breadcrumb","itemListElement":[{"@type":"ListItem","position":1,"name":"Accueil","item":"https:\/\/hypharm.fr\/es\/"},{"@type":"ListItem","position":2,"name":"Nuestras ubicaciones"}]},{"@type":"WebSite","@id":"https:\/\/hypharm.fr\/es\/#website","url":"https:\/\/hypharm.fr\/es\/","name":"Hypharm","description":"Prendre soin de la vie","publisher":{"@id":"https:\/\/hypharm.fr\/es\/#organization"},"potentialAction":[{"@type":"SearchAction","target":{"@type":"EntryPoint","urlTemplate":"https:\/\/hypharm.fr\/es\/?s={search_term_string}"},"query-input":{"@type":"PropertyValueSpecification","valueRequired":true,"valueName":"search_term_string"}}],"inLanguage":"es"},{"@type":"Organization","@id":"https:\/\/hypharm.fr\/es\/#organization","name":"Hypharm","url":"https:\/\/hypharm.fr\/es\/","logo":{"@type":"ImageObject","inLanguage":"es","@id":"https:\/\/hypharm.fr\/es\/#\/schema\/logo\/image\/","url":"https:\/\/hypharm.fr\/wp-content\/uploads\/2020\/07\/logo-hypharm-horizontal.svg","contentUrl":"https:\/\/hypharm.fr\/wp-content\/uploads\/2020\/07\/logo-hypharm-horizontal.svg","width":310,"height":77,"caption":"Hypharm"},"image":{"@id":"https:\/\/hypharm.fr\/es\/#\/schema\/logo\/image\/"}}]}},"_links":{"self":[{"href":"https:\/\/hypharm.fr\/es\/wp-json\/wp\/v2\/pages\/60980","targetHints":{"allow":["GET"]}}],"collection":[{"href":"https:\/\/hypharm.fr\/es\/wp-json\/wp\/v2\/pages"}],"about":[{"href":"https:\/\/hypharm.fr\/es\/wp-json\/wp\/v2\/types\/page"}],"author":[{"embeddable":true,"href":"https:\/\/hypharm.fr\/es\/wp-json\/wp\/v2\/users\/2"}],"replies":[{"embeddable":true,"href":"https:\/\/hypharm.fr\/es\/wp-json\/wp\/v2\/comments?post=60980"}],"version-history":[{"count":3,"href":"https:\/\/hypharm.fr\/es\/wp-json\/wp\/v2\/pages\/60980\/revisions"}],"predecessor-version":[{"id":76096,"href":"https:\/\/hypharm.fr\/es\/wp-json\/wp\/v2\/pages\/60980\/revisions\/76096"}],"wp:attachment":[{"href":"https:\/\/hypharm.fr\/es\/wp-json\/wp\/v2\/media?parent=60980"}],"curies":[{"name":"wp","href":"https:\/\/api.w.org\/{rel}","templated":true}]}}