{"id":61122,"date":"2020-03-25T04:04:59","date_gmt":"2020-03-25T03:04:59","guid":{"rendered":"https:\/\/hypharm.fr\/prendre-soin-de-la-vie\/"},"modified":"2024-08-14T16:31:34","modified_gmt":"2024-08-14T15:31:34","slug":"cuida-la-vida","status":"publish","type":"page","link":"https:\/\/hypharm.fr\/es\/cuida-la-vida\/","title":{"rendered":"Cuida la vida"},"content":{"rendered":"<p>[et_pb_section fb_built=\u00bb1&#8243; next_background_color=\u00bb#ffffff\u00bb _builder_version=\u00bb4.16&#8243; background_color=\u00bbrgba(0,0,0,0.33)\u00bb background_image=\u00bbhttps:\/\/hypharm.fr\/wp-content\/uploads\/2020\/07\/header-prendre-soin-vie-02.jpg\u00bb background_blend=\u00bboverlay\u00bb custom_padding=\u00bb10%|0%|15%|0%|false|true\u00bb custom_padding_tablet=\u00bb|0px||0px|false|true\u00bb custom_padding_phone=\u00bb100px|0px|120px|0px|false|true\u00bb bottom_divider_style=\u00bbmountains\u00bb global_colors_info=\u00bb{}\u00bb][et_pb_row custom_padding_last_edited=\u00bbon|tablet\u00bb module_class=\u00bb et_pb_row_fullwidth\u00bb _builder_version=\u00bb4.16&#8243; custom_padding=\u00bb||0px||false|true\u00bb custom_padding_tablet=\u00bb|7%||7%|false|true\u00bb custom_padding_phone=\u00bb\u00bb make_fullwidth=\u00bbon\u00bb global_colors_info=\u00bb{}\u00bb][et_pb_column type=\u00bb4_4&#8243; _builder_version=\u00bb4.16&#8243; custom_padding=\u00bb|||\u00bb global_colors_info=\u00bb{}\u00bb custom_padding__hover=\u00bb|||\u00bb][et_pb_text _builder_version=\u00bb4.16&#8243; text_font=\u00bb||||||||\u00bb header_font=\u00bb||||||||\u00bb header_text_align=\u00bbleft\u00bb header_text_color=\u00bb#ffffff\u00bb header_font_size=\u00bb60px\u00bb header_line_height=\u00bb1.2em\u00bb custom_margin=\u00bb||5px|||\u00bb custom_padding=\u00bb0px|||7%|false|false\u00bb custom_padding_tablet=\u00bb0px||0%|0%|false|false\u00bb custom_padding_phone=\u00bb0px||0%||false|false\u00bb custom_padding_last_edited=\u00bbon|tablet\u00bb header_font_size_tablet=\u00bb60px\u00bb header_font_size_phone=\u00bb45px\u00bb header_font_size_last_edited=\u00bbon|phone\u00bb global_colors_info=\u00bb{}\u00bb]<\/p>\n<h1>Cuida la vida<\/h1>\n<p>[\/et_pb_text][et_pb_text disabled_on=\u00bbon|on|on\u00bb _builder_version=\u00bb4.16&#8243; text_font=\u00bb||||||||\u00bb text_text_color=\u00bb#ffffff\u00bb text_font_size=\u00bb22px\u00bb text_line_height=\u00bb1.2em\u00bb width=\u00bb61%\u00bb width_tablet=\u00bb100%\u00bb width_phone=\u00bb\u00bb width_last_edited=\u00bbon|phone\u00bb custom_margin=\u00bb0px||||false|false\u00bb custom_padding=\u00bb10px||36px|7%|false|false\u00bb custom_padding_tablet=\u00bb|||0%|false|false\u00bb custom_padding_phone=\u00bb\u00bb custom_padding_last_edited=\u00bbon|tablet\u00bb text_font_size_tablet=\u00bb\u00bb text_font_size_phone=\u00bb\u00bb text_font_size_last_edited=\u00bbon|desktop\u00bb disabled=\u00bbon\u00bb global_colors_info=\u00bb{}\u00bb]<\/p>\n<p>Lorem ipsum dolor sit amet, consectetur adipiscing elit.<\/p>\n<p>[\/et_pb_text][\/et_pb_column][\/et_pb_row][\/et_pb_section][et_pb_section fb_built=\u00bb1&#8243; _builder_version=\u00bb4.16&#8243; custom_padding=\u00bb138px|7%|100px|7%|false|true\u00bb custom_padding_tablet=\u00bb100px|7%|100px|7%|true|true\u00bb global_colors_info=\u00bb{}\u00bb][et_pb_row column_structure=\u00bb1_2,1_2&#8243; custom_padding_last_edited=\u00bbon|tablet\u00bb _builder_version=\u00bb4.16&#8243; custom_padding_tablet=\u00bb0px||||false|false\u00bb custom_padding_phone=\u00bb0px||0px||false|false\u00bb global_colors_info=\u00bb{}\u00bb][et_pb_column type=\u00bb1_2&#8243; _builder_version=\u00bb4.16&#8243; background_enable_image=\u00bboff\u00bb background_size=\u00bbinitial\u00bb background_position=\u00bbbottom_left\u00bb global_colors_info=\u00bb{}\u00bb][et_pb_image src=\u00bbhttps:\/\/hypharm.fr\/wp-content\/uploads\/2024\/08\/directeur-hypharm.jpg\u00bb alt=\u00bbPortrait du directeur g\u00e9n\u00e9ral d&#8217;Hypharm, soci\u00e9t\u00e9 sp\u00e9cialis\u00e9e en g\u00e9n\u00e9tique cunicole\u00bb disabled_on=\u00bbon|on|off\u00bb _builder_version=\u00bb4.18.0&#8243; background_enable_image=\u00bboff\u00bb z_index=\u00bb56&#8243; width=\u00bb100%\u00bb module_alignment=\u00bbright\u00bb custom_margin=\u00bb||0px|0px|false|false\u00bb custom_padding=\u00bb||||false|false\u00bb hover_enabled=\u00bb0&#8243; global_colors_info=\u00bb{}\u00bb sticky_enabled=\u00bb0&#8243;][\/et_pb_image][\/et_pb_column][et_pb_column type=\u00bb1_2&#8243; _builder_version=\u00bb4.16&#8243; global_colors_info=\u00bb{}\u00bb][et_pb_image src=\u00bbhttps:\/\/hypharm.fr\/wp-content\/uploads\/2020\/06\/coin-haut-droit-vert.svg\u00bb align=\u00bbright\u00bb _builder_version=\u00bb4.16&#8243; z_index=\u00bb43&#8243; width=\u00bb100%\u00bb custom_margin=\u00bb-70px||0px||false|false\u00bb custom_margin_tablet=\u00bb0px||0px||false|false\u00bb custom_margin_phone=\u00bb\u00bb custom_margin_last_edited=\u00bbon|tablet\u00bb global_colors_info=\u00bb{}\u00bb][\/et_pb_image][et_pb_text _builder_version=\u00bb4.16&#8243; text_font=\u00bb|800||on|||||\u00bb text_text_color=\u00bb#2354A4&#8243; text_font_size=\u00bb2vw\u00bb text_line_height=\u00bb1.2em\u00bb header_font=\u00bb||||||||\u00bb header_font_size=\u00bb50px\u00bb header_2_font=\u00bb||||||||\u00bb header_2_text_color=\u00bb#1d1d1b\u00bb header_2_font_size=\u00bb3vw\u00bb header_2_line_height=\u00bb50px\u00bb header_3_font=\u00bb|700|||||||\u00bb header_3_text_color=\u00bb#000000&#8243; header_3_font_size=\u00bb28px\u00bb header_3_line_height=\u00bb1.2em\u00bb header_4_text_align=\u00bbleft\u00bb header_4_text_color=\u00bb#ffffff\u00bb background_color=\u00bb#ffffff\u00bb custom_margin=\u00bb-125px||0px|-30%|false|false\u00bb custom_margin_tablet=\u00bb-30px|||0%|false|false\u00bb custom_margin_phone=\u00bb\u00bb custom_margin_last_edited=\u00bbon|tablet\u00bb custom_padding=\u00bb70px|20%|5%|5%|false|false\u00bb custom_padding_tablet=\u00bb0px|15%|5%|0%|false|false\u00bb custom_padding_phone=\u00bb\u00bb custom_padding_last_edited=\u00bbon|tablet\u00bb text_font_size_tablet=\u00bb3.5vw\u00bb text_font_size_phone=\u00bb6vw\u00bb text_font_size_last_edited=\u00bbon|tablet\u00bb header_3_font_size_tablet=\u00bb28px\u00bb header_3_font_size_phone=\u00bb28px\u00bb header_3_font_size_last_edited=\u00bbon|desktop\u00bb border_radii=\u00bb||||\u00bb border_style_all=\u00bbnone\u00bb border_color_top=\u00bb#ffffff\u00bb border_color_right=\u00bb#ffffff\u00bb border_color_bottom=\u00bb#ffffff\u00bb border_color_left=\u00bb#ffffff\u00bb global_colors_info=\u00bb{}\u00bb]<\/p>\n<h3>COMPROMETIDOS DEL LADO DE LOS CUNICULTORES, CON <span style=\"color: #37877f;\">EL RENDIMIENTO PRODUCTIVO Y LA DURABILIDAD<\/span> DE SUS EXPLOTACIONES.<\/h3>\n<p>[\/et_pb_text][et_pb_text _builder_version=\u00bb4.16&#8243; text_font=\u00bb||||||||\u00bb text_text_color=\u00bb#000000&#8243; header_font=\u00bb||||||||\u00bb header_font_size=\u00bb50px\u00bb header_2_font=\u00bb||||||||\u00bb header_2_text_color=\u00bb#1d1d1b\u00bb header_2_line_height=\u00bb50px\u00bb header_3_font=\u00bb||||||||\u00bb header_3_text_color=\u00bb#ffffff\u00bb header_3_font_size=\u00bb28px\u00bb header_3_line_height=\u00bb30px\u00bb header_4_text_align=\u00bbleft\u00bb header_4_text_color=\u00bb#ffffff\u00bb background_color=\u00bb#ffffff\u00bb background_enable_color=\u00bboff\u00bb custom_margin=\u00bb14px||0px||false|false\u00bb custom_padding=\u00bb|5%|0px|0px|false|false\u00bb border_radii=\u00bb||||\u00bb border_style_all=\u00bbnone\u00bb border_color_top=\u00bb#ffffff\u00bb border_color_right=\u00bb#ffffff\u00bb border_color_bottom=\u00bb#ffffff\u00bb border_color_left=\u00bb#ffffff\u00bb global_colors_info=\u00bb{}\u00bb]<\/p>\n<p>eNuestra selecci\u00f3n gen\u00e9tica innovadora sabe reinventarse a fin de garantizar a nuestros clientes los animales con los mejores rendimientos productivos del mercado.<\/p>\n<p>Los retos a superar son numerosos y el conejo ocupa un lugar particular entre las carnes del mercado. Aceptaci\u00f3n social a trav\u00e9s de m\u00e9todos de producci\u00f3n sin antibi\u00f3ticos y conversi\u00f3n a otras formas de alojamiento para algunos, producci\u00f3n de una fuente de prote\u00edna diferenciada de alto valor nutricional o desarrollo de capacidades de producci\u00f3n racionales con bajo impacto ambiental para otros, el papel del seleccionador consiste en poder acoger estos diferentes paradigmas y ofrecer soluciones sostenibles y rentables a sus socios.<\/p>\n<p>Nuestros equipos, apasionados, comprometidos y atentos a las necesidades expresadas por el mercado, han demostrado a lo largo de los a\u00f1os su fuerte compromiso con los valores defendidos por el Groupe Grimaud: \u00a1Cuidar la vida!<\/p>\n<p style=\"text-align: right;\"><strong>Olivier Demeure,<br \/>Director General<\/strong><\/p>\n<p>[\/et_pb_text][et_pb_image src=\u00bbhttps:\/\/hypharm.fr\/wp-content\/uploads\/2024\/08\/directeur-hypharm.jpg\u00bb alt=\u00bbPortrait du directeur g\u00e9n\u00e9ral d&#8217;Hypharm, soci\u00e9t\u00e9 sp\u00e9cialis\u00e9e en g\u00e9n\u00e9tique cunicole\u00bb disabled_on=\u00bboff|off|on\u00bb _builder_version=\u00bb4.18.0&#8243; background_enable_image=\u00bboff\u00bb z_index=\u00bb56&#8243; width=\u00bb100%\u00bb module_alignment=\u00bbright\u00bb custom_margin=\u00bb32px||0px|0px|false|false\u00bb custom_padding=\u00bb||||false|false\u00bb hover_enabled=\u00bb0&#8243; global_colors_info=\u00bb{}\u00bb sticky_enabled=\u00bb0&#8243;][\/et_pb_image][\/et_pb_column][\/et_pb_row][\/et_pb_section][et_pb_section fb_built=\u00bb1&#8243; _builder_version=\u00bb4.16&#8243; background_color=\u00bb#64a198&#8243; custom_padding_tablet=\u00bb100px|7%|100px|7%|true|true\u00bb global_colors_info=\u00bb{}\u00bb][et_pb_row _builder_version=\u00bb4.16&#8243; custom_margin=\u00bb||0px||false|false\u00bb custom_padding=\u00bb0px||0px||false|false\u00bb global_colors_info=\u00bb{}\u00bb][et_pb_column type=\u00bb4_4&#8243; _builder_version=\u00bb4.16&#8243; global_colors_info=\u00bb{}\u00bb][et_pb_text _builder_version=\u00bb4.16&#8243; header_2_font=\u00bb|||on|||||\u00bb header_2_text_align=\u00bbcenter\u00bb header_2_text_color=\u00bb#ffffff\u00bb header_2_line_height=\u00bb1.2em\u00bb custom_margin=\u00bb||-1px|||\u00bb global_colors_info=\u00bb{}\u00bb]<\/p>\n<h2>Visi\u00f3n<\/h2>\n<p>[\/et_pb_text][et_pb_text _builder_version=\u00bb4.16&#8243; text_font=\u00bb|600|||||||\u00bb text_text_color=\u00bb#ffffff\u00bb text_font_size=\u00bb22px\u00bb text_orientation=\u00bbcenter\u00bb custom_padding=\u00bb17px||0px|||\u00bb global_colors_info=\u00bb{}\u00bb]<\/p>\n<p>Nuestro papel es cuidar de<\/p>\n<p>[\/et_pb_text][et_pb_tabs active_tab_background_color=\u00bbrgba(0,0,0,0)\u00bb inactive_tab_background_color=\u00bbrgba(0,0,0,0)\u00bb active_tab_text_color=\u00bb#1b5a56&#8243; _builder_version=\u00bb4.16&#8243; tab_text_color=\u00bb#ffffff\u00bb tab_font=\u00bb|700||on|||||\u00bb tab_font_size=\u00bb20px\u00bb tab_line_height=\u00bb1.4em\u00bb background_enable_color=\u00bboff\u00bb width=\u00bb100%\u00bb module_alignment=\u00bbcenter\u00bb custom_margin=\u00bb||0px||false|false\u00bb custom_padding=\u00bb0px|0px|20px|0px|false|false\u00bb tab_font_size_tablet=\u00bb\u00bb tab_font_size_phone=\u00bb23px\u00bb tab_font_size_last_edited=\u00bbon|phone\u00bb border_width_all=\u00bb0px\u00bb border_style_all=\u00bbnone\u00bb global_colors_info=\u00bb{}\u00bb][et_pb_tab title=\u00bbnuestros clientes y socios\u00bb _builder_version=\u00bb4.16&#8243; background_enable_color=\u00bboff\u00bb global_colors_info=\u00bb{}\u00bb]<\/p>\n[et_pb_section global_module=\"61128\"][\/et_pb_section]\n<p>[\/et_pb_tab][et_pb_tab title=\u00bbnuestros equipos\u00bb _builder_version=\u00bb4.16&#8243; background_enable_color=\u00bboff\u00bb global_colors_info=\u00bb{}\u00bb]<\/p>\n[et_pb_section global_module=\"61135\"][\/et_pb_section]\n<p>[\/et_pb_tab][et_pb_tab title=\u00bblos hombres\u00bb _builder_version=\u00bb4.16&#8243; background_enable_color=\u00bboff\u00bb global_colors_info=\u00bb{}\u00bb]<\/p>\n[et_pb_section global_module=\"61143\"][\/et_pb_section]\n<p>[\/et_pb_tab][et_pb_tab title=\u00bblos animales\u00bb _builder_version=\u00bb4.16&#8243; background_enable_color=\u00bboff\u00bb global_colors_info=\u00bb{}\u00bb]<\/p>\n[et_pb_section global_module=\"61153\"][\/et_pb_section]\n<p>[\/et_pb_tab][et_pb_tab title=\u00bbEl planeta\u00bb _builder_version=\u00bb4.16&#8243; background_enable_color=\u00bboff\u00bb global_colors_info=\u00bb{}\u00bb]<\/p>\n[et_pb_section global_module=\"61160\"][\/et_pb_section]\n<p>[\/et_pb_tab][\/et_pb_tabs][\/et_pb_column][\/et_pb_row][\/et_pb_section][et_pb_section fb_built=\u00bb1&#8243; custom_padding_last_edited=\u00bbon|tablet\u00bb _builder_version=\u00bb4.16&#8243; background_color=\u00bb#f7f8f8&#8243; custom_padding=\u00bb65px|7%|65px|7%|true|true\u00bb custom_padding_tablet=\u00bb|7%||7%|false|true\u00bb custom_padding_phone=\u00bb75px|7%|65px|7%|false|true\u00bb saved_tabs=\u00bball\u00bb global_colors_info=\u00bb{}\u00bb][et_pb_row column_structure=\u00bb1_4,1_2,1_4&#8243; gutter_width=\u00bb2&#8243; make_equal=\u00bbon\u00bb custom_padding_last_edited=\u00bbon|phone\u00bb module_class=\u00bb et_pb_row_fullwidth\u00bb _builder_version=\u00bb4.16&#8243; custom_margin_tablet=\u00bb\u00bb custom_margin_phone=\u00bb|0px||0px|false|false\u00bb custom_margin_last_edited=\u00bbon|phone\u00bb custom_padding_tablet=\u00bb\u00bb custom_padding_phone=\u00bb0px|0px|0px|0px|false|true\u00bb custom_css_main_element=\u00bbalign-items: center;||||\u00bb make_fullwidth=\u00bbon\u00bb global_colors_info=\u00bb{}\u00bb][et_pb_column type=\u00bb1_4&#8243; _builder_version=\u00bb4.16&#8243; custom_padding=\u00bb||||false|false\u00bb custom_padding_tablet=\u00bb|||0%|false|false\u00bb custom_padding_phone=\u00bb|0px|||false|false\u00bb custom_padding_last_edited=\u00bbon|tablet\u00bb global_colors_info=\u00bb{}\u00bb custom_padding__hover=\u00bb|||\u00bb][et_pb_image src=\u00bbhttps:\/\/hypharm.fr\/wp-content\/uploads\/2020\/10\/Groupe-Grimaud-EN.svg\u00bb alt=\u00bbLogotipo del Grupo Grimaud\u00bb align_tablet=\u00bbcenter\u00bb align_phone=\u00bb\u00bb align_last_edited=\u00bbon|desktop\u00bb _builder_version=\u00bb4.16&#8243; width=\u00bb100%\u00bb width_tablet=\u00bb59%\u00bb width_phone=\u00bb86%\u00bb width_last_edited=\u00bbon|phone\u00bb custom_margin=\u00bb0px||\u00bb custom_padding_tablet=\u00bb\u00bb custom_padding_phone=\u00bb|15px|||false|false\u00bb custom_padding_last_edited=\u00bbon|phone\u00bb module_alignment_tablet=\u00bbcenter\u00bb module_alignment_phone=\u00bbcenter\u00bb module_alignment_last_edited=\u00bbon|tablet\u00bb global_colors_info=\u00bb{}\u00bb][\/et_pb_image][\/et_pb_column][et_pb_column type=\u00bb1_2&#8243; _builder_version=\u00bb4.16&#8243; custom_padding=\u00bb|||3%|false|false\u00bb custom_padding_tablet=\u00bb|||0%|false|false\u00bb custom_padding_phone=\u00bb|0px||0%|false|false\u00bb custom_padding_last_edited=\u00bbon|phone\u00bb global_colors_info=\u00bb{}\u00bb custom_padding__hover=\u00bb|||\u00bb][et_pb_text _builder_version=\u00bb4.16&#8243; text_font=\u00bb||||||||\u00bb text_text_color=\u00bb#000000&#8243; text_font_size=\u00bb22px\u00bb header_font=\u00bb||||||||\u00bb header_2_font=\u00bb||||||||\u00bb header_2_text_color=\u00bb#37877f\u00bb header_2_font_size=\u00bb35px\u00bb header_2_line_height=\u00bb1.2em\u00bb width=\u00bb100%\u00bb max_width=\u00bb100%\u00bb custom_margin=\u00bb|||\u00bb custom_margin_tablet=\u00bb\u00bb custom_margin_phone=\u00bb|0px||0px|false|false\u00bb custom_margin_last_edited=\u00bbon|tablet\u00bb custom_padding=\u00bb|||40px\u00bb custom_padding_tablet=\u00bb50px||50px|0px|false|false\u00bb custom_padding_phone=\u00bb50px|0px|50px|0px|false|false\u00bb custom_padding_last_edited=\u00bbon|phone\u00bb header_2_text_align_tablet=\u00bbleft\u00bb header_2_text_align_phone=\u00bb\u00bb header_2_text_align_last_edited=\u00bbon|tablet\u00bb header_2_font_size_tablet=\u00bb\u00bb header_2_font_size_phone=\u00bb35px\u00bb header_2_font_size_last_edited=\u00bbon|phone\u00bb custom_css_main_element=\u00bb||\u00bb border_width_left=\u00bb6px\u00bb border_color_left=\u00bb#37877f\u00bb border_width_all_tablet=\u00bb\u00bb border_width_all_phone=\u00bb\u00bb border_width_all_last_edited=\u00bbon|desktop\u00bb border_width_left_tablet=\u00bb0px\u00bb border_width_left_phone=\u00bb0px\u00bb border_width_left_last_edited=\u00bbon|phone\u00bb global_colors_info=\u00bb{}\u00bb]<\/p>\n<h2><span style=\"color: #000000;\">Hypharm<\/span>, filial CUN\u00cdCOLA del Groupe Grimaud<\/h2>\n<p>Hypharm constituye la rama cun\u00edcola del Groupe Grimaud, la marca est\u00e1 presente en 25 pa\u00edses.[\/et_pb_text][\/et_pb_column][et_pb_column type=\u00bb1_4&#8243; _builder_version=\u00bb4.16&#8243; custom_padding=\u00bb||||false|false\u00bb custom_padding_tablet=\u00bb|0%|||false|false\u00bb custom_padding_phone=\u00bb|0%||0px|false|false\u00bb custom_padding_last_edited=\u00bbon|phone\u00bb global_colors_info=\u00bb{}\u00bb custom_padding__hover=\u00bb|||\u00bb][et_pb_button button_url=\u00bbhttp:\/\/www.grimaud.com\/\u00bb button_text=\u00bbM\u00e1s informaci\u00f3n\u00bb button_alignment=\u00bbright\u00bb button_alignment_tablet=\u00bbcenter\u00bb button_alignment_phone=\u00bbcenter\u00bb button_alignment_last_edited=\u00bbon|desktop\u00bb disabled_on=\u00bboff|off|off\u00bb _builder_version=\u00bb4.16&#8243; global_colors_info=\u00bb{}\u00bb][\/et_pb_button][\/et_pb_column][\/et_pb_row][\/et_pb_section]<\/p>\n","protected":false},"excerpt":{"rendered":"<p>Cuida la vidaLorem ipsum dolor sit amet, consectetur adipiscing elit.COMPROMETIDOS DEL LADO DE LOS CUNICULTORES, CON EL RENDIMIENTO PRODUCTIVO Y LA DURABILIDAD DE SUS EXPLOTACIONES.eNuestra selecci\u00f3n gen\u00e9tica innovadora sabe reinventarse a fin de garantizar a nuestros clientes los animales con los mejores rendimientos productivos del mercado. Los retos a superar son numerosos y el conejo [&hellip;]<\/p>\n","protected":false},"author":2,"featured_media":0,"parent":0,"menu_order":0,"comment_status":"closed","ping_status":"closed","template":"","meta":{"_et_pb_use_builder":"on","_et_pb_old_content":"","_et_gb_content_width":"","footnotes":""},"class_list":["post-61122","page","type-page","status-publish","hentry"],"yoast_head":"<!-- This site is optimized with the Yoast SEO plugin v26.4 - https:\/\/yoast.com\/wordpress\/plugins\/seo\/ -->\n<title>Cuida la vida<\/title>\n<meta name=\"robots\" content=\"index, follow, max-snippet:-1, max-image-preview:large, max-video-preview:-1\" \/>\n<link rel=\"canonical\" href=\"https:\/\/hypharm.fr\/es\/cuida-la-vida\/\" \/>\n<meta property=\"og:locale\" content=\"es_ES\" \/>\n<meta property=\"og:type\" content=\"article\" \/>\n<meta property=\"og:title\" content=\"Cuida la vida\" \/>\n<meta property=\"og:description\" content=\"Cuida la vidaLorem ipsum dolor sit amet, consectetur adipiscing elit.COMPROMETIDOS DEL LADO DE LOS CUNICULTORES, CON EL RENDIMIENTO PRODUCTIVO Y LA DURABILIDAD DE SUS EXPLOTACIONES.eNuestra selecci\u00f3n gen\u00e9tica innovadora sabe reinventarse a fin de garantizar a nuestros clientes los animales con los mejores rendimientos productivos del mercado. Los retos a superar son numerosos y el conejo [&hellip;]\" \/>\n<meta property=\"og:url\" content=\"https:\/\/hypharm.fr\/es\/cuida-la-vida\/\" \/>\n<meta property=\"og:site_name\" content=\"Hypharm\" \/>\n<meta property=\"article:modified_time\" content=\"2024-08-14T15:31:34+00:00\" \/>\n<meta name=\"twitter:card\" content=\"summary_large_image\" \/>\n<meta name=\"twitter:label1\" content=\"Tiempo de lectura\" \/>\n\t<meta name=\"twitter:data1\" content=\"9 minutos\" \/>\n<script type=\"application\/ld+json\" class=\"yoast-schema-graph\">{\"@context\":\"https:\/\/schema.org\",\"@graph\":[{\"@type\":\"WebPage\",\"@id\":\"https:\/\/hypharm.fr\/es\/cuida-la-vida\/\",\"url\":\"https:\/\/hypharm.fr\/es\/cuida-la-vida\/\",\"name\":\"Cuida la vida\",\"isPartOf\":{\"@id\":\"https:\/\/hypharm.fr\/es\/#website\"},\"datePublished\":\"2020-03-25T03:04:59+00:00\",\"dateModified\":\"2024-08-14T15:31:34+00:00\",\"breadcrumb\":{\"@id\":\"https:\/\/hypharm.fr\/es\/cuida-la-vida\/#breadcrumb\"},\"inLanguage\":\"es\",\"potentialAction\":[{\"@type\":\"ReadAction\",\"target\":[\"https:\/\/hypharm.fr\/es\/cuida-la-vida\/\"]}]},{\"@type\":\"BreadcrumbList\",\"@id\":\"https:\/\/hypharm.fr\/es\/cuida-la-vida\/#breadcrumb\",\"itemListElement\":[{\"@type\":\"ListItem\",\"position\":1,\"name\":\"Accueil\",\"item\":\"https:\/\/hypharm.fr\/es\/\"},{\"@type\":\"ListItem\",\"position\":2,\"name\":\"Cuida la vida\"}]},{\"@type\":\"WebSite\",\"@id\":\"https:\/\/hypharm.fr\/es\/#website\",\"url\":\"https:\/\/hypharm.fr\/es\/\",\"name\":\"Hypharm\",\"description\":\"Prendre soin de la vie\",\"publisher\":{\"@id\":\"https:\/\/hypharm.fr\/es\/#organization\"},\"potentialAction\":[{\"@type\":\"SearchAction\",\"target\":{\"@type\":\"EntryPoint\",\"urlTemplate\":\"https:\/\/hypharm.fr\/es\/?s={search_term_string}\"},\"query-input\":{\"@type\":\"PropertyValueSpecification\",\"valueRequired\":true,\"valueName\":\"search_term_string\"}}],\"inLanguage\":\"es\"},{\"@type\":\"Organization\",\"@id\":\"https:\/\/hypharm.fr\/es\/#organization\",\"name\":\"Hypharm\",\"url\":\"https:\/\/hypharm.fr\/es\/\",\"logo\":{\"@type\":\"ImageObject\",\"inLanguage\":\"es\",\"@id\":\"https:\/\/hypharm.fr\/es\/#\/schema\/logo\/image\/\",\"url\":\"https:\/\/hypharm.fr\/wp-content\/uploads\/2020\/07\/logo-hypharm-horizontal.svg\",\"contentUrl\":\"https:\/\/hypharm.fr\/wp-content\/uploads\/2020\/07\/logo-hypharm-horizontal.svg\",\"width\":310,\"height\":77,\"caption\":\"Hypharm\"},\"image\":{\"@id\":\"https:\/\/hypharm.fr\/es\/#\/schema\/logo\/image\/\"}}]}<\/script>\n<!-- \/ Yoast SEO plugin. -->","yoast_head_json":{"title":"Cuida la vida","robots":{"index":"index","follow":"follow","max-snippet":"max-snippet:-1","max-image-preview":"max-image-preview:large","max-video-preview":"max-video-preview:-1"},"canonical":"https:\/\/hypharm.fr\/es\/cuida-la-vida\/","og_locale":"es_ES","og_type":"article","og_title":"Cuida la vida","og_description":"Cuida la vidaLorem ipsum dolor sit amet, consectetur adipiscing elit.COMPROMETIDOS DEL LADO DE LOS CUNICULTORES, CON EL RENDIMIENTO PRODUCTIVO Y LA DURABILIDAD DE SUS EXPLOTACIONES.eNuestra selecci\u00f3n gen\u00e9tica innovadora sabe reinventarse a fin de garantizar a nuestros clientes los animales con los mejores rendimientos productivos del mercado. Los retos a superar son numerosos y el conejo [&hellip;]","og_url":"https:\/\/hypharm.fr\/es\/cuida-la-vida\/","og_site_name":"Hypharm","article_modified_time":"2024-08-14T15:31:34+00:00","twitter_card":"summary_large_image","twitter_misc":{"Tiempo de lectura":"9 minutos"},"schema":{"@context":"https:\/\/schema.org","@graph":[{"@type":"WebPage","@id":"https:\/\/hypharm.fr\/es\/cuida-la-vida\/","url":"https:\/\/hypharm.fr\/es\/cuida-la-vida\/","name":"Cuida la vida","isPartOf":{"@id":"https:\/\/hypharm.fr\/es\/#website"},"datePublished":"2020-03-25T03:04:59+00:00","dateModified":"2024-08-14T15:31:34+00:00","breadcrumb":{"@id":"https:\/\/hypharm.fr\/es\/cuida-la-vida\/#breadcrumb"},"inLanguage":"es","potentialAction":[{"@type":"ReadAction","target":["https:\/\/hypharm.fr\/es\/cuida-la-vida\/"]}]},{"@type":"BreadcrumbList","@id":"https:\/\/hypharm.fr\/es\/cuida-la-vida\/#breadcrumb","itemListElement":[{"@type":"ListItem","position":1,"name":"Accueil","item":"https:\/\/hypharm.fr\/es\/"},{"@type":"ListItem","position":2,"name":"Cuida la vida"}]},{"@type":"WebSite","@id":"https:\/\/hypharm.fr\/es\/#website","url":"https:\/\/hypharm.fr\/es\/","name":"Hypharm","description":"Prendre soin de la vie","publisher":{"@id":"https:\/\/hypharm.fr\/es\/#organization"},"potentialAction":[{"@type":"SearchAction","target":{"@type":"EntryPoint","urlTemplate":"https:\/\/hypharm.fr\/es\/?s={search_term_string}"},"query-input":{"@type":"PropertyValueSpecification","valueRequired":true,"valueName":"search_term_string"}}],"inLanguage":"es"},{"@type":"Organization","@id":"https:\/\/hypharm.fr\/es\/#organization","name":"Hypharm","url":"https:\/\/hypharm.fr\/es\/","logo":{"@type":"ImageObject","inLanguage":"es","@id":"https:\/\/hypharm.fr\/es\/#\/schema\/logo\/image\/","url":"https:\/\/hypharm.fr\/wp-content\/uploads\/2020\/07\/logo-hypharm-horizontal.svg","contentUrl":"https:\/\/hypharm.fr\/wp-content\/uploads\/2020\/07\/logo-hypharm-horizontal.svg","width":310,"height":77,"caption":"Hypharm"},"image":{"@id":"https:\/\/hypharm.fr\/es\/#\/schema\/logo\/image\/"}}]}},"_links":{"self":[{"href":"https:\/\/hypharm.fr\/es\/wp-json\/wp\/v2\/pages\/61122","targetHints":{"allow":["GET"]}}],"collection":[{"href":"https:\/\/hypharm.fr\/es\/wp-json\/wp\/v2\/pages"}],"about":[{"href":"https:\/\/hypharm.fr\/es\/wp-json\/wp\/v2\/types\/page"}],"author":[{"embeddable":true,"href":"https:\/\/hypharm.fr\/es\/wp-json\/wp\/v2\/users\/2"}],"replies":[{"embeddable":true,"href":"https:\/\/hypharm.fr\/es\/wp-json\/wp\/v2\/comments?post=61122"}],"version-history":[{"count":0,"href":"https:\/\/hypharm.fr\/es\/wp-json\/wp\/v2\/pages\/61122\/revisions"}],"wp:attachment":[{"href":"https:\/\/hypharm.fr\/es\/wp-json\/wp\/v2\/media?parent=61122"}],"curies":[{"name":"wp","href":"https:\/\/api.w.org\/{rel}","templated":true}]}}