{"id":74370,"date":"2023-07-20T15:37:17","date_gmt":"2023-07-20T14:37:17","guid":{"rendered":"https:\/\/hypharm.fr\/weezyou\/"},"modified":"2023-07-24T10:07:20","modified_gmt":"2023-07-24T09:07:20","slug":"weezyou","status":"publish","type":"page","link":"https:\/\/hypharm.fr\/es\/weezyou\/","title":{"rendered":"Weezyou"},"content":{"rendered":"<p>[et_pb_section fb_built=\u00bb1&#8243; _builder_version=\u00bb4.18.0&#8243; background_color=\u00bbrgba(0,0,0,0.33)\u00bb background_image=\u00bbhttps:\/\/hypharm.fr\/wp-content\/uploads\/2023\/07\/banner-weezyou.jpg\u00bb background_position=\u00bbtop_left\u00bb background_blend=\u00bboverlay\u00bb custom_padding=\u00bb|0%|7%|0%|false|true\u00bb custom_padding_tablet=\u00bb|0px|7%|0px|false|true\u00bb custom_padding_phone=\u00bb|0px|7%|0px|false|true\u00bb global_colors_info=\u00bb%91%93&#8243;][et_pb_row custom_padding_last_edited=\u00bbon|phone\u00bb module_class=\u00bb et_pb_row_fullwidth\u00bb _builder_version=\u00bb4.18.0&#8243; max_width=\u00bb1500px\u00bb custom_padding=\u00bb|5%|0px|5%|false|true\u00bb custom_padding_tablet=\u00bb||||false|true\u00bb custom_padding_phone=\u00bb||||false|true\u00bb make_fullwidth=\u00bbon\u00bb global_colors_info=\u00bb%91%93&#8243;][et_pb_column type=\u00bb4_4&#8243; _builder_version=\u00bb4.16&#8243; custom_padding=\u00bb|||\u00bb global_colors_info=\u00bb{}\u00bb custom_padding__hover=\u00bb|||\u00bb][et_pb_text _builder_version=\u00bb4.18.0&#8243; text_font=\u00bb||||||||\u00bb header_font=\u00bb||||||||\u00bb header_text_align=\u00bbleft\u00bb header_text_color=\u00bb#ffffff\u00bb header_font_size=\u00bb60px\u00bb header_line_height=\u00bb1.2em\u00bb custom_margin=\u00bb||5px|||\u00bb custom_padding=\u00bb10%||||false|false\u00bb custom_padding_tablet=\u00bb15%||0%||false|false\u00bb custom_padding_phone=\u00bb20%||0%||false|false\u00bb custom_padding_last_edited=\u00bbon|tablet\u00bb header_font_size_tablet=\u00bb60px\u00bb header_font_size_phone=\u00bb35px\u00bb header_font_size_last_edited=\u00bbon|phone\u00bb global_colors_info=\u00bb%91%93&#8243;]<\/p>\n<h1>Weezyou<\/h1>\n<p>[\/et_pb_text][et_pb_text _builder_version=\u00bb4.18.0&#8243; text_font=\u00bb||||||||\u00bb text_text_color=\u00bb#ffffff\u00bb text_font_size=\u00bb22px\u00bb text_line_height=\u00bb1.2em\u00bb width=\u00bb61%\u00bb width_tablet=\u00bb100%\u00bb width_phone=\u00bb\u00bb width_last_edited=\u00bbon|phone\u00bb custom_margin=\u00bb-4px|||||\u00bb custom_padding=\u00bb10px||36px|||\u00bb text_font_size_tablet=\u00bb\u00bb text_font_size_phone=\u00bb\u00bb text_font_size_last_edited=\u00bbon|desktop\u00bb global_colors_info=\u00bb%91%93&#8243;]<\/p>\n<p>The animal production services platform<\/p>\n<p>[\/et_pb_text][\/et_pb_column][\/et_pb_row][\/et_pb_section][et_pb_section fb_built=\u00bb1&#8243; _builder_version=\u00bb4.18.0&#8243; custom_padding=\u00bb80px|0%|100px|0%|false|true\u00bb custom_padding_tablet=\u00bb60px|0px|60px|0px|true|true\u00bb custom_padding_phone=\u00bb20px||20px||true|true\u00bb global_colors_info=\u00bb%91%93&#8243;][et_pb_row column_structure=\u00bb1_2,1_2&#8243; custom_padding_last_edited=\u00bbon|tablet\u00bb _builder_version=\u00bb4.18.0&#8243; max_width=\u00bb1500px\u00bb custom_padding=\u00bb|5%||5%|false|true\u00bb custom_padding_tablet=\u00bb0px|5%|0px|5%|false|false\u00bb custom_padding_phone=\u00bb0px|5%|0px|5%|false|true\u00bb global_colors_info=\u00bb%91%93&#8243;][et_pb_column type=\u00bb1_2&#8243; _builder_version=\u00bb4.18.0&#8243; background_enable_image=\u00bboff\u00bb background_size=\u00bbinitial\u00bb background_position=\u00bbbottom_left\u00bb global_colors_info=\u00bb{}\u00bb][et_pb_image src=\u00bbhttps:\/\/hypharm.fr\/wp-content\/uploads\/2023\/07\/logo-weezyou.jpg\u00bb alt=\u00bbMickael Le Helloco, DG Novogen, g\u00e9n\u00e9tique aviculture\u00bb title_text=\u00bblogo-weezyou\u00bb disabled_on=\u00bbon|on|off\u00bb _builder_version=\u00bb4.18.0&#8243; background_enable_image=\u00bboff\u00bb z_index=\u00bb56&#8243; width=\u00bb100%\u00bb module_alignment=\u00bbright\u00bb custom_margin=\u00bb||0px|0px|false|false\u00bb custom_padding=\u00bb||||false|false\u00bb border_radii=\u00bbon|60px|60px|60px|60px\u00bb global_colors_info=\u00bb{}\u00bb][\/et_pb_image][\/et_pb_column][et_pb_column type=\u00bb1_2&#8243; _builder_version=\u00bb4.18.0&#8243; global_colors_info=\u00bb{}\u00bb][et_pb_image src=\u00bbhttps:\/\/hypharm.fr\/wp-content\/uploads\/2023\/07\/angle-droit.svg\u00bb title_text=\u00bbangle-droit\u00bb align=\u00bbright\u00bb _builder_version=\u00bb4.16&#8243; z_index=\u00bb43&#8243; width=\u00bb18%\u00bb module_alignment=\u00bbright\u00bb custom_margin=\u00bb-70px||0px||false|false\u00bb custom_margin_tablet=\u00bb0px||0px||false|false\u00bb custom_margin_phone=\u00bb\u00bb custom_margin_last_edited=\u00bbon|tablet\u00bb border_radii=\u00bboff||||\u00bb global_colors_info=\u00bb{}\u00bb][\/et_pb_image][et_pb_text _builder_version=\u00bb4.18.0&#8243; text_font=\u00bb|800||on|||||\u00bb text_text_color=\u00bb#2354A4&#8243; text_font_size=\u00bb2vw\u00bb text_line_height=\u00bb1.2em\u00bb header_font=\u00bb||||||||\u00bb header_font_size=\u00bb50px\u00bb header_2_font=\u00bb||||||||\u00bb header_2_text_color=\u00bb#1d1d1b\u00bb header_2_font_size=\u00bb3vw\u00bb header_2_line_height=\u00bb50px\u00bb header_3_font=\u00bb||||||||\u00bb header_3_text_color=\u00bb#000000&#8243; header_3_font_size=\u00bb28px\u00bb header_3_line_height=\u00bb1.2em\u00bb header_4_text_align=\u00bbleft\u00bb header_4_text_color=\u00bb#ffffff\u00bb background_color=\u00bb#ffffff\u00bb custom_margin=\u00bb-80px||0px|-30%|false|false\u00bb custom_margin_tablet=\u00bb-30px|||0%|false|false\u00bb custom_margin_phone=\u00bb\u00bb custom_margin_last_edited=\u00bbon|tablet\u00bb custom_padding=\u00bb70px|20%|5%|5%|false|false\u00bb custom_padding_tablet=\u00bb0px|15%|5%|0%|false|false\u00bb custom_padding_phone=\u00bb|10%|||false|false\u00bb custom_padding_last_edited=\u00bbon|tablet\u00bb hover_enabled=\u00bb0&#8243; text_font_size_tablet=\u00bb3.5vw\u00bb text_font_size_phone=\u00bb6vw\u00bb text_font_size_last_edited=\u00bbon|tablet\u00bb header_3_font_size_tablet=\u00bb22px\u00bb header_3_font_size_phone=\u00bb20px\u00bb header_3_font_size_last_edited=\u00bbon|phone\u00bb border_radii=\u00bboff||||60px\u00bb border_style_all=\u00bbnone\u00bb border_color_top=\u00bb#ffffff\u00bb border_color_right=\u00bb#ffffff\u00bb border_color_bottom=\u00bb#ffffff\u00bb border_color_left=\u00bb#ffffff\u00bb border_radii_tablet=\u00bboff||||0px\u00bb border_radii_phone=\u00bboff||||0px\u00bb border_radii_last_edited=\u00bbon|phone\u00bb global_colors_info=\u00bb%91%93&#8243; sticky_enabled=\u00bb0&#8243;]<\/p>\n<h3>Hypharm <span style=\"color: #f18700;\"> has designed the \u00abWeezyou\u00bb platform, specially dedicated to those involved in animal production<\/span><\/h3>\n<p>[\/et_pb_text][et_pb_text _builder_version=\u00bb4.18.0&#8243; text_font=\u00bb||||||||\u00bb text_text_color=\u00bb#000000&#8243; header_font=\u00bb||||||||\u00bb header_font_size=\u00bb50px\u00bb header_2_font=\u00bb||||||||\u00bb header_2_text_color=\u00bb#1d1d1b\u00bb header_2_line_height=\u00bb50px\u00bb header_3_font=\u00bb||||||||\u00bb header_3_text_color=\u00bb#ffffff\u00bb header_3_font_size=\u00bb28px\u00bb header_3_line_height=\u00bb30px\u00bb header_4_text_align=\u00bbleft\u00bb header_4_text_color=\u00bb#ffffff\u00bb background_color=\u00bb#ffffff\u00bb background_enable_color=\u00bboff\u00bb custom_margin=\u00bb0px||10px||false|false\u00bb custom_padding=\u00bb|5%|0px|0px|false|false\u00bb border_radii=\u00bb||||\u00bb border_style_all=\u00bbnone\u00bb border_color_top=\u00bb#ffffff\u00bb border_color_right=\u00bb#ffffff\u00bb border_color_bottom=\u00bb#ffffff\u00bb border_color_left=\u00bb#ffffff\u00bb global_colors_info=\u00bb%91%93&#8243;]<\/p>\n<p>Hypharm has designed the \u00abWeezyou\u00bb platform, specially dedicated to those involved in animal production, to offer you optimum support in rabbit farming.<\/p>\n<p>[\/et_pb_text][et_pb_button button_url=\u00bbhttps:\/\/weezyou.com\/?_industries=rabbit\u00bb url_new_window=\u00bbon\u00bb button_text=\u00bbDiscover Weezyou\u00bb _builder_version=\u00bb4.18.0&#8243; _module_preset=\u00bbdefault\u00bb custom_margin=\u00bb||20px||false|false\u00bb global_colors_info=\u00bb{}\u00bb][\/et_pb_button][et_pb_text _builder_version=\u00bb4.18.0&#8243; text_font=\u00bb||||||||\u00bb text_text_color=\u00bb#000000&#8243; header_font=\u00bb||||||||\u00bb header_font_size=\u00bb50px\u00bb header_2_font=\u00bb||||||||\u00bb header_2_text_color=\u00bb#1d1d1b\u00bb header_2_line_height=\u00bb50px\u00bb header_3_font=\u00bb||||||||\u00bb header_3_text_color=\u00bb#ffffff\u00bb header_3_font_size=\u00bb28px\u00bb header_3_line_height=\u00bb30px\u00bb header_4_text_align=\u00bbleft\u00bb header_4_text_color=\u00bb#ffffff\u00bb background_color=\u00bb#ffffff\u00bb background_enable_color=\u00bboff\u00bb custom_margin=\u00bb14px||0px||false|false\u00bb custom_padding=\u00bb|5%|0px|0px|false|false\u00bb border_radii=\u00bb||||\u00bb border_style_all=\u00bbnone\u00bb border_color_top=\u00bb#ffffff\u00bb border_color_right=\u00bb#ffffff\u00bb border_color_bottom=\u00bb#ffffff\u00bb border_color_left=\u00bb#ffffff\u00bb global_colors_info=\u00bb%91%93&#8243;]<\/p>\n<p>On this platform, you will find our technical documentation, articles, advice, tutorials and a host of services offered by our experts, available in several languages.<\/p>\n<p>As we are aware that our teams do not cover all areas of livestock production, such as nutrition or animal health, we have brought together several partners on this platform who can contribute with their expertise in other areas and for other animal species.<\/p>\n<p>Don&#8217;t forget to subscribe to the Weezyou Newsletter to be kept informed of new content!<\/p>\n<p>Enjoy your discovery!<\/p>\n<p>[\/et_pb_text][et_pb_image src=\u00bbhttps:\/\/hypharm.fr\/wp-content\/uploads\/2023\/07\/logo-weezyou.jpg\u00bb alt=\u00bbMickael Le Helloco, Directeur G\u00e9n\u00e9ral de Novogen, g\u00e9n\u00e9tique aviculture\u00bb title_text=\u00bblogo-weezyou\u00bb disabled_on=\u00bboff|off|on\u00bb _builder_version=\u00bb4.18.0&#8243; background_enable_image=\u00bboff\u00bb z_index=\u00bb56&#8243; width=\u00bb100%\u00bb module_alignment=\u00bbright\u00bb custom_margin=\u00bb32px||0px|0px|false|false\u00bb custom_padding=\u00bb||||false|false\u00bb border_radii=\u00bboff|60px|60px|60px|\u00bb global_colors_info=\u00bb{}\u00bb][\/et_pb_image][\/et_pb_column][\/et_pb_row][\/et_pb_section]<\/p>\n","protected":false},"excerpt":{"rendered":"<p>WeezyouThe animal production services platformHypharm has designed the \u00abWeezyou\u00bb platform, specially dedicated to those involved in animal productionHypharm has designed the \u00abWeezyou\u00bb platform, specially dedicated to those involved in animal production, to offer you optimum support in rabbit farming.On this platform, you will find our technical documentation, articles, advice, tutorials and a host of services [&hellip;]<\/p>\n","protected":false},"author":2,"featured_media":0,"parent":0,"menu_order":0,"comment_status":"closed","ping_status":"closed","template":"","meta":{"_et_pb_use_builder":"on","_et_pb_old_content":"","_et_gb_content_width":"","footnotes":""},"class_list":["post-74370","page","type-page","status-publish","hentry"],"yoast_head":"<!-- This site is optimized with the Yoast SEO plugin v26.4 - https:\/\/yoast.com\/wordpress\/plugins\/seo\/ -->\n<title>Weezyou - Hypharm<\/title>\n<meta name=\"robots\" content=\"index, follow, max-snippet:-1, max-image-preview:large, max-video-preview:-1\" \/>\n<link rel=\"canonical\" href=\"https:\/\/hypharm.fr\/es\/weezyou\/\" \/>\n<meta property=\"og:locale\" content=\"es_ES\" \/>\n<meta property=\"og:type\" content=\"article\" \/>\n<meta property=\"og:title\" content=\"Weezyou - Hypharm\" \/>\n<meta property=\"og:description\" content=\"WeezyouThe animal production services platformHypharm has designed the &quot;Weezyou&quot; platform, specially dedicated to those involved in animal productionHypharm has designed the &quot;Weezyou&quot; platform, specially dedicated to those involved in animal production, to offer you optimum support in rabbit farming.On this platform, you will find our technical documentation, articles, advice, tutorials and a host of services [&hellip;]\" \/>\n<meta property=\"og:url\" content=\"https:\/\/hypharm.fr\/es\/weezyou\/\" \/>\n<meta property=\"og:site_name\" content=\"Hypharm\" \/>\n<meta property=\"article:modified_time\" content=\"2023-07-24T09:07:20+00:00\" \/>\n<meta name=\"twitter:card\" content=\"summary_large_image\" \/>\n<meta name=\"twitter:label1\" content=\"Tiempo de lectura\" \/>\n\t<meta name=\"twitter:data1\" content=\"2 minutos\" \/>\n<script type=\"application\/ld+json\" class=\"yoast-schema-graph\">{\"@context\":\"https:\/\/schema.org\",\"@graph\":[{\"@type\":\"WebPage\",\"@id\":\"https:\/\/hypharm.fr\/es\/weezyou\/\",\"url\":\"https:\/\/hypharm.fr\/es\/weezyou\/\",\"name\":\"Weezyou - Hypharm\",\"isPartOf\":{\"@id\":\"https:\/\/hypharm.fr\/es\/#website\"},\"datePublished\":\"2023-07-20T14:37:17+00:00\",\"dateModified\":\"2023-07-24T09:07:20+00:00\",\"breadcrumb\":{\"@id\":\"https:\/\/hypharm.fr\/es\/weezyou\/#breadcrumb\"},\"inLanguage\":\"es\",\"potentialAction\":[{\"@type\":\"ReadAction\",\"target\":[\"https:\/\/hypharm.fr\/es\/weezyou\/\"]}]},{\"@type\":\"BreadcrumbList\",\"@id\":\"https:\/\/hypharm.fr\/es\/weezyou\/#breadcrumb\",\"itemListElement\":[{\"@type\":\"ListItem\",\"position\":1,\"name\":\"Accueil\",\"item\":\"https:\/\/hypharm.fr\/es\/\"},{\"@type\":\"ListItem\",\"position\":2,\"name\":\"Weezyou\"}]},{\"@type\":\"WebSite\",\"@id\":\"https:\/\/hypharm.fr\/es\/#website\",\"url\":\"https:\/\/hypharm.fr\/es\/\",\"name\":\"Hypharm\",\"description\":\"Prendre soin de la vie\",\"publisher\":{\"@id\":\"https:\/\/hypharm.fr\/es\/#organization\"},\"potentialAction\":[{\"@type\":\"SearchAction\",\"target\":{\"@type\":\"EntryPoint\",\"urlTemplate\":\"https:\/\/hypharm.fr\/es\/?s={search_term_string}\"},\"query-input\":{\"@type\":\"PropertyValueSpecification\",\"valueRequired\":true,\"valueName\":\"search_term_string\"}}],\"inLanguage\":\"es\"},{\"@type\":\"Organization\",\"@id\":\"https:\/\/hypharm.fr\/es\/#organization\",\"name\":\"Hypharm\",\"url\":\"https:\/\/hypharm.fr\/es\/\",\"logo\":{\"@type\":\"ImageObject\",\"inLanguage\":\"es\",\"@id\":\"https:\/\/hypharm.fr\/es\/#\/schema\/logo\/image\/\",\"url\":\"https:\/\/hypharm.fr\/wp-content\/uploads\/2020\/07\/logo-hypharm-horizontal.svg\",\"contentUrl\":\"https:\/\/hypharm.fr\/wp-content\/uploads\/2020\/07\/logo-hypharm-horizontal.svg\",\"width\":310,\"height\":77,\"caption\":\"Hypharm\"},\"image\":{\"@id\":\"https:\/\/hypharm.fr\/es\/#\/schema\/logo\/image\/\"}}]}<\/script>\n<!-- \/ Yoast SEO plugin. -->","yoast_head_json":{"title":"Weezyou - Hypharm","robots":{"index":"index","follow":"follow","max-snippet":"max-snippet:-1","max-image-preview":"max-image-preview:large","max-video-preview":"max-video-preview:-1"},"canonical":"https:\/\/hypharm.fr\/es\/weezyou\/","og_locale":"es_ES","og_type":"article","og_title":"Weezyou - Hypharm","og_description":"WeezyouThe animal production services platformHypharm has designed the \"Weezyou\" platform, specially dedicated to those involved in animal productionHypharm has designed the \"Weezyou\" platform, specially dedicated to those involved in animal production, to offer you optimum support in rabbit farming.On this platform, you will find our technical documentation, articles, advice, tutorials and a host of services [&hellip;]","og_url":"https:\/\/hypharm.fr\/es\/weezyou\/","og_site_name":"Hypharm","article_modified_time":"2023-07-24T09:07:20+00:00","twitter_card":"summary_large_image","twitter_misc":{"Tiempo de lectura":"2 minutos"},"schema":{"@context":"https:\/\/schema.org","@graph":[{"@type":"WebPage","@id":"https:\/\/hypharm.fr\/es\/weezyou\/","url":"https:\/\/hypharm.fr\/es\/weezyou\/","name":"Weezyou - Hypharm","isPartOf":{"@id":"https:\/\/hypharm.fr\/es\/#website"},"datePublished":"2023-07-20T14:37:17+00:00","dateModified":"2023-07-24T09:07:20+00:00","breadcrumb":{"@id":"https:\/\/hypharm.fr\/es\/weezyou\/#breadcrumb"},"inLanguage":"es","potentialAction":[{"@type":"ReadAction","target":["https:\/\/hypharm.fr\/es\/weezyou\/"]}]},{"@type":"BreadcrumbList","@id":"https:\/\/hypharm.fr\/es\/weezyou\/#breadcrumb","itemListElement":[{"@type":"ListItem","position":1,"name":"Accueil","item":"https:\/\/hypharm.fr\/es\/"},{"@type":"ListItem","position":2,"name":"Weezyou"}]},{"@type":"WebSite","@id":"https:\/\/hypharm.fr\/es\/#website","url":"https:\/\/hypharm.fr\/es\/","name":"Hypharm","description":"Prendre soin de la vie","publisher":{"@id":"https:\/\/hypharm.fr\/es\/#organization"},"potentialAction":[{"@type":"SearchAction","target":{"@type":"EntryPoint","urlTemplate":"https:\/\/hypharm.fr\/es\/?s={search_term_string}"},"query-input":{"@type":"PropertyValueSpecification","valueRequired":true,"valueName":"search_term_string"}}],"inLanguage":"es"},{"@type":"Organization","@id":"https:\/\/hypharm.fr\/es\/#organization","name":"Hypharm","url":"https:\/\/hypharm.fr\/es\/","logo":{"@type":"ImageObject","inLanguage":"es","@id":"https:\/\/hypharm.fr\/es\/#\/schema\/logo\/image\/","url":"https:\/\/hypharm.fr\/wp-content\/uploads\/2020\/07\/logo-hypharm-horizontal.svg","contentUrl":"https:\/\/hypharm.fr\/wp-content\/uploads\/2020\/07\/logo-hypharm-horizontal.svg","width":310,"height":77,"caption":"Hypharm"},"image":{"@id":"https:\/\/hypharm.fr\/es\/#\/schema\/logo\/image\/"}}]}},"_links":{"self":[{"href":"https:\/\/hypharm.fr\/es\/wp-json\/wp\/v2\/pages\/74370","targetHints":{"allow":["GET"]}}],"collection":[{"href":"https:\/\/hypharm.fr\/es\/wp-json\/wp\/v2\/pages"}],"about":[{"href":"https:\/\/hypharm.fr\/es\/wp-json\/wp\/v2\/types\/page"}],"author":[{"embeddable":true,"href":"https:\/\/hypharm.fr\/es\/wp-json\/wp\/v2\/users\/2"}],"replies":[{"embeddable":true,"href":"https:\/\/hypharm.fr\/es\/wp-json\/wp\/v2\/comments?post=74370"}],"version-history":[{"count":0,"href":"https:\/\/hypharm.fr\/es\/wp-json\/wp\/v2\/pages\/74370\/revisions"}],"wp:attachment":[{"href":"https:\/\/hypharm.fr\/es\/wp-json\/wp\/v2\/media?parent=74370"}],"curies":[{"name":"wp","href":"https:\/\/api.w.org\/{rel}","templated":true}]}}