{"id":75363,"date":"2024-11-05T21:08:34","date_gmt":"2024-11-05T20:08:34","guid":{"rendered":"https:\/\/hypharm.fr\/semences\/"},"modified":"2025-10-21T07:43:18","modified_gmt":"2025-10-21T06:43:18","slug":"inseminaciones","status":"publish","type":"page","link":"https:\/\/hypharm.fr\/es\/inseminaciones\/","title":{"rendered":"Inseminaci\u00f3nes"},"content":{"rendered":"<p>[et_pb_section fb_built=\u00bb1&#8243; _builder_version=\u00bb4.16&#8243; background_color=\u00bbrgba(0,0,0,0.33)\u00bb background_image=\u00bbhttps:\/\/hypharm.fr\/wp-content\/uploads\/2020\/07\/header-services.jpg\u00bb background_blend=\u00bboverlay\u00bb custom_padding=\u00bb|7%|7%|7%|false|true\u00bb custom_padding_tablet=\u00bb||15%||false|true\u00bb custom_padding_phone=\u00bb|7%|20%|7%|false|true\u00bb global_colors_info=\u00bb{}\u00bb][et_pb_row module_class=\u00bb et_pb_row_fullwidth\u00bb _builder_version=\u00bb4.16&#8243; custom_padding=\u00bb||0px|||\u00bb make_fullwidth=\u00bbon\u00bb global_colors_info=\u00bb{}\u00bb][et_pb_column type=\u00bb4_4&#8243; _builder_version=\u00bb4.16&#8243; custom_padding=\u00bb|||\u00bb global_colors_info=\u00bb{}\u00bb custom_padding__hover=\u00bb|||\u00bb][et_pb_text _builder_version=\u00bb4.18.0&#8243; text_font=\u00bb||||||||\u00bb header_font=\u00bb||||||||\u00bb header_text_align=\u00bbleft\u00bb header_text_color=\u00bb#ffffff\u00bb header_font_size=\u00bb60px\u00bb header_line_height=\u00bb1.2em\u00bb custom_margin=\u00bb||5px|||\u00bb custom_padding=\u00bb10%||||false|false\u00bb custom_padding_tablet=\u00bb15%||0%||false|false\u00bb custom_padding_phone=\u00bb20%||0%||false|false\u00bb custom_padding_last_edited=\u00bbon|tablet\u00bb header_font_size_tablet=\u00bb60px\u00bb header_font_size_phone=\u00bb45px\u00bb header_font_size_last_edited=\u00bbon|phone\u00bb global_colors_info=\u00bb{}\u00bb]<\/p>\n<h1>Inseminaci\u00f3nes<\/h1>\n<p>[\/et_pb_text][et_pb_text disabled_on=\u00bboff|off|off\u00bb _builder_version=\u00bb4.18.0&#8243; text_font=\u00bb||||||||\u00bb text_text_color=\u00bb#ffffff\u00bb text_font_size=\u00bb22px\u00bb text_line_height=\u00bb1.2em\u00bb width=\u00bb61%\u00bb width_tablet=\u00bb100%\u00bb width_phone=\u00bb\u00bb width_last_edited=\u00bbon|phone\u00bb custom_margin=\u00bb-4px|||||\u00bb custom_padding=\u00bb10px||36px|||\u00bb text_font_size_tablet=\u00bb\u00bb text_font_size_phone=\u00bb\u00bb text_font_size_last_edited=\u00bbon|desktop\u00bb global_colors_info=\u00bb{}\u00bb]<\/p>\n<p>Hypharm cuenta con su propio centro de producci\u00f3n de semen, que por s\u00ed solo suministra 2 millones de dosis anuales, lo que representa toda la producci\u00f3n de semillas de Francia.<\/p>\n<p>[\/et_pb_text][\/et_pb_column][\/et_pb_row][\/et_pb_section][et_pb_section fb_built=\u00bb1&#8243; custom_padding_last_edited=\u00bbon|tablet\u00bb module_id=\u00bbtechnique\u00bb module_class=\u00bbdc-inverser-colonnes&#8211;section\u00bb _builder_version=\u00bb4.16&#8243; background_enable_color=\u00bboff\u00bb background_enable_image=\u00bboff\u00bb background_size=\u00bbinitial\u00bb background_position=\u00bbtop_right\u00bb custom_padding=\u00bb100px|7%|100px|7%|false|true\u00bb custom_padding_tablet=\u00bb100px||100px||false|true\u00bb custom_padding_phone=\u00bb100px|7%|100px|7%|true|false\u00bb bottom_divider_color=\u00bb#f2f2f2&#8243; global_colors_info=\u00bb{}\u00bb][et_pb_row column_structure=\u00bb1_2,1_2&#8243; _builder_version=\u00bb4.27.4&#8243; custom_margin=\u00bb1px|auto||auto|false|false\u00bb custom_margin_tablet=\u00bb\u00bb custom_margin_phone=\u00bb0px||||false|false\u00bb custom_margin_last_edited=\u00bbon|phone\u00bb custom_padding=\u00bb2px||4px||false|false\u00bb global_colors_info=\u00bb{}\u00bb][et_pb_column type=\u00bb1_2&#8243; _builder_version=\u00bb4.27.4&#8243; custom_padding=\u00bb|5%|||false|false\u00bb custom_padding_tablet=\u00bb|0%|||false|false\u00bb custom_padding_phone=\u00bb|0%|||false|false\u00bb custom_padding_last_edited=\u00bbon|tablet\u00bb global_colors_info=\u00bb{}\u00bb][et_pb_text _builder_version=\u00bb4.18.0&#8243; text_font=\u00bb||||||||\u00bb text_text_color=\u00bb#000000&#8243; header_font=\u00bb||||||||\u00bb header_font_size=\u00bb50px\u00bb header_2_font=\u00bb||||||||\u00bb header_2_text_color=\u00bb#ffffff\u00bb header_2_font_size=\u00bb35px\u00bb header_2_line_height=\u00bb1.1em\u00bb header_3_font=\u00bb|700|||||||\u00bb header_3_text_color=\u00bb#ffffff\u00bb header_3_font_size=\u00bb35px\u00bb header_3_line_height=\u00bb1.2em\u00bb header_4_text_align=\u00bbleft\u00bb header_4_text_color=\u00bb#ffffff\u00bb background_color=\u00bb#64a198&#8243; width=\u00bb400px\u00bb width_tablet=\u00bb58%\u00bb width_phone=\u00bb100%\u00bb width_last_edited=\u00bbon|phone\u00bb custom_margin=\u00bb||0px||false|false\u00bb custom_padding=\u00bb30px|30px|150px|30px|false|true\u00bb custom_padding_tablet=\u00bb\u00bb custom_padding_phone=\u00bb30px|30px|100px|30px|false|true\u00bb custom_padding_last_edited=\u00bbon|phone\u00bb header_3_font_size_tablet=\u00bb\u00bb header_3_font_size_phone=\u00bb34px\u00bb header_3_font_size_last_edited=\u00bbon|phone\u00bb border_radii=\u00bb||||\u00bb border_style_all=\u00bbnone\u00bb border_color_top=\u00bb#ffffff\u00bb border_color_right=\u00bb#ffffff\u00bb border_color_bottom=\u00bb#ffffff\u00bb border_color_left=\u00bb#ffffff\u00bb global_colors_info=\u00bb{}\u00bb]<\/p>\n<h3>Inseminaci\u00f3nes<\/h3>\n<p>[\/et_pb_text][et_pb_code _builder_version=\u00bb4.27.4&#8243; _module_preset=\u00bbdefault\u00bb custom_margin=\u00bb-100px|||20px|false|false\u00bb custom_margin_tablet=\u00bb-100px|||20px|false|false\u00bb custom_margin_phone=\u00bb-70px||||false|false\u00bb custom_margin_last_edited=\u00bbon|desktop\u00bb global_colors_info=\u00bb{}\u00bb]<iframe loading=\"lazy\" width=\"560\" height=\"315\" src=\"https:\/\/www.youtube-nocookie.com\/embed\/BzyuInGiM44?si=MaXylZHBn0JCC_yu\" title=\"YouTube video player\" frameborder=\"0\" allow=\"accelerometer; autoplay; clipboard-write; encrypted-media; gyroscope; picture-in-picture; web-share\" referrerpolicy=\"strict-origin-when-cross-origin\" allowfullscreen><\/iframe>[\/et_pb_code][\/et_pb_column][et_pb_column type=\u00bb1_2&#8243; _builder_version=\u00bb4.16&#8243; custom_padding=\u00bb6%||||false|false\u00bb custom_padding_tablet=\u00bb0%||||false|false\u00bb custom_padding_phone=\u00bb\u00bb custom_padding_last_edited=\u00bbon|tablet\u00bb global_colors_info=\u00bb{}\u00bb][et_pb_text _builder_version=\u00bb4.18.0&#8243; text_font=\u00bb||||||||\u00bb text_text_color=\u00bb#000000&#8243; header_font=\u00bb||||||||\u00bb header_font_size=\u00bb50px\u00bb header_2_font=\u00bb||||||||\u00bb header_2_text_color=\u00bb#1d1d1b\u00bb header_2_line_height=\u00bb1.2em\u00bb header_3_font=\u00bb||||||||\u00bb header_3_text_color=\u00bb#ffffff\u00bb header_3_font_size=\u00bb25px\u00bb header_3_line_height=\u00bb1.2em\u00bb header_4_text_align=\u00bbleft\u00bb header_4_text_color=\u00bb#ffffff\u00bb background_color=\u00bb#ffffff\u00bb background_enable_color=\u00bboff\u00bb custom_margin=\u00bb||0px||false|false\u00bb custom_margin_tablet=\u00bb50px||0px||false|false\u00bb custom_margin_phone=\u00bb\u00bb custom_margin_last_edited=\u00bbon|tablet\u00bb custom_padding=\u00bb|0%|0px|0px|false|false\u00bb header_3_font_size_tablet=\u00bb\u00bb header_3_font_size_phone=\u00bb22px\u00bb header_3_font_size_last_edited=\u00bbon|phone\u00bb border_radii=\u00bb||||\u00bb border_style_all=\u00bbnone\u00bb border_color_top=\u00bb#ffffff\u00bb border_color_right=\u00bb#ffffff\u00bb border_color_bottom=\u00bb#ffffff\u00bb border_color_left=\u00bb#ffffff\u00bb global_colors_info=\u00bb{}\u00bb]<\/p>\n<ul>\n<li>Un centro de producci\u00f3n de semen<\/li>\n<li>Control de calidad : Tasa de satisfacci\u00f3n 2024 : 93 %<\/li>\n<li>Servicio t\u00e9cnico\n<ul>\n<li>Respeto de las normas de bioseguridad (acceso \/ salida de naves)<\/li>\n<li>Inseminadores cualificados<\/li>\n<\/ul>\n<\/li>\n<li>Log\u00edstica\n<ul>\n<li>Flota de veh\u00edculos especializados en el transporte de semen (lavados y desinfectado)<\/li>\n<\/ul>\n<\/li>\n<\/ul>\n<p>[\/et_pb_text][et_pb_image src=\u00bbhttps:\/\/hypharm.fr\/wp-content\/uploads\/2020\/06\/gros-trait-vert-clair.svg\u00bb _builder_version=\u00bb4.16&#8243; width=\u00bb100px\u00bb custom_margin=\u00bb11%||||false|false\u00bb custom_margin_tablet=\u00bb50px||||false|false\u00bb custom_margin_phone=\u00bb40px||||false|false\u00bb custom_margin_last_edited=\u00bbon|tablet\u00bb global_colors_info=\u00bb{}\u00bb][\/et_pb_image][\/et_pb_column][\/et_pb_row][\/et_pb_section]<\/p>\n","protected":false},"excerpt":{"rendered":"<p>Inseminaci\u00f3nesHypharm cuenta con su propio centro de producci\u00f3n de semen, que por s\u00ed solo suministra 2 millones de dosis anuales, lo que representa toda la producci\u00f3n de semillas de Francia.Inseminaci\u00f3nes Un centro de producci\u00f3n de semen Control de calidad : Tasa de satisfacci\u00f3n 2024 : 93 % Servicio t\u00e9cnico Respeto de las normas de bioseguridad [&hellip;]<\/p>\n","protected":false},"author":2,"featured_media":0,"parent":0,"menu_order":0,"comment_status":"closed","ping_status":"closed","template":"","meta":{"_et_pb_use_builder":"on","_et_pb_old_content":"<!-- wp:divi\/placeholder \/-->","_et_gb_content_width":"","footnotes":""},"class_list":["post-75363","page","type-page","status-publish","hentry"],"yoast_head":"<!-- This site is optimized with the Yoast SEO plugin v26.4 - https:\/\/yoast.com\/wordpress\/plugins\/seo\/ -->\n<title>Inseminaci\u00f3nes - Hypharm<\/title>\n<meta name=\"robots\" content=\"index, follow, max-snippet:-1, max-image-preview:large, max-video-preview:-1\" \/>\n<link rel=\"canonical\" href=\"https:\/\/hypharm.fr\/es\/inseminaciones\/\" \/>\n<meta property=\"og:locale\" content=\"es_ES\" \/>\n<meta property=\"og:type\" content=\"article\" \/>\n<meta property=\"og:title\" content=\"Inseminaci\u00f3nes - Hypharm\" \/>\n<meta property=\"og:description\" content=\"Inseminaci\u00f3nesHypharm cuenta con su propio centro de producci\u00f3n de semen, que por s\u00ed solo suministra 2 millones de dosis anuales, lo que representa toda la producci\u00f3n de semillas de Francia.Inseminaci\u00f3nes Un centro de producci\u00f3n de semen Control de calidad : Tasa de satisfacci\u00f3n 2024 : 93 % Servicio t\u00e9cnico Respeto de las normas de bioseguridad [&hellip;]\" \/>\n<meta property=\"og:url\" content=\"https:\/\/hypharm.fr\/es\/inseminaciones\/\" \/>\n<meta property=\"og:site_name\" content=\"Hypharm\" \/>\n<meta property=\"article:modified_time\" content=\"2025-10-21T06:43:18+00:00\" \/>\n<meta name=\"twitter:card\" content=\"summary_large_image\" \/>\n<meta name=\"twitter:label1\" content=\"Tiempo de lectura\" \/>\n\t<meta name=\"twitter:data1\" content=\"2 minutos\" \/>\n<script type=\"application\/ld+json\" class=\"yoast-schema-graph\">{\"@context\":\"https:\/\/schema.org\",\"@graph\":[{\"@type\":\"WebPage\",\"@id\":\"https:\/\/hypharm.fr\/es\/inseminaciones\/\",\"url\":\"https:\/\/hypharm.fr\/es\/inseminaciones\/\",\"name\":\"Inseminaci\u00f3nes - Hypharm\",\"isPartOf\":{\"@id\":\"https:\/\/hypharm.fr\/es\/#website\"},\"datePublished\":\"2024-11-05T20:08:34+00:00\",\"dateModified\":\"2025-10-21T06:43:18+00:00\",\"breadcrumb\":{\"@id\":\"https:\/\/hypharm.fr\/es\/inseminaciones\/#breadcrumb\"},\"inLanguage\":\"es\",\"potentialAction\":[{\"@type\":\"ReadAction\",\"target\":[\"https:\/\/hypharm.fr\/es\/inseminaciones\/\"]}]},{\"@type\":\"BreadcrumbList\",\"@id\":\"https:\/\/hypharm.fr\/es\/inseminaciones\/#breadcrumb\",\"itemListElement\":[{\"@type\":\"ListItem\",\"position\":1,\"name\":\"Accueil\",\"item\":\"https:\/\/hypharm.fr\/es\/\"},{\"@type\":\"ListItem\",\"position\":2,\"name\":\"Inseminaci\u00f3nes\"}]},{\"@type\":\"WebSite\",\"@id\":\"https:\/\/hypharm.fr\/es\/#website\",\"url\":\"https:\/\/hypharm.fr\/es\/\",\"name\":\"Hypharm\",\"description\":\"Prendre soin de la vie\",\"publisher\":{\"@id\":\"https:\/\/hypharm.fr\/es\/#organization\"},\"potentialAction\":[{\"@type\":\"SearchAction\",\"target\":{\"@type\":\"EntryPoint\",\"urlTemplate\":\"https:\/\/hypharm.fr\/es\/?s={search_term_string}\"},\"query-input\":{\"@type\":\"PropertyValueSpecification\",\"valueRequired\":true,\"valueName\":\"search_term_string\"}}],\"inLanguage\":\"es\"},{\"@type\":\"Organization\",\"@id\":\"https:\/\/hypharm.fr\/es\/#organization\",\"name\":\"Hypharm\",\"url\":\"https:\/\/hypharm.fr\/es\/\",\"logo\":{\"@type\":\"ImageObject\",\"inLanguage\":\"es\",\"@id\":\"https:\/\/hypharm.fr\/es\/#\/schema\/logo\/image\/\",\"url\":\"https:\/\/hypharm.fr\/wp-content\/uploads\/2020\/07\/logo-hypharm-horizontal.svg\",\"contentUrl\":\"https:\/\/hypharm.fr\/wp-content\/uploads\/2020\/07\/logo-hypharm-horizontal.svg\",\"width\":310,\"height\":77,\"caption\":\"Hypharm\"},\"image\":{\"@id\":\"https:\/\/hypharm.fr\/es\/#\/schema\/logo\/image\/\"}}]}<\/script>\n<!-- \/ Yoast SEO plugin. -->","yoast_head_json":{"title":"Inseminaci\u00f3nes - Hypharm","robots":{"index":"index","follow":"follow","max-snippet":"max-snippet:-1","max-image-preview":"max-image-preview:large","max-video-preview":"max-video-preview:-1"},"canonical":"https:\/\/hypharm.fr\/es\/inseminaciones\/","og_locale":"es_ES","og_type":"article","og_title":"Inseminaci\u00f3nes - Hypharm","og_description":"Inseminaci\u00f3nesHypharm cuenta con su propio centro de producci\u00f3n de semen, que por s\u00ed solo suministra 2 millones de dosis anuales, lo que representa toda la producci\u00f3n de semillas de Francia.Inseminaci\u00f3nes Un centro de producci\u00f3n de semen Control de calidad : Tasa de satisfacci\u00f3n 2024 : 93 % Servicio t\u00e9cnico Respeto de las normas de bioseguridad [&hellip;]","og_url":"https:\/\/hypharm.fr\/es\/inseminaciones\/","og_site_name":"Hypharm","article_modified_time":"2025-10-21T06:43:18+00:00","twitter_card":"summary_large_image","twitter_misc":{"Tiempo de lectura":"2 minutos"},"schema":{"@context":"https:\/\/schema.org","@graph":[{"@type":"WebPage","@id":"https:\/\/hypharm.fr\/es\/inseminaciones\/","url":"https:\/\/hypharm.fr\/es\/inseminaciones\/","name":"Inseminaci\u00f3nes - Hypharm","isPartOf":{"@id":"https:\/\/hypharm.fr\/es\/#website"},"datePublished":"2024-11-05T20:08:34+00:00","dateModified":"2025-10-21T06:43:18+00:00","breadcrumb":{"@id":"https:\/\/hypharm.fr\/es\/inseminaciones\/#breadcrumb"},"inLanguage":"es","potentialAction":[{"@type":"ReadAction","target":["https:\/\/hypharm.fr\/es\/inseminaciones\/"]}]},{"@type":"BreadcrumbList","@id":"https:\/\/hypharm.fr\/es\/inseminaciones\/#breadcrumb","itemListElement":[{"@type":"ListItem","position":1,"name":"Accueil","item":"https:\/\/hypharm.fr\/es\/"},{"@type":"ListItem","position":2,"name":"Inseminaci\u00f3nes"}]},{"@type":"WebSite","@id":"https:\/\/hypharm.fr\/es\/#website","url":"https:\/\/hypharm.fr\/es\/","name":"Hypharm","description":"Prendre soin de la vie","publisher":{"@id":"https:\/\/hypharm.fr\/es\/#organization"},"potentialAction":[{"@type":"SearchAction","target":{"@type":"EntryPoint","urlTemplate":"https:\/\/hypharm.fr\/es\/?s={search_term_string}"},"query-input":{"@type":"PropertyValueSpecification","valueRequired":true,"valueName":"search_term_string"}}],"inLanguage":"es"},{"@type":"Organization","@id":"https:\/\/hypharm.fr\/es\/#organization","name":"Hypharm","url":"https:\/\/hypharm.fr\/es\/","logo":{"@type":"ImageObject","inLanguage":"es","@id":"https:\/\/hypharm.fr\/es\/#\/schema\/logo\/image\/","url":"https:\/\/hypharm.fr\/wp-content\/uploads\/2020\/07\/logo-hypharm-horizontal.svg","contentUrl":"https:\/\/hypharm.fr\/wp-content\/uploads\/2020\/07\/logo-hypharm-horizontal.svg","width":310,"height":77,"caption":"Hypharm"},"image":{"@id":"https:\/\/hypharm.fr\/es\/#\/schema\/logo\/image\/"}}]}},"_links":{"self":[{"href":"https:\/\/hypharm.fr\/es\/wp-json\/wp\/v2\/pages\/75363","targetHints":{"allow":["GET"]}}],"collection":[{"href":"https:\/\/hypharm.fr\/es\/wp-json\/wp\/v2\/pages"}],"about":[{"href":"https:\/\/hypharm.fr\/es\/wp-json\/wp\/v2\/types\/page"}],"author":[{"embeddable":true,"href":"https:\/\/hypharm.fr\/es\/wp-json\/wp\/v2\/users\/2"}],"replies":[{"embeddable":true,"href":"https:\/\/hypharm.fr\/es\/wp-json\/wp\/v2\/comments?post=75363"}],"version-history":[{"count":0,"href":"https:\/\/hypharm.fr\/es\/wp-json\/wp\/v2\/pages\/75363\/revisions"}],"wp:attachment":[{"href":"https:\/\/hypharm.fr\/es\/wp-json\/wp\/v2\/media?parent=75363"}],"curies":[{"name":"wp","href":"https:\/\/api.w.org\/{rel}","templated":true}]}}